{"id":127459,"date":"2025-05-18T22:11:22","date_gmt":"2025-05-18T22:11:22","guid":{"rendered":"https:\/\/staging2.stylingagenten.com\/fi\/produkt\/paul-mitchell-extra-body-sculpting-gel-200ml\/"},"modified":"2026-03-11T21:50:52","modified_gmt":"2026-03-11T21:50:52","slug":"paul-mitchell-extra-body-sculpting-gel-200ml","status":"publish","type":"product","link":"https:\/\/stylingagenten.com\/fi\/tuote\/paul-mitchell-extra-body-sculpting-gel-200ml\/","title":{"rendered":"Paul Mitchell Extra Body Sculpting Gel 200ml"},"content":{"rendered":"<p>Extra-Body Sculpting Gel&reg;<\/p>\n<p>Tekee volyymia ja t\u00e4ytel\u00e4isyytt\u00e4.<br \/>S\u00e4ilytt\u00e4\u00e4 hiusten luonnollisen kosteuden ja antaa syv\u00e4n kiillon.<br \/>Painoa v\u00e4hemm\u00e4n &auml;tavallinen geeli&amp;eacute ;er .<\/p>\n","protected":false},"excerpt":{"rendered":"<p>Extra-Body Sculpting Gel&reg; Tekee volyymia ja t\u00e4ytel\u00e4isyytt\u00e4.S\u00e4ilytt\u00e4\u00e4 hiusten luonnollisen kosteuden ja antaa syv\u00e4n kiillon.Painoa v\u00e4hemm\u00e4n &auml;tavallinen geeli&amp;eacute ;er .<\/p>\n","protected":false},"featured_media":127450,"comment_status":"open","ping_status":"closed","template":"","meta":{"_trash_the_other_posts":false},"product_brand":[],"product_cat":[546],"product_tag":[],"berocket_brand":[1053],"class_list":{"0":"post-127459","1":"product","2":"type-product","3":"status-publish","4":"has-post-thumbnail","6":"product_cat-harstyling","7":"pa_brand-paul-mitchell","8":"berocket_brand-paul-mitchell","10":"first","11":"instock","12":"sale","13":"taxable","14":"shipping-taxable","15":"purchasable","16":"product-type-simple"},"_links":{"self":[{"href":"https:\/\/stylingagenten.com\/fi\/wp-json\/wp\/v2\/product\/127459","targetHints":{"allow":["GET"]}}],"collection":[{"href":"https:\/\/stylingagenten.com\/fi\/wp-json\/wp\/v2\/product"}],"about":[{"href":"https:\/\/stylingagenten.com\/fi\/wp-json\/wp\/v2\/types\/product"}],"replies":[{"embeddable":true,"href":"https:\/\/stylingagenten.com\/fi\/wp-json\/wp\/v2\/comments?post=127459"}],"version-history":[{"count":0,"href":"https:\/\/stylingagenten.com\/fi\/wp-json\/wp\/v2\/product\/127459\/revisions"}],"wp:featuredmedia":[{"embeddable":true,"href":"https:\/\/stylingagenten.com\/fi\/wp-json\/wp\/v2\/media\/127450"}],"wp:attachment":[{"href":"https:\/\/stylingagenten.com\/fi\/wp-json\/wp\/v2\/media?parent=127459"}],"wp:term":[{"taxonomy":"product_brand","embeddable":true,"href":"https:\/\/stylingagenten.com\/fi\/wp-json\/wp\/v2\/product_brand?post=127459"},{"taxonomy":"product_cat","embeddable":true,"href":"https:\/\/stylingagenten.com\/fi\/wp-json\/wp\/v2\/product_cat?post=127459"},{"taxonomy":"product_tag","embeddable":true,"href":"https:\/\/stylingagenten.com\/fi\/wp-json\/wp\/v2\/product_tag?post=127459"},{"taxonomy":"berocket_brand","embeddable":true,"href":"https:\/\/stylingagenten.com\/fi\/wp-json\/wp\/v2\/berocket_brand?post=127459"}],"curies":[{"name":"wp","href":"https:\/\/api.w.org\/{rel}","templated":true}]}}