{"id":127392,"date":"2025-05-18T22:11:06","date_gmt":"2025-05-18T22:11:06","guid":{"rendered":"https:\/\/staging2.stylingagenten.com\/fi\/produkt\/paul-mitchell-kids-taming-spray-250ml\/"},"modified":"2026-03-28T18:08:40","modified_gmt":"2026-03-28T18:08:40","slug":"paul-mitchell-kids-taming-spray-250ml","status":"publish","type":"product","link":"https:\/\/stylingagenten.com\/fi\/tuote\/paul-mitchell-kids-taming-spray-250ml\/","title":{"rendered":"Paul Mitchell Kids Taming Spray 250ml"},"content":{"rendered":"<p>Taming Spray on erityisesti lapsille kehitetty hoitosuihke.<br \/>Suihke irrottaa tehokkaasti takkuja ja hiuksista tulee pehme\u00e4t ja kiilt\u00e4v\u00e4t. Voidaan k\u00e4ytt\u00e4\u00e4 sek\u00e4 kuivissa ett\u00e4 m\u00e4riss\u00e4 hiuksissa.<\/p>\n","protected":false},"excerpt":{"rendered":"<p>Taming Spray on erityisesti lapsille kehitetty hoitosuihke.Suihke irrottaa tehokkaasti takkuja ja hiuksista tulee pehme\u00e4t ja kiilt\u00e4v\u00e4t. Voidaan k\u00e4ytt\u00e4\u00e4 sek\u00e4 kuivissa ett\u00e4 m\u00e4riss\u00e4 hiuksissa.<\/p>\n","protected":false},"featured_media":437925,"comment_status":"open","ping_status":"closed","template":"","meta":{"_trash_the_other_posts":false},"product_brand":[],"product_cat":[546],"product_tag":[],"berocket_brand":[1053],"class_list":{"0":"post-127392","1":"product","2":"type-product","3":"status-publish","4":"has-post-thumbnail","6":"product_cat-harstyling","7":"pa_brand-paul-mitchell","8":"berocket_brand-paul-mitchell","10":"first","11":"outofstock","12":"sale","13":"taxable","14":"shipping-taxable","15":"purchasable","16":"product-type-simple"},"_links":{"self":[{"href":"https:\/\/stylingagenten.com\/fi\/wp-json\/wp\/v2\/product\/127392","targetHints":{"allow":["GET"]}}],"collection":[{"href":"https:\/\/stylingagenten.com\/fi\/wp-json\/wp\/v2\/product"}],"about":[{"href":"https:\/\/stylingagenten.com\/fi\/wp-json\/wp\/v2\/types\/product"}],"replies":[{"embeddable":true,"href":"https:\/\/stylingagenten.com\/fi\/wp-json\/wp\/v2\/comments?post=127392"}],"version-history":[{"count":0,"href":"https:\/\/stylingagenten.com\/fi\/wp-json\/wp\/v2\/product\/127392\/revisions"}],"wp:featuredmedia":[{"embeddable":true,"href":"https:\/\/stylingagenten.com\/fi\/wp-json\/wp\/v2\/media\/437925"}],"wp:attachment":[{"href":"https:\/\/stylingagenten.com\/fi\/wp-json\/wp\/v2\/media?parent=127392"}],"wp:term":[{"taxonomy":"product_brand","embeddable":true,"href":"https:\/\/stylingagenten.com\/fi\/wp-json\/wp\/v2\/product_brand?post=127392"},{"taxonomy":"product_cat","embeddable":true,"href":"https:\/\/stylingagenten.com\/fi\/wp-json\/wp\/v2\/product_cat?post=127392"},{"taxonomy":"product_tag","embeddable":true,"href":"https:\/\/stylingagenten.com\/fi\/wp-json\/wp\/v2\/product_tag?post=127392"},{"taxonomy":"berocket_brand","embeddable":true,"href":"https:\/\/stylingagenten.com\/fi\/wp-json\/wp\/v2\/berocket_brand?post=127392"}],"curies":[{"name":"wp","href":"https:\/\/api.w.org\/{rel}","templated":true}]}}