{"id":127364,"date":"2025-05-18T22:10:59","date_gmt":"2025-05-18T22:10:59","guid":{"rendered":"https:\/\/staging2.stylingagenten.com\/fi\/produkt\/wella-eimi-rugged-texture-matte-paste-75ml\/"},"modified":"2026-04-10T15:57:26","modified_gmt":"2026-04-10T15:57:26","slug":"wella-eimi-rugged-texture-matte-paste-75ml","status":"publish","type":"product","link":"https:\/\/stylingagenten.com\/fi\/tuote\/wella-eimi-rugged-texture-matte-paste-75ml\/","title":{"rendered":"Wella EIMI Rugged Texture Matte Paste 75ml"},"content":{"rendered":"<p>Wella EIMI Rugged Texture Matte Paste on mattavoide, joka antaa hiuksillesi ter\u00e4v\u00e4n m\u00e4\u00e4ritelm\u00e4n ja kiinteyden.<br \/>Toimi kuiviin hiuksiin, muotoile ja luo ulkon\u00e4k\u00f6 karkealla ja mattapintaisella pinnalla.<\/p>\n<p>Hold Level : 3\/4<\/p>\n","protected":false},"excerpt":{"rendered":"<p>Wella EIMI Rugged Texture Matte Paste on mattavoide, joka antaa hiuksillesi ter\u00e4v\u00e4n m\u00e4\u00e4ritelm\u00e4n ja kiinteyden.Toimi kuiviin hiuksiin, muotoile ja luo ulkon\u00e4k\u00f6 karkealla ja mattapintaisella pinnalla. Hold Level : 3\/4<\/p>\n","protected":false},"featured_media":127361,"comment_status":"open","ping_status":"closed","template":"","meta":{"_trash_the_other_posts":false},"product_brand":[],"product_cat":[546],"product_tag":[],"berocket_brand":[1030],"class_list":{"0":"post-127364","1":"product","2":"type-product","3":"status-publish","4":"has-post-thumbnail","6":"product_cat-harstyling","7":"pa_brand-wella","8":"berocket_brand-wella","10":"first","11":"instock","12":"sale","13":"taxable","14":"shipping-taxable","15":"purchasable","16":"product-type-simple"},"_links":{"self":[{"href":"https:\/\/stylingagenten.com\/fi\/wp-json\/wp\/v2\/product\/127364","targetHints":{"allow":["GET"]}}],"collection":[{"href":"https:\/\/stylingagenten.com\/fi\/wp-json\/wp\/v2\/product"}],"about":[{"href":"https:\/\/stylingagenten.com\/fi\/wp-json\/wp\/v2\/types\/product"}],"replies":[{"embeddable":true,"href":"https:\/\/stylingagenten.com\/fi\/wp-json\/wp\/v2\/comments?post=127364"}],"version-history":[{"count":0,"href":"https:\/\/stylingagenten.com\/fi\/wp-json\/wp\/v2\/product\/127364\/revisions"}],"wp:featuredmedia":[{"embeddable":true,"href":"https:\/\/stylingagenten.com\/fi\/wp-json\/wp\/v2\/media\/127361"}],"wp:attachment":[{"href":"https:\/\/stylingagenten.com\/fi\/wp-json\/wp\/v2\/media?parent=127364"}],"wp:term":[{"taxonomy":"product_brand","embeddable":true,"href":"https:\/\/stylingagenten.com\/fi\/wp-json\/wp\/v2\/product_brand?post=127364"},{"taxonomy":"product_cat","embeddable":true,"href":"https:\/\/stylingagenten.com\/fi\/wp-json\/wp\/v2\/product_cat?post=127364"},{"taxonomy":"product_tag","embeddable":true,"href":"https:\/\/stylingagenten.com\/fi\/wp-json\/wp\/v2\/product_tag?post=127364"},{"taxonomy":"berocket_brand","embeddable":true,"href":"https:\/\/stylingagenten.com\/fi\/wp-json\/wp\/v2\/berocket_brand?post=127364"}],"curies":[{"name":"wp","href":"https:\/\/api.w.org\/{rel}","templated":true}]}}