{"id":127340,"date":"2025-05-18T22:10:53","date_gmt":"2025-05-18T22:10:53","guid":{"rendered":"https:\/\/staging2.stylingagenten.com\/fi\/produkt\/kevin-murphy-anti-gravity-150ml\/"},"modified":"2026-03-11T21:58:38","modified_gmt":"2026-03-11T21:58:38","slug":"kevin-murphy-anti-gravity-150ml","status":"publish","type":"product","link":"https:\/\/stylingagenten.com\/fi\/tuote\/kevin-murphy-anti-gravity-150ml\/","title":{"rendered":"Kevin Murphy Anti Gravity 150ml"},"content":{"rendered":"<p>Luo maailmasta poikkeavia tyylej\u00e4 t\u00e4ll\u00e4 painottomalla ANTI.GRAVITY lotionilla.<br \/>T\u00e4ll\u00e4 \u00f6ljytt\u00f6m\u00e4ll\u00e4 volyymivoiteella ja teksturointiaineella voit luoda v\u00e4litt\u00f6m\u00e4sti isompia ja paksumpia hiuksia.<br \/>Se auttaa pit\u00e4\u00e4 hiustyylisi yll\u00e4; paikka olipa se pitk\u00e4, lyhyt, kaareva tai puhallettu.<br \/>Ottaa hallintaansa; lent\u00e4\u00e4 hiukset ja antaa kiiltoa, UV-suojaa ja painotonta volyymia.<\/p>\n<p>sulfaattia, parabeeni\u00e4 ja cruelty-free<\/p>\n","protected":false},"excerpt":{"rendered":"<p>Luo maailmasta poikkeavia tyylej\u00e4 t\u00e4ll\u00e4 painottomalla ANTI.GRAVITY lotionilla.T\u00e4ll\u00e4 \u00f6ljytt\u00f6m\u00e4ll\u00e4 volyymivoiteella ja teksturointiaineella voit luoda v\u00e4litt\u00f6m\u00e4sti isompia ja paksumpia hiuksia.Se auttaa pit\u00e4\u00e4 hiustyylisi yll\u00e4; paikka olipa se pitk\u00e4, lyhyt, kaareva tai puhallettu.Ottaa hallintaansa; lent\u00e4\u00e4 hiukset ja antaa kiiltoa, UV-suojaa ja painotonta volyymia. sulfaattia, parabeeni\u00e4 ja cruelty-free<\/p>\n","protected":false},"featured_media":127336,"comment_status":"open","ping_status":"closed","template":"","meta":{"_trash_the_other_posts":false},"product_brand":[],"product_cat":[546],"product_tag":[3120],"berocket_brand":[1165],"class_list":{"0":"post-127340","1":"product","2":"type-product","3":"status-publish","4":"has-post-thumbnail","6":"product_cat-harstyling","7":"product_tag-kevin-murphy-anti-gravity","8":"pa_brand-kevin-murphy","9":"pa_variantti-150ml","10":"berocket_brand-kevin-murphy","12":"first","13":"instock","14":"sale","15":"taxable","16":"shipping-taxable","17":"purchasable","18":"product-type-simple"},"_links":{"self":[{"href":"https:\/\/stylingagenten.com\/fi\/wp-json\/wp\/v2\/product\/127340","targetHints":{"allow":["GET"]}}],"collection":[{"href":"https:\/\/stylingagenten.com\/fi\/wp-json\/wp\/v2\/product"}],"about":[{"href":"https:\/\/stylingagenten.com\/fi\/wp-json\/wp\/v2\/types\/product"}],"replies":[{"embeddable":true,"href":"https:\/\/stylingagenten.com\/fi\/wp-json\/wp\/v2\/comments?post=127340"}],"version-history":[{"count":0,"href":"https:\/\/stylingagenten.com\/fi\/wp-json\/wp\/v2\/product\/127340\/revisions"}],"wp:featuredmedia":[{"embeddable":true,"href":"https:\/\/stylingagenten.com\/fi\/wp-json\/wp\/v2\/media\/127336"}],"wp:attachment":[{"href":"https:\/\/stylingagenten.com\/fi\/wp-json\/wp\/v2\/media?parent=127340"}],"wp:term":[{"taxonomy":"product_brand","embeddable":true,"href":"https:\/\/stylingagenten.com\/fi\/wp-json\/wp\/v2\/product_brand?post=127340"},{"taxonomy":"product_cat","embeddable":true,"href":"https:\/\/stylingagenten.com\/fi\/wp-json\/wp\/v2\/product_cat?post=127340"},{"taxonomy":"product_tag","embeddable":true,"href":"https:\/\/stylingagenten.com\/fi\/wp-json\/wp\/v2\/product_tag?post=127340"},{"taxonomy":"berocket_brand","embeddable":true,"href":"https:\/\/stylingagenten.com\/fi\/wp-json\/wp\/v2\/berocket_brand?post=127340"}],"curies":[{"name":"wp","href":"https:\/\/api.w.org\/{rel}","templated":true}]}}