{"id":127310,"date":"2025-05-18T22:10:43","date_gmt":"2025-05-18T22:10:43","guid":{"rendered":"https:\/\/staging2.stylingagenten.com\/fi\/produkt\/goldwell-dualsenses-ultra-volume-bodifying-spray-150ml\/"},"modified":"2026-04-09T18:38:37","modified_gmt":"2026-04-09T18:38:37","slug":"goldwell-dualsenses-ultra-volume-bodifying-spray-150ml","status":"publish","type":"product","link":"https:\/\/stylingagenten.com\/fi\/tuote\/goldwell-dualsenses-ultra-volume-bodifying-spray-150ml\/","title":{"rendered":"Goldwell Dualsenses Ultra Volume Bodifying Spray 150ml"},"content":{"rendered":"<p>Goldwell Dualsenses Ultra Volume Bodifying Spray on volyymia lis\u00e4\u00e4v\u00e4 hiuksiin j\u00e4tett\u00e4v\u00e4 suihke, joka vahvistaa ja antaa t\u00e4ytel\u00e4isyytt\u00e4 ohuille ja ohuille hiuksille. Ihoa lis\u00e4\u00e4v\u00e4 suihke lis\u00e4\u00e4 keveytt\u00e4 ja parantaa hiusten joustavuutta vahvistaen samalla hiuskuituja ja helpottaen kampaamista. Koostumus on kehitetty sis\u00e4\u00e4nrakennetulla v\u00e4risuojalla est\u00e4m\u00e4\u00e4n haalistumista, ja se k\u00e4ytt\u00e4\u00e4 vahvistavaa riisiproteiinia lis\u00e4\u00e4m\u00e4\u00e4n volyymia ja luomaan n\u00e4kyv\u00e4sti paksumpia hiuksia.<\/p>\n","protected":false},"excerpt":{"rendered":"<p>Goldwell Dualsenses Ultra Volume Bodifying Spray on volyymia lis\u00e4\u00e4v\u00e4 hiuksiin j\u00e4tett\u00e4v\u00e4 suihke, joka vahvistaa ja antaa t\u00e4ytel\u00e4isyytt\u00e4 ohuille ja ohuille hiuksille. Ihoa lis\u00e4\u00e4v\u00e4 suihke lis\u00e4\u00e4 keveytt\u00e4 ja parantaa hiusten joustavuutta vahvistaen samalla hiuskuituja ja helpottaen kampaamista. Koostumus on kehitetty sis\u00e4\u00e4nrakennetulla v\u00e4risuojalla est\u00e4m\u00e4\u00e4n haalistumista, ja se k\u00e4ytt\u00e4\u00e4 vahvistavaa riisiproteiinia lis\u00e4\u00e4m\u00e4\u00e4n volyymia ja luomaan n\u00e4kyv\u00e4sti paksumpia hiuksia.<\/p>\n","protected":false},"featured_media":127308,"comment_status":"open","ping_status":"closed","template":"","meta":{"_trash_the_other_posts":false},"product_brand":[],"product_cat":[546],"product_tag":[],"berocket_brand":[1328],"class_list":{"0":"post-127310","1":"product","2":"type-product","3":"status-publish","4":"has-post-thumbnail","6":"product_cat-harstyling","7":"pa_brand-goldwell","8":"berocket_brand-goldwell","10":"first","11":"instock","12":"sale","13":"taxable","14":"shipping-taxable","15":"purchasable","16":"product-type-simple"},"_links":{"self":[{"href":"https:\/\/stylingagenten.com\/fi\/wp-json\/wp\/v2\/product\/127310","targetHints":{"allow":["GET"]}}],"collection":[{"href":"https:\/\/stylingagenten.com\/fi\/wp-json\/wp\/v2\/product"}],"about":[{"href":"https:\/\/stylingagenten.com\/fi\/wp-json\/wp\/v2\/types\/product"}],"replies":[{"embeddable":true,"href":"https:\/\/stylingagenten.com\/fi\/wp-json\/wp\/v2\/comments?post=127310"}],"version-history":[{"count":0,"href":"https:\/\/stylingagenten.com\/fi\/wp-json\/wp\/v2\/product\/127310\/revisions"}],"wp:featuredmedia":[{"embeddable":true,"href":"https:\/\/stylingagenten.com\/fi\/wp-json\/wp\/v2\/media\/127308"}],"wp:attachment":[{"href":"https:\/\/stylingagenten.com\/fi\/wp-json\/wp\/v2\/media?parent=127310"}],"wp:term":[{"taxonomy":"product_brand","embeddable":true,"href":"https:\/\/stylingagenten.com\/fi\/wp-json\/wp\/v2\/product_brand?post=127310"},{"taxonomy":"product_cat","embeddable":true,"href":"https:\/\/stylingagenten.com\/fi\/wp-json\/wp\/v2\/product_cat?post=127310"},{"taxonomy":"product_tag","embeddable":true,"href":"https:\/\/stylingagenten.com\/fi\/wp-json\/wp\/v2\/product_tag?post=127310"},{"taxonomy":"berocket_brand","embeddable":true,"href":"https:\/\/stylingagenten.com\/fi\/wp-json\/wp\/v2\/berocket_brand?post=127310"}],"curies":[{"name":"wp","href":"https:\/\/api.w.org\/{rel}","templated":true}]}}