{"id":127288,"date":"2025-05-18T22:10:37","date_gmt":"2025-05-18T22:10:37","guid":{"rendered":"https:\/\/staging2.stylingagenten.com\/fi\/produkt\/ellwo-moisturizing-leave-in-cream-250ml\/"},"modified":"2026-04-07T08:39:07","modified_gmt":"2026-04-07T08:39:07","slug":"ellwo-moisturizing-leave-in-cream-250ml","status":"publish","type":"product","link":"https:\/\/stylingagenten.com\/fi\/tuote\/ellwo-moisturizing-leave-in-cream-250ml\/","title":{"rendered":"Ellwo Moisturizing Leave-in Cream 250ml"},"content":{"rendered":"<p>Ellwo Moisturizing Leave-in Cream on tutkiva voide, joka pehment\u00e4\u00e4 ja kosteuttaa hiuksia syvyys. Voide suojaa f\u00f6\u00f6ni\u00e4 tai silitysrautaa k\u00e4ytett\u00e4ess\u00e4. Rikastettu avokado\u00f6ljyll\u00e4, omena\u00f6ljyll\u00e4 ja auringonkukka\u00f6ljyll\u00e4.<\/p>\n<p>Sulfaatti- ja parabeeniton<br \/>vegaaninen<br \/>l\u00e4mm\u00f6lt\u00e4 suojaava<\/p>\n","protected":false},"excerpt":{"rendered":"<p>Ellwo Moisturizing Leave-in Cream on tutkiva voide, joka pehment\u00e4\u00e4 ja kosteuttaa hiuksia syvyys. Voide suojaa f\u00f6\u00f6ni\u00e4 tai silitysrautaa k\u00e4ytett\u00e4ess\u00e4. Rikastettu avokado\u00f6ljyll\u00e4, omena\u00f6ljyll\u00e4 ja auringonkukka\u00f6ljyll\u00e4. Sulfaatti- ja parabeenitonvegaaninenl\u00e4mm\u00f6lt\u00e4 suojaava<\/p>\n","protected":false},"featured_media":127286,"comment_status":"open","ping_status":"closed","template":"","meta":{"_trash_the_other_posts":false},"product_brand":[],"product_cat":[546],"product_tag":[],"berocket_brand":[1305],"class_list":{"0":"post-127288","1":"product","2":"type-product","3":"status-publish","4":"has-post-thumbnail","6":"product_cat-harstyling","7":"pa_brand-ellwo-professional","8":"berocket_brand-ellwo-professional","10":"first","11":"instock","12":"sale","13":"taxable","14":"shipping-taxable","15":"purchasable","16":"product-type-simple"},"_links":{"self":[{"href":"https:\/\/stylingagenten.com\/fi\/wp-json\/wp\/v2\/product\/127288","targetHints":{"allow":["GET"]}}],"collection":[{"href":"https:\/\/stylingagenten.com\/fi\/wp-json\/wp\/v2\/product"}],"about":[{"href":"https:\/\/stylingagenten.com\/fi\/wp-json\/wp\/v2\/types\/product"}],"replies":[{"embeddable":true,"href":"https:\/\/stylingagenten.com\/fi\/wp-json\/wp\/v2\/comments?post=127288"}],"version-history":[{"count":0,"href":"https:\/\/stylingagenten.com\/fi\/wp-json\/wp\/v2\/product\/127288\/revisions"}],"wp:featuredmedia":[{"embeddable":true,"href":"https:\/\/stylingagenten.com\/fi\/wp-json\/wp\/v2\/media\/127286"}],"wp:attachment":[{"href":"https:\/\/stylingagenten.com\/fi\/wp-json\/wp\/v2\/media?parent=127288"}],"wp:term":[{"taxonomy":"product_brand","embeddable":true,"href":"https:\/\/stylingagenten.com\/fi\/wp-json\/wp\/v2\/product_brand?post=127288"},{"taxonomy":"product_cat","embeddable":true,"href":"https:\/\/stylingagenten.com\/fi\/wp-json\/wp\/v2\/product_cat?post=127288"},{"taxonomy":"product_tag","embeddable":true,"href":"https:\/\/stylingagenten.com\/fi\/wp-json\/wp\/v2\/product_tag?post=127288"},{"taxonomy":"berocket_brand","embeddable":true,"href":"https:\/\/stylingagenten.com\/fi\/wp-json\/wp\/v2\/berocket_brand?post=127288"}],"curies":[{"name":"wp","href":"https:\/\/api.w.org\/{rel}","templated":true}]}}