{"id":127250,"date":"2025-05-18T22:10:28","date_gmt":"2025-05-18T22:10:28","guid":{"rendered":"https:\/\/staging2.stylingagenten.com\/fi\/produkt\/color-wow-dream-coat-supernatural-spray-500ml\/"},"modified":"2026-04-08T22:27:27","modified_gmt":"2026-04-08T22:27:27","slug":"color-wow-dream-coat-supernatural-spray-500ml","status":"publish","type":"product","link":"https:\/\/stylingagenten.com\/fi\/tuote\/color-wow-dream-coat-supernatural-spray-500ml\/","title":{"rendered":"Color Wow Dream Coat Supernatural Spray 500ml"},"content":{"rendered":"<p>Mert\u00e4v\u00e4 kosteustiiviste, joka est\u00e4\u00e4 hiuksista muodostumasta p\u00f6rr\u00f6pommiksi m\u00e4r\u00e4ll\u00e4 ja kostealla s\u00e4\u00e4ll\u00e4. Aktivoituu l\u00e4mm\u00f6ll\u00e4 ja kest\u00e4\u00e4 jopa 3 pesukertaa.&nbsp;<\/p>\n<p>V\u00e4rikemikaalit j\u00e4tt\u00e4v\u00e4t hiukset huokoisiksi ja alttiiksi kosteudelle. Kosteus ty\u00f6ntyy sis\u00e4\u00e4n ja hiukset tulevat turvonneiksi ja p\u00f6rr\u00f6isiksi! Uuden tekstiiliteknologian inspiroima DREAM COAT peitt\u00e4\u00e4 jokaisen hiuskoon; n\u00e4kym\u00e4tt\u00f6m\u00e4ll\u00e4 vedeneristyksell\u00e4. L\u00e4mp\u00f6aktivoitu polymeeri puristaa, venytt\u00e4\u00e4 ja repii syd\u00e4men kielet. Hiukset ovat sile\u00e4t, pehme\u00e4t ja silkkiset. Toisin kuin tyypillinen &#8221;kosteussuoja&#8221;; -seerumi, Dream Coat ei &rdquo;rakentu&aring;&rdquo; hiuksissa, mik\u00e4 painaa hiuksia tai tekee niist\u00e4 rasvaisia. Vaikutus kest\u00e4\u00e4 jopa 3 shampoopesua.<\/p>\n<p>K\u00e4ytt\u00f6: Levit\u00e4 tuotetta juuri pestyihin ja pyyhekuiviin hiuksiin jakamalla hiukset osiin. Suihkuta jokainen osa runsaasti ja kampaa l\u00e4pi. Kampaa jokaisen osan l\u00e4pi k\u00e4ytt\u00e4m\u00e4ll\u00e4 harjaa pit\u00e4\u00e4ksesi hiukset kirein\u00e4. Aktivoituu l\u00e4mm\u00f6ll\u00e4.<\/p>\n<p><\/p>\n","protected":false},"excerpt":{"rendered":"<p>Mert\u00e4v\u00e4 kosteustiiviste, joka est\u00e4\u00e4 hiuksista muodostumasta p\u00f6rr\u00f6pommiksi m\u00e4r\u00e4ll\u00e4 ja kostealla s\u00e4\u00e4ll\u00e4. Aktivoituu l\u00e4mm\u00f6ll\u00e4 ja kest\u00e4\u00e4 jopa 3 pesukertaa.&nbsp; V\u00e4rikemikaalit j\u00e4tt\u00e4v\u00e4t hiukset huokoisiksi ja alttiiksi kosteudelle. Kosteus ty\u00f6ntyy sis\u00e4\u00e4n ja hiukset tulevat turvonneiksi ja p\u00f6rr\u00f6isiksi! Uuden tekstiiliteknologian inspiroima DREAM COAT peitt\u00e4\u00e4 jokaisen hiuskoon; n\u00e4kym\u00e4tt\u00f6m\u00e4ll\u00e4 vedeneristyksell\u00e4. L\u00e4mp\u00f6aktivoitu polymeeri puristaa, venytt\u00e4\u00e4 ja repii syd\u00e4men kielet. Hiukset ovat sile\u00e4t, [&hellip;]<\/p>\n","protected":false},"featured_media":127249,"comment_status":"open","ping_status":"closed","template":"","meta":{"_trash_the_other_posts":false},"product_brand":[],"product_cat":[576,717],"product_tag":[2732],"berocket_brand":[1129],"class_list":{"0":"post-127250","1":"product","2":"type-product","3":"status-publish","4":"has-post-thumbnail","6":"product_cat-hiuslakka","7":"product_cat-virustuotteet","8":"product_tag-color-wow-dream-coat-supernatural-spray","9":"pa_brand-color-wow","10":"pa_variantti-500ml","11":"berocket_brand-color-wow","13":"first","14":"instock","15":"sale","16":"taxable","17":"shipping-taxable","18":"purchasable","19":"product-type-simple"},"_links":{"self":[{"href":"https:\/\/stylingagenten.com\/fi\/wp-json\/wp\/v2\/product\/127250","targetHints":{"allow":["GET"]}}],"collection":[{"href":"https:\/\/stylingagenten.com\/fi\/wp-json\/wp\/v2\/product"}],"about":[{"href":"https:\/\/stylingagenten.com\/fi\/wp-json\/wp\/v2\/types\/product"}],"replies":[{"embeddable":true,"href":"https:\/\/stylingagenten.com\/fi\/wp-json\/wp\/v2\/comments?post=127250"}],"version-history":[{"count":0,"href":"https:\/\/stylingagenten.com\/fi\/wp-json\/wp\/v2\/product\/127250\/revisions"}],"wp:featuredmedia":[{"embeddable":true,"href":"https:\/\/stylingagenten.com\/fi\/wp-json\/wp\/v2\/media\/127249"}],"wp:attachment":[{"href":"https:\/\/stylingagenten.com\/fi\/wp-json\/wp\/v2\/media?parent=127250"}],"wp:term":[{"taxonomy":"product_brand","embeddable":true,"href":"https:\/\/stylingagenten.com\/fi\/wp-json\/wp\/v2\/product_brand?post=127250"},{"taxonomy":"product_cat","embeddable":true,"href":"https:\/\/stylingagenten.com\/fi\/wp-json\/wp\/v2\/product_cat?post=127250"},{"taxonomy":"product_tag","embeddable":true,"href":"https:\/\/stylingagenten.com\/fi\/wp-json\/wp\/v2\/product_tag?post=127250"},{"taxonomy":"berocket_brand","embeddable":true,"href":"https:\/\/stylingagenten.com\/fi\/wp-json\/wp\/v2\/berocket_brand?post=127250"}],"curies":[{"name":"wp","href":"https:\/\/api.w.org\/{rel}","templated":true}]}}