{"id":127224,"date":"2025-05-18T22:10:20","date_gmt":"2025-05-18T22:10:20","guid":{"rendered":"https:\/\/staging2.stylingagenten.com\/fi\/produkt\/american-crew-firm-hold-styling-gel-250ml\/"},"modified":"2026-03-19T12:17:46","modified_gmt":"2026-03-19T12:17:46","slug":"american-crew-firm-hold-styling-gel-250ml","status":"publish","type":"product","link":"https:\/\/stylingagenten.com\/fi\/tuote\/american-crew-firm-hold-styling-gel-250ml\/","title":{"rendered":"American Crew Firm Hold Styling Gel 250ml"},"content":{"rendered":"<p>American Crew Styling Gel Firm Hold antaa hiuksille korkean pidon ja volyymia. Alkoholiton koostumus ja alhainen pH-arvo yll\u00e4pit\u00e4v\u00e4t kosteutta hiuksissa ja p\u00e4\u00e4nahassa.<\/p>\n<p>K\u00e4ytt\u00f6:<br \/>Levit\u00e4 pieni m\u00e4\u00e4r\u00e4 kosteisiin tai pyyhekuiviin hiuksiin r. Muotoile hiukset haluamallasi tavalla ja anna niiden kuivua luonnollisesti.<\/p>\n","protected":false},"excerpt":{"rendered":"<p>American Crew Styling Gel Firm Hold antaa hiuksille korkean pidon ja volyymia. Alkoholiton koostumus ja alhainen pH-arvo yll\u00e4pit\u00e4v\u00e4t kosteutta hiuksissa ja p\u00e4\u00e4nahassa. K\u00e4ytt\u00f6:Levit\u00e4 pieni m\u00e4\u00e4r\u00e4 kosteisiin tai pyyhekuiviin hiuksiin r. Muotoile hiukset haluamallasi tavalla ja anna niiden kuivua luonnollisesti.<\/p>\n","protected":false},"featured_media":127222,"comment_status":"open","ping_status":"closed","template":"","meta":{"_trash_the_other_posts":false},"product_brand":[],"product_cat":[546],"product_tag":[2370],"berocket_brand":[1071],"class_list":{"0":"post-127224","1":"product","2":"type-product","3":"status-publish","4":"has-post-thumbnail","6":"product_cat-harstyling","7":"product_tag-american-crew-firm-hold-styling-gel","8":"pa_brand-american-crew","9":"pa_variantti-250ml","10":"berocket_brand-american-crew","12":"first","13":"outofstock","14":"sale","15":"taxable","16":"shipping-taxable","17":"purchasable","18":"product-type-simple"},"_links":{"self":[{"href":"https:\/\/stylingagenten.com\/fi\/wp-json\/wp\/v2\/product\/127224","targetHints":{"allow":["GET"]}}],"collection":[{"href":"https:\/\/stylingagenten.com\/fi\/wp-json\/wp\/v2\/product"}],"about":[{"href":"https:\/\/stylingagenten.com\/fi\/wp-json\/wp\/v2\/types\/product"}],"replies":[{"embeddable":true,"href":"https:\/\/stylingagenten.com\/fi\/wp-json\/wp\/v2\/comments?post=127224"}],"version-history":[{"count":0,"href":"https:\/\/stylingagenten.com\/fi\/wp-json\/wp\/v2\/product\/127224\/revisions"}],"wp:featuredmedia":[{"embeddable":true,"href":"https:\/\/stylingagenten.com\/fi\/wp-json\/wp\/v2\/media\/127222"}],"wp:attachment":[{"href":"https:\/\/stylingagenten.com\/fi\/wp-json\/wp\/v2\/media?parent=127224"}],"wp:term":[{"taxonomy":"product_brand","embeddable":true,"href":"https:\/\/stylingagenten.com\/fi\/wp-json\/wp\/v2\/product_brand?post=127224"},{"taxonomy":"product_cat","embeddable":true,"href":"https:\/\/stylingagenten.com\/fi\/wp-json\/wp\/v2\/product_cat?post=127224"},{"taxonomy":"product_tag","embeddable":true,"href":"https:\/\/stylingagenten.com\/fi\/wp-json\/wp\/v2\/product_tag?post=127224"},{"taxonomy":"berocket_brand","embeddable":true,"href":"https:\/\/stylingagenten.com\/fi\/wp-json\/wp\/v2\/berocket_brand?post=127224"}],"curies":[{"name":"wp","href":"https:\/\/api.w.org\/{rel}","templated":true}]}}