{"id":127220,"date":"2025-05-18T22:10:19","date_gmt":"2025-05-18T22:10:19","guid":{"rendered":"https:\/\/staging2.stylingagenten.com\/fi\/produkt\/revlon-style-masters-3-fanaticurls-150ml\/"},"modified":"2026-04-06T09:21:02","modified_gmt":"2026-04-06T09:21:02","slug":"revlon-style-masters-3-fanaticurls-150ml","status":"publish","type":"product","link":"https:\/\/stylingagenten.com\/fi\/tuote\/revlon-style-masters-3-fanaticurls-150ml\/","title":{"rendered":"Revlon Style Masters 3 &#8211; Fanaticurls 150ml"},"content":{"rendered":"<p>Antaa maksimaalisen hallinnan pienemmille kiharoille.&nbsp;Antaa hiuksille kiiltoa, v\u00e4hent\u00e4\u00e4 p\u00f6rr\u00f6isyytt\u00e4 ja staattista s\u00e4hk\u00f6\u00e4.<\/p>\n<p>S\u00e4vy: 3\/3&nbsp;<\/p>\n<p>150 ml<\/p>\n<p> p&gt;<\/p>\n","protected":false},"excerpt":{"rendered":"<p>Antaa maksimaalisen hallinnan pienemmille kiharoille.&nbsp;Antaa hiuksille kiiltoa, v\u00e4hent\u00e4\u00e4 p\u00f6rr\u00f6isyytt\u00e4 ja staattista s\u00e4hk\u00f6\u00e4. S\u00e4vy: 3\/3&nbsp; 150 ml p&gt;<\/p>\n","protected":false},"featured_media":127214,"comment_status":"open","ping_status":"closed","template":"","meta":{"_trash_the_other_posts":false},"product_brand":[],"product_cat":[546,1003],"product_tag":[],"berocket_brand":[1040],"class_list":{"0":"post-127220","1":"product","2":"type-product","3":"status-publish","4":"has-post-thumbnail","6":"product_cat-harstyling","7":"product_cat-myydyimmat","8":"pa_brand-revlon","9":"berocket_brand-revlon","11":"first","12":"instock","13":"sale","14":"taxable","15":"shipping-taxable","16":"purchasable","17":"product-type-simple"},"_links":{"self":[{"href":"https:\/\/stylingagenten.com\/fi\/wp-json\/wp\/v2\/product\/127220","targetHints":{"allow":["GET"]}}],"collection":[{"href":"https:\/\/stylingagenten.com\/fi\/wp-json\/wp\/v2\/product"}],"about":[{"href":"https:\/\/stylingagenten.com\/fi\/wp-json\/wp\/v2\/types\/product"}],"replies":[{"embeddable":true,"href":"https:\/\/stylingagenten.com\/fi\/wp-json\/wp\/v2\/comments?post=127220"}],"version-history":[{"count":0,"href":"https:\/\/stylingagenten.com\/fi\/wp-json\/wp\/v2\/product\/127220\/revisions"}],"wp:featuredmedia":[{"embeddable":true,"href":"https:\/\/stylingagenten.com\/fi\/wp-json\/wp\/v2\/media\/127214"}],"wp:attachment":[{"href":"https:\/\/stylingagenten.com\/fi\/wp-json\/wp\/v2\/media?parent=127220"}],"wp:term":[{"taxonomy":"product_brand","embeddable":true,"href":"https:\/\/stylingagenten.com\/fi\/wp-json\/wp\/v2\/product_brand?post=127220"},{"taxonomy":"product_cat","embeddable":true,"href":"https:\/\/stylingagenten.com\/fi\/wp-json\/wp\/v2\/product_cat?post=127220"},{"taxonomy":"product_tag","embeddable":true,"href":"https:\/\/stylingagenten.com\/fi\/wp-json\/wp\/v2\/product_tag?post=127220"},{"taxonomy":"berocket_brand","embeddable":true,"href":"https:\/\/stylingagenten.com\/fi\/wp-json\/wp\/v2\/berocket_brand?post=127220"}],"curies":[{"name":"wp","href":"https:\/\/api.w.org\/{rel}","templated":true}]}}