{"id":127161,"date":"2025-05-18T22:09:59","date_gmt":"2025-05-18T22:09:59","guid":{"rendered":"https:\/\/staging2.stylingagenten.com\/fi\/produkt\/sebastian-professional-potion-9-lite-150ml\/"},"modified":"2026-03-30T07:30:53","modified_gmt":"2026-03-30T07:30:53","slug":"sebastian-professional-potion-9-lite-150ml","status":"publish","type":"product","link":"https:\/\/stylingagenten.com\/fi\/tuote\/sebastian-professional-potion-9-lite-150ml\/","title":{"rendered":"Sebastian Professional Potion 9 Lite 150ml"},"content":{"rendered":"<p>Potion 9 Lite on muotoiluvoide, joka sis\u00e4lt\u00e4\u00e4 cocktailin suojaavia ja hoitavia ainesosia! Tuote yksinkertaistaa muotoilua ja antaa hiuksille kauniin kiillon.<\/p>\n<p>K\u00e4ytt\u00f6: Levit\u00e4 kosteisiin tai kuiviin hiuksiin. f\u00f6\u00f6naa tai ilmakuivaa silkkisen, konkreettisen tyylin saamiseksi tai k\u00e4yt\u00e4 kiharrin tyylik\u00e4st\u00e4 kiharaa. toista levitys saadaksesi lis\u00e4rakennetta ja hallintaa kuiviin hiuksiin. K\u00e4yt\u00e4 milloin tahansa saadaksesi v\u00e4lit\u00f6nt\u00e4 tehoa.<\/p>\n","protected":false},"excerpt":{"rendered":"<p>Potion 9 Lite on muotoiluvoide, joka sis\u00e4lt\u00e4\u00e4 cocktailin suojaavia ja hoitavia ainesosia! Tuote yksinkertaistaa muotoilua ja antaa hiuksille kauniin kiillon. K\u00e4ytt\u00f6: Levit\u00e4 kosteisiin tai kuiviin hiuksiin. f\u00f6\u00f6naa tai ilmakuivaa silkkisen, konkreettisen tyylin saamiseksi tai k\u00e4yt\u00e4 kiharrin tyylik\u00e4st\u00e4 kiharaa. toista levitys saadaksesi lis\u00e4rakennetta ja hallintaa kuiviin hiuksiin. K\u00e4yt\u00e4 milloin tahansa saadaksesi v\u00e4lit\u00f6nt\u00e4 tehoa.<\/p>\n","protected":false},"featured_media":127159,"comment_status":"open","ping_status":"closed","template":"","meta":{"_trash_the_other_posts":false},"product_brand":[],"product_cat":[611],"product_tag":[],"berocket_brand":[1194],"class_list":{"0":"post-127161","1":"product","2":"type-product","3":"status-publish","4":"has-post-thumbnail","6":"product_cat-muotoiluvoide","7":"pa_brand-sebastian","8":"berocket_brand-sebastian","10":"first","11":"instock","12":"sale","13":"taxable","14":"shipping-taxable","15":"purchasable","16":"product-type-simple"},"_links":{"self":[{"href":"https:\/\/stylingagenten.com\/fi\/wp-json\/wp\/v2\/product\/127161","targetHints":{"allow":["GET"]}}],"collection":[{"href":"https:\/\/stylingagenten.com\/fi\/wp-json\/wp\/v2\/product"}],"about":[{"href":"https:\/\/stylingagenten.com\/fi\/wp-json\/wp\/v2\/types\/product"}],"replies":[{"embeddable":true,"href":"https:\/\/stylingagenten.com\/fi\/wp-json\/wp\/v2\/comments?post=127161"}],"version-history":[{"count":0,"href":"https:\/\/stylingagenten.com\/fi\/wp-json\/wp\/v2\/product\/127161\/revisions"}],"wp:featuredmedia":[{"embeddable":true,"href":"https:\/\/stylingagenten.com\/fi\/wp-json\/wp\/v2\/media\/127159"}],"wp:attachment":[{"href":"https:\/\/stylingagenten.com\/fi\/wp-json\/wp\/v2\/media?parent=127161"}],"wp:term":[{"taxonomy":"product_brand","embeddable":true,"href":"https:\/\/stylingagenten.com\/fi\/wp-json\/wp\/v2\/product_brand?post=127161"},{"taxonomy":"product_cat","embeddable":true,"href":"https:\/\/stylingagenten.com\/fi\/wp-json\/wp\/v2\/product_cat?post=127161"},{"taxonomy":"product_tag","embeddable":true,"href":"https:\/\/stylingagenten.com\/fi\/wp-json\/wp\/v2\/product_tag?post=127161"},{"taxonomy":"berocket_brand","embeddable":true,"href":"https:\/\/stylingagenten.com\/fi\/wp-json\/wp\/v2\/berocket_brand?post=127161"}],"curies":[{"name":"wp","href":"https:\/\/api.w.org\/{rel}","templated":true}]}}