{"id":127148,"date":"2025-05-18T22:09:53","date_gmt":"2025-05-18T22:09:53","guid":{"rendered":"https:\/\/staging2.stylingagenten.com\/fi\/produkt\/sebastian-professional-microweb-fiber-45ml\/"},"modified":"2026-03-21T14:47:35","modified_gmt":"2026-03-21T14:47:35","slug":"sebastian-professional-microweb-fiber-45ml","status":"publish","type":"product","link":"https:\/\/stylingagenten.com\/fi\/tuote\/sebastian-professional-microweb-fiber-45ml\/","title":{"rendered":"Sebastian Professional Microweb Fiber 45ml"},"content":{"rendered":"<p>M\u00e4\u00e4rittele hiustyyli uudelleen mink\u00e4 tahansa koostumuksen tai pituuden hiuksissa Sebastian Professional Microweb Fiber -kuidun avulla. T\u00e4m\u00e4 muotoileva, pehme\u00e4 teksturointiaine luo silkkisen ilmeen ja kutoo hiuksiin painottoman 3D-mikrowebin. Sebastianin ammattimainen silkkikuitumuotoilija antaa hiuksille joustavan rakenteen ja tuntoliikkeen<\/p>\n","protected":false},"excerpt":{"rendered":"<p>M\u00e4\u00e4rittele hiustyyli uudelleen mink\u00e4 tahansa koostumuksen tai pituuden hiuksissa Sebastian Professional Microweb Fiber -kuidun avulla. T\u00e4m\u00e4 muotoileva, pehme\u00e4 teksturointiaine luo silkkisen ilmeen ja kutoo hiuksiin painottoman 3D-mikrowebin. Sebastianin ammattimainen silkkikuitumuotoilija antaa hiuksille joustavan rakenteen ja tuntoliikkeen<\/p>\n","protected":false},"featured_media":127146,"comment_status":"open","ping_status":"closed","template":"","meta":{"_trash_the_other_posts":false},"product_brand":[],"product_cat":[611],"product_tag":[],"berocket_brand":[1194],"class_list":{"0":"post-127148","1":"product","2":"type-product","3":"status-publish","4":"has-post-thumbnail","6":"product_cat-muotoiluvoide","7":"pa_brand-sebastian","8":"berocket_brand-sebastian","10":"first","11":"outofstock","12":"sale","13":"taxable","14":"shipping-taxable","15":"purchasable","16":"product-type-simple"},"_links":{"self":[{"href":"https:\/\/stylingagenten.com\/fi\/wp-json\/wp\/v2\/product\/127148","targetHints":{"allow":["GET"]}}],"collection":[{"href":"https:\/\/stylingagenten.com\/fi\/wp-json\/wp\/v2\/product"}],"about":[{"href":"https:\/\/stylingagenten.com\/fi\/wp-json\/wp\/v2\/types\/product"}],"replies":[{"embeddable":true,"href":"https:\/\/stylingagenten.com\/fi\/wp-json\/wp\/v2\/comments?post=127148"}],"version-history":[{"count":0,"href":"https:\/\/stylingagenten.com\/fi\/wp-json\/wp\/v2\/product\/127148\/revisions"}],"wp:featuredmedia":[{"embeddable":true,"href":"https:\/\/stylingagenten.com\/fi\/wp-json\/wp\/v2\/media\/127146"}],"wp:attachment":[{"href":"https:\/\/stylingagenten.com\/fi\/wp-json\/wp\/v2\/media?parent=127148"}],"wp:term":[{"taxonomy":"product_brand","embeddable":true,"href":"https:\/\/stylingagenten.com\/fi\/wp-json\/wp\/v2\/product_brand?post=127148"},{"taxonomy":"product_cat","embeddable":true,"href":"https:\/\/stylingagenten.com\/fi\/wp-json\/wp\/v2\/product_cat?post=127148"},{"taxonomy":"product_tag","embeddable":true,"href":"https:\/\/stylingagenten.com\/fi\/wp-json\/wp\/v2\/product_tag?post=127148"},{"taxonomy":"berocket_brand","embeddable":true,"href":"https:\/\/stylingagenten.com\/fi\/wp-json\/wp\/v2\/berocket_brand?post=127148"}],"curies":[{"name":"wp","href":"https:\/\/api.w.org\/{rel}","templated":true}]}}