{"id":127140,"date":"2025-05-18T22:09:51","date_gmt":"2025-05-18T22:09:51","guid":{"rendered":"https:\/\/staging2.stylingagenten.com\/fi\/produkt\/wella-sp-hydrate-finish-125ml\/"},"modified":"2026-04-01T11:28:24","modified_gmt":"2026-04-01T11:28:24","slug":"wella-sp-hydrate-finish-125ml","status":"publish","type":"product","link":"https:\/\/stylingagenten.com\/fi\/tuote\/wella-sp-hydrate-finish-125ml\/","title":{"rendered":"Wella SP Hydrate Finish 125ml"},"content":{"rendered":"<p>SP HYDRATE FINISH<br \/>Kosteuttava suihke, joka tekee hiuksista pehme\u00e4t ja joustavat. Hiuksista tulee uskomattoman terveet, pehme\u00e4t, sile\u00e4t ja kiilt\u00e4v\u00e4t. Glyseriini\u00e4, D-pantenolia ja glukoosia sis\u00e4lt\u00e4v\u00e4 Special Active Moisture Complex -koostumus tarjoaa pitk\u00e4kestoisen kosteuttavan vaikutuksen rasittamatta hiuksia ja optimaalisen suojan kuivumista vastaan.<\/p>\n","protected":false},"excerpt":{"rendered":"<p>SP HYDRATE FINISHKosteuttava suihke, joka tekee hiuksista pehme\u00e4t ja joustavat. Hiuksista tulee uskomattoman terveet, pehme\u00e4t, sile\u00e4t ja kiilt\u00e4v\u00e4t. Glyseriini\u00e4, D-pantenolia ja glukoosia sis\u00e4lt\u00e4v\u00e4 Special Active Moisture Complex -koostumus tarjoaa pitk\u00e4kestoisen kosteuttavan vaikutuksen rasittamatta hiuksia ja optimaalisen suojan kuivumista vastaan.<\/p>\n","protected":false},"featured_media":127139,"comment_status":"open","ping_status":"closed","template":"","meta":{"_trash_the_other_posts":false},"product_brand":[],"product_cat":[615],"product_tag":[],"berocket_brand":[1030],"class_list":{"0":"post-127140","1":"product","2":"type-product","3":"status-publish","4":"has-post-thumbnail","6":"product_cat-hiusten-seerumi","7":"pa_brand-wella","8":"berocket_brand-wella","10":"first","11":"instock","12":"sale","13":"taxable","14":"shipping-taxable","15":"purchasable","16":"product-type-simple"},"_links":{"self":[{"href":"https:\/\/stylingagenten.com\/fi\/wp-json\/wp\/v2\/product\/127140","targetHints":{"allow":["GET"]}}],"collection":[{"href":"https:\/\/stylingagenten.com\/fi\/wp-json\/wp\/v2\/product"}],"about":[{"href":"https:\/\/stylingagenten.com\/fi\/wp-json\/wp\/v2\/types\/product"}],"replies":[{"embeddable":true,"href":"https:\/\/stylingagenten.com\/fi\/wp-json\/wp\/v2\/comments?post=127140"}],"version-history":[{"count":0,"href":"https:\/\/stylingagenten.com\/fi\/wp-json\/wp\/v2\/product\/127140\/revisions"}],"wp:featuredmedia":[{"embeddable":true,"href":"https:\/\/stylingagenten.com\/fi\/wp-json\/wp\/v2\/media\/127139"}],"wp:attachment":[{"href":"https:\/\/stylingagenten.com\/fi\/wp-json\/wp\/v2\/media?parent=127140"}],"wp:term":[{"taxonomy":"product_brand","embeddable":true,"href":"https:\/\/stylingagenten.com\/fi\/wp-json\/wp\/v2\/product_brand?post=127140"},{"taxonomy":"product_cat","embeddable":true,"href":"https:\/\/stylingagenten.com\/fi\/wp-json\/wp\/v2\/product_cat?post=127140"},{"taxonomy":"product_tag","embeddable":true,"href":"https:\/\/stylingagenten.com\/fi\/wp-json\/wp\/v2\/product_tag?post=127140"},{"taxonomy":"berocket_brand","embeddable":true,"href":"https:\/\/stylingagenten.com\/fi\/wp-json\/wp\/v2\/berocket_brand?post=127140"}],"curies":[{"name":"wp","href":"https:\/\/api.w.org\/{rel}","templated":true}]}}