{"id":127095,"date":"2025-05-18T22:09:36","date_gmt":"2025-05-18T22:09:36","guid":{"rendered":"https:\/\/staging2.stylingagenten.com\/fi\/produkt\/schwarzkopf-osis-bounty-balm-150ml\/"},"modified":"2026-04-06T15:28:25","modified_gmt":"2026-04-06T15:28:25","slug":"schwarzkopf-osis-bounty-balm-150ml","status":"publish","type":"product","link":"https:\/\/stylingagenten.com\/fi\/tuote\/schwarzkopf-osis-bounty-balm-150ml\/","title":{"rendered":"Schwarzkopf Osis Bounty Balm 150ml"},"content":{"rendered":"<p>Schwarzkopf Osis Bounty Balm 150 ml<br \/>OSiS Bounty Balm on t\u00e4ytel\u00e4inen, vegaaninen voide, joka korostaa kiharat ja aallot sek\u00e4 tuo esiin luonnollisen tainnutuksen. Se voi my\u00f6s auttaa rauhoittamaan suoria mutta kurittomia hiuksia kesytt\u00e4m\u00e4ll\u00e4 pieni\u00e4 karvoja ja olemalla tutkiva.<\/p>\n","protected":false},"excerpt":{"rendered":"<p>Schwarzkopf Osis Bounty Balm 150 mlOSiS Bounty Balm on t\u00e4ytel\u00e4inen, vegaaninen voide, joka korostaa kiharat ja aallot sek\u00e4 tuo esiin luonnollisen tainnutuksen. Se voi my\u00f6s auttaa rauhoittamaan suoria mutta kurittomia hiuksia kesytt\u00e4m\u00e4ll\u00e4 pieni\u00e4 karvoja ja olemalla tutkiva.<\/p>\n","protected":false},"featured_media":127094,"comment_status":"open","ping_status":"closed","template":"","meta":{"_trash_the_other_posts":false},"product_brand":[],"product_cat":[546],"product_tag":[],"berocket_brand":[1060],"class_list":{"0":"post-127095","1":"product","2":"type-product","3":"status-publish","4":"has-post-thumbnail","6":"product_cat-harstyling","7":"pa_brand-schwarzkopf","8":"berocket_brand-schwarzkopf","10":"first","11":"instock","12":"sale","13":"taxable","14":"shipping-taxable","15":"purchasable","16":"product-type-simple"},"_links":{"self":[{"href":"https:\/\/stylingagenten.com\/fi\/wp-json\/wp\/v2\/product\/127095","targetHints":{"allow":["GET"]}}],"collection":[{"href":"https:\/\/stylingagenten.com\/fi\/wp-json\/wp\/v2\/product"}],"about":[{"href":"https:\/\/stylingagenten.com\/fi\/wp-json\/wp\/v2\/types\/product"}],"replies":[{"embeddable":true,"href":"https:\/\/stylingagenten.com\/fi\/wp-json\/wp\/v2\/comments?post=127095"}],"version-history":[{"count":0,"href":"https:\/\/stylingagenten.com\/fi\/wp-json\/wp\/v2\/product\/127095\/revisions"}],"wp:featuredmedia":[{"embeddable":true,"href":"https:\/\/stylingagenten.com\/fi\/wp-json\/wp\/v2\/media\/127094"}],"wp:attachment":[{"href":"https:\/\/stylingagenten.com\/fi\/wp-json\/wp\/v2\/media?parent=127095"}],"wp:term":[{"taxonomy":"product_brand","embeddable":true,"href":"https:\/\/stylingagenten.com\/fi\/wp-json\/wp\/v2\/product_brand?post=127095"},{"taxonomy":"product_cat","embeddable":true,"href":"https:\/\/stylingagenten.com\/fi\/wp-json\/wp\/v2\/product_cat?post=127095"},{"taxonomy":"product_tag","embeddable":true,"href":"https:\/\/stylingagenten.com\/fi\/wp-json\/wp\/v2\/product_tag?post=127095"},{"taxonomy":"berocket_brand","embeddable":true,"href":"https:\/\/stylingagenten.com\/fi\/wp-json\/wp\/v2\/berocket_brand?post=127095"}],"curies":[{"name":"wp","href":"https:\/\/api.w.org\/{rel}","templated":true}]}}