{"id":127072,"date":"2025-05-18T22:09:27","date_gmt":"2025-05-18T22:09:27","guid":{"rendered":"https:\/\/staging2.stylingagenten.com\/fi\/produkt\/schwarzkopf-osis-velvet-200ml\/"},"modified":"2026-03-19T14:07:33","modified_gmt":"2026-03-19T14:07:33","slug":"schwarzkopf-osis-velvet-200ml","status":"publish","type":"product","link":"https:\/\/stylingagenten.com\/fi\/tuote\/schwarzkopf-osis-velvet-200ml\/","title":{"rendered":"Schwarzkopf Osis Velvet 200ml"},"content":{"rendered":"<p>Schwarzkopf Osis Velvet 200ml<br \/>OSiS Velvet on vegaaninen suihke, jossa on vahavaikutelma, joka tekee hiuksista samettisen sile\u00e4t. K\u00e4yt\u00e4 kuiviin hiuksiin saadaksesi muotoiltavaa rakennetta ja kiiltoa, tai pyyhekuiviin hiuksiin saadaksesi hyvin hoidetun ilmeen.<\/p>\n","protected":false},"excerpt":{"rendered":"<p>Schwarzkopf Osis Velvet 200mlOSiS Velvet on vegaaninen suihke, jossa on vahavaikutelma, joka tekee hiuksista samettisen sile\u00e4t. K\u00e4yt\u00e4 kuiviin hiuksiin saadaksesi muotoiltavaa rakennetta ja kiiltoa, tai pyyhekuiviin hiuksiin saadaksesi hyvin hoidetun ilmeen.<\/p>\n","protected":false},"featured_media":127071,"comment_status":"open","ping_status":"closed","template":"","meta":{"_trash_the_other_posts":false},"product_brand":[],"product_cat":[576],"product_tag":[],"berocket_brand":[1060],"class_list":{"0":"post-127072","1":"product","2":"type-product","3":"status-publish","4":"has-post-thumbnail","6":"product_cat-hiuslakka","7":"pa_brand-schwarzkopf","8":"berocket_brand-schwarzkopf","10":"first","11":"instock","12":"sale","13":"taxable","14":"shipping-taxable","15":"purchasable","16":"product-type-simple"},"_links":{"self":[{"href":"https:\/\/stylingagenten.com\/fi\/wp-json\/wp\/v2\/product\/127072","targetHints":{"allow":["GET"]}}],"collection":[{"href":"https:\/\/stylingagenten.com\/fi\/wp-json\/wp\/v2\/product"}],"about":[{"href":"https:\/\/stylingagenten.com\/fi\/wp-json\/wp\/v2\/types\/product"}],"replies":[{"embeddable":true,"href":"https:\/\/stylingagenten.com\/fi\/wp-json\/wp\/v2\/comments?post=127072"}],"version-history":[{"count":0,"href":"https:\/\/stylingagenten.com\/fi\/wp-json\/wp\/v2\/product\/127072\/revisions"}],"wp:featuredmedia":[{"embeddable":true,"href":"https:\/\/stylingagenten.com\/fi\/wp-json\/wp\/v2\/media\/127071"}],"wp:attachment":[{"href":"https:\/\/stylingagenten.com\/fi\/wp-json\/wp\/v2\/media?parent=127072"}],"wp:term":[{"taxonomy":"product_brand","embeddable":true,"href":"https:\/\/stylingagenten.com\/fi\/wp-json\/wp\/v2\/product_brand?post=127072"},{"taxonomy":"product_cat","embeddable":true,"href":"https:\/\/stylingagenten.com\/fi\/wp-json\/wp\/v2\/product_cat?post=127072"},{"taxonomy":"product_tag","embeddable":true,"href":"https:\/\/stylingagenten.com\/fi\/wp-json\/wp\/v2\/product_tag?post=127072"},{"taxonomy":"berocket_brand","embeddable":true,"href":"https:\/\/stylingagenten.com\/fi\/wp-json\/wp\/v2\/berocket_brand?post=127072"}],"curies":[{"name":"wp","href":"https:\/\/api.w.org\/{rel}","templated":true}]}}