{"id":127033,"date":"2025-05-18T22:09:13","date_gmt":"2025-05-18T22:09:13","guid":{"rendered":"https:\/\/staging2.stylingagenten.com\/fi\/produkt\/sachajuan-styling-cream-125ml\/"},"modified":"2026-03-11T21:59:14","modified_gmt":"2026-03-11T21:59:14","slug":"sachajuan-styling-cream-125ml","status":"publish","type":"product","link":"https:\/\/stylingagenten.com\/fi\/tuote\/sachajuan-styling-cream-125ml\/","title":{"rendered":"SACHAJUAN Styling Cream 125ml"},"content":{"rendered":"<p>SACHAJUAN Styling Cream Ocean Silk -teknologialla tekee hiuksista pehme\u00e4t, silkkiset ja kiilt\u00e4v\u00e4t. Sis\u00e4lt\u00e4\u00e4 l\u00e4mp\u00f6suojan. Levit\u00e4 hiuksiin saadaksesi luonnollisen pehme\u00e4t kiharat tai f\u00f6\u00f6naa kiilt\u00e4v\u00e4t suorit hiukset.<\/p>\n<p>125ml<\/p>\n","protected":false},"excerpt":{"rendered":"<p>SACHAJUAN Styling Cream Ocean Silk -teknologialla tekee hiuksista pehme\u00e4t, silkkiset ja kiilt\u00e4v\u00e4t. Sis\u00e4lt\u00e4\u00e4 l\u00e4mp\u00f6suojan. Levit\u00e4 hiuksiin saadaksesi luonnollisen pehme\u00e4t kiharat tai f\u00f6\u00f6naa kiilt\u00e4v\u00e4t suorit hiukset. 125ml<\/p>\n","protected":false},"featured_media":127032,"comment_status":"open","ping_status":"closed","template":"","meta":{"_trash_the_other_posts":false},"product_brand":[],"product_cat":[546],"product_tag":[],"berocket_brand":[1409],"class_list":{"0":"post-127033","1":"product","2":"type-product","3":"status-publish","4":"has-post-thumbnail","6":"product_cat-harstyling","7":"pa_brand-sachajuan","8":"berocket_brand-sachajuan","10":"first","11":"instock","12":"sale","13":"taxable","14":"shipping-taxable","15":"purchasable","16":"product-type-simple"},"_links":{"self":[{"href":"https:\/\/stylingagenten.com\/fi\/wp-json\/wp\/v2\/product\/127033","targetHints":{"allow":["GET"]}}],"collection":[{"href":"https:\/\/stylingagenten.com\/fi\/wp-json\/wp\/v2\/product"}],"about":[{"href":"https:\/\/stylingagenten.com\/fi\/wp-json\/wp\/v2\/types\/product"}],"replies":[{"embeddable":true,"href":"https:\/\/stylingagenten.com\/fi\/wp-json\/wp\/v2\/comments?post=127033"}],"version-history":[{"count":0,"href":"https:\/\/stylingagenten.com\/fi\/wp-json\/wp\/v2\/product\/127033\/revisions"}],"wp:featuredmedia":[{"embeddable":true,"href":"https:\/\/stylingagenten.com\/fi\/wp-json\/wp\/v2\/media\/127032"}],"wp:attachment":[{"href":"https:\/\/stylingagenten.com\/fi\/wp-json\/wp\/v2\/media?parent=127033"}],"wp:term":[{"taxonomy":"product_brand","embeddable":true,"href":"https:\/\/stylingagenten.com\/fi\/wp-json\/wp\/v2\/product_brand?post=127033"},{"taxonomy":"product_cat","embeddable":true,"href":"https:\/\/stylingagenten.com\/fi\/wp-json\/wp\/v2\/product_cat?post=127033"},{"taxonomy":"product_tag","embeddable":true,"href":"https:\/\/stylingagenten.com\/fi\/wp-json\/wp\/v2\/product_tag?post=127033"},{"taxonomy":"berocket_brand","embeddable":true,"href":"https:\/\/stylingagenten.com\/fi\/wp-json\/wp\/v2\/berocket_brand?post=127033"}],"curies":[{"name":"wp","href":"https:\/\/api.w.org\/{rel}","templated":true}]}}