{"id":127029,"date":"2025-05-18T22:09:12","date_gmt":"2025-05-18T22:09:12","guid":{"rendered":"https:\/\/staging2.stylingagenten.com\/fi\/produkt\/wella-eimi-just-brilliant-shine-pomade-75ml\/"},"modified":"2026-04-14T07:18:27","modified_gmt":"2026-04-14T07:18:27","slug":"wella-eimi-just-brilliant-shine-pomade-75ml","status":"publish","type":"product","link":"https:\/\/stylingagenten.com\/fi\/tuote\/wella-eimi-just-brilliant-shine-pomade-75ml\/","title":{"rendered":"Wella EIMI Just Brilliant Shine Pomade 75ml"},"content":{"rendered":"<p>Wella EIMI Just Brilliant Shine Pomade 75ml on \u00e4\u00e4rimm\u00e4inen muotoilutuote, joka antaa hiuksillesi kiilt\u00e4v\u00e4n ja kiillotetun lopputuloksen. T\u00e4m\u00e4 pomade tarjoaa pehme\u00e4n ja joustavan koostumuksen, jonka avulla on helppo muotoilla ja muotoilla hiuksesi juuri haluamallasi tavalla. Ainutlaatuisten ominaisuuksiensa ansiosta voit luoda erilaisia \u200b\u200bkampauksia klassisista moderniin ja samalla tarjota pitk\u00e4kestoisen kiillon, joka kest\u00e4\u00e4 koko p\u00e4iv\u00e4n.<\/p>\n","protected":false},"excerpt":{"rendered":"<p>Wella EIMI Just Brilliant Shine Pomade 75ml on \u00e4\u00e4rimm\u00e4inen muotoilutuote, joka antaa hiuksillesi kiilt\u00e4v\u00e4n ja kiillotetun lopputuloksen. T\u00e4m\u00e4 pomade tarjoaa pehme\u00e4n ja joustavan koostumuksen, jonka avulla on helppo muotoilla ja muotoilla hiuksesi juuri haluamallasi tavalla. Ainutlaatuisten ominaisuuksiensa ansiosta voit luoda erilaisia \u200b\u200bkampauksia klassisista moderniin ja samalla tarjota pitk\u00e4kestoisen kiillon, joka kest\u00e4\u00e4 koko p\u00e4iv\u00e4n.<\/p>\n","protected":false},"featured_media":127026,"comment_status":"open","ping_status":"closed","template":"","meta":{"_trash_the_other_posts":false},"product_brand":[],"product_cat":[703],"product_tag":[],"berocket_brand":[1030],"class_list":{"0":"post-127029","1":"product","2":"type-product","3":"status-publish","4":"has-post-thumbnail","6":"product_cat-pomade","7":"pa_brand-wella","8":"berocket_brand-wella","10":"first","11":"instock","12":"sale","13":"taxable","14":"shipping-taxable","15":"purchasable","16":"product-type-simple"},"_links":{"self":[{"href":"https:\/\/stylingagenten.com\/fi\/wp-json\/wp\/v2\/product\/127029","targetHints":{"allow":["GET"]}}],"collection":[{"href":"https:\/\/stylingagenten.com\/fi\/wp-json\/wp\/v2\/product"}],"about":[{"href":"https:\/\/stylingagenten.com\/fi\/wp-json\/wp\/v2\/types\/product"}],"replies":[{"embeddable":true,"href":"https:\/\/stylingagenten.com\/fi\/wp-json\/wp\/v2\/comments?post=127029"}],"version-history":[{"count":0,"href":"https:\/\/stylingagenten.com\/fi\/wp-json\/wp\/v2\/product\/127029\/revisions"}],"wp:featuredmedia":[{"embeddable":true,"href":"https:\/\/stylingagenten.com\/fi\/wp-json\/wp\/v2\/media\/127026"}],"wp:attachment":[{"href":"https:\/\/stylingagenten.com\/fi\/wp-json\/wp\/v2\/media?parent=127029"}],"wp:term":[{"taxonomy":"product_brand","embeddable":true,"href":"https:\/\/stylingagenten.com\/fi\/wp-json\/wp\/v2\/product_brand?post=127029"},{"taxonomy":"product_cat","embeddable":true,"href":"https:\/\/stylingagenten.com\/fi\/wp-json\/wp\/v2\/product_cat?post=127029"},{"taxonomy":"product_tag","embeddable":true,"href":"https:\/\/stylingagenten.com\/fi\/wp-json\/wp\/v2\/product_tag?post=127029"},{"taxonomy":"berocket_brand","embeddable":true,"href":"https:\/\/stylingagenten.com\/fi\/wp-json\/wp\/v2\/berocket_brand?post=127029"}],"curies":[{"name":"wp","href":"https:\/\/api.w.org\/{rel}","templated":true}]}}