{"id":127017,"date":"2025-05-18T22:09:07","date_gmt":"2025-05-18T22:09:07","guid":{"rendered":"https:\/\/staging2.stylingagenten.com\/fi\/produkt\/living-proof-curl-enhancer-200ml\/"},"modified":"2026-04-13T08:28:38","modified_gmt":"2026-04-13T08:28:38","slug":"living-proof-curl-enhancer-200ml","status":"publish","type":"product","link":"https:\/\/stylingagenten.com\/fi\/tuote\/living-proof-curl-enhancer-200ml\/","title":{"rendered":"Living Proof Curl Enhancer 200ml"},"content":{"rendered":"<p>Living Proof Curl Enhancer on kevyt hoitoaine laineikkaalle hiukselle. Parantaa hiuksen luonnollista tekstuuria ja suojaa p\u00f6rr\u00f6isyydelt\u00e4. T\u00e4ydellinen vaivaton, laineikas lookkiin. Ainutlaatuinen sekoitus biopolymeerej\u00e4 ja hoitavia aineita antaa luonnollista, joustavaa m\u00e4\u00e4ritelm\u00e4\u00e4, samalla tehdess\u00e4\u00e4n hiuksista pehme\u00e4mpi\u00e4, terveempi\u00e4 ja helpommin k\u00e4sitelt\u00e4vi\u00e4.<\/p>\n<p>Hy\u00f6dyt:<br \/>\n<br \/>\u2022 Vahvistaa ja m\u00e4\u00e4rittelee laineet.<br \/>\n<br \/>\u2022 Curl System* tarjoaa 90 prosenttia paremman p\u00f6rr\u00f6isyyden hallinnan.<br \/>\n<br \/>\u2022 Korostaa liikett\u00e4, laineita ja rakennetta.<br \/>\n<br \/>\u2022 Edist\u00e4\u00e4 laineita ilman hiusten painamista.<br \/>\n<br \/>\u2022 Tarjoaa painottoman hoidon.<br \/>\n<br \/>\u2022 Luo pehme\u00e4\u00e4 liikett\u00e4 ja kiiltoa juurista latvoihin.<br \/>\n<br \/>\u2022 Parantaa hiusten rakennetta ja liikett\u00e4 ajan my\u00f6t\u00e4.<br \/>\n<br \/>\u2022 Lis\u00e4\u00e4 tukea ja hallittavuutta.<\/p>\n<p>200 ml<\/p>\n","protected":false},"excerpt":{"rendered":"<p>Living Proof Curl Enhancer on kevyt hoitoaine laineikkaalle hiukselle. Parantaa hiuksen luonnollista tekstuuria ja suojaa p\u00f6rr\u00f6isyydelt\u00e4. T\u00e4ydellinen vaivaton, laineikas lookkiin. Ainutlaatuinen sekoitus biopolymeerej\u00e4 ja hoitavia aineita antaa luonnollista, joustavaa m\u00e4\u00e4ritelm\u00e4\u00e4, samalla tehdess\u00e4\u00e4n hiuksista pehme\u00e4mpi\u00e4, terveempi\u00e4 ja helpommin k\u00e4sitelt\u00e4vi\u00e4. Hy\u00f6dyt: \u2022 Vahvistaa ja m\u00e4\u00e4rittelee laineet. \u2022 Curl System* tarjoaa 90 prosenttia paremman p\u00f6rr\u00f6isyyden hallinnan. \u2022 Korostaa [&hellip;]<\/p>\n","protected":false},"featured_media":127008,"comment_status":"open","ping_status":"closed","template":"","meta":{"_trash_the_other_posts":false},"product_brand":[],"product_cat":[587],"product_tag":[],"berocket_brand":[1392],"class_list":{"0":"post-127017","1":"product","2":"type-product","3":"status-publish","4":"has-post-thumbnail","6":"product_cat-hoitoaine","7":"pa_brand-living-proof","8":"berocket_brand-living-proof","10":"first","11":"instock","12":"sale","13":"taxable","14":"shipping-taxable","15":"purchasable","16":"product-type-simple"},"_links":{"self":[{"href":"https:\/\/stylingagenten.com\/fi\/wp-json\/wp\/v2\/product\/127017","targetHints":{"allow":["GET"]}}],"collection":[{"href":"https:\/\/stylingagenten.com\/fi\/wp-json\/wp\/v2\/product"}],"about":[{"href":"https:\/\/stylingagenten.com\/fi\/wp-json\/wp\/v2\/types\/product"}],"replies":[{"embeddable":true,"href":"https:\/\/stylingagenten.com\/fi\/wp-json\/wp\/v2\/comments?post=127017"}],"version-history":[{"count":0,"href":"https:\/\/stylingagenten.com\/fi\/wp-json\/wp\/v2\/product\/127017\/revisions"}],"wp:featuredmedia":[{"embeddable":true,"href":"https:\/\/stylingagenten.com\/fi\/wp-json\/wp\/v2\/media\/127008"}],"wp:attachment":[{"href":"https:\/\/stylingagenten.com\/fi\/wp-json\/wp\/v2\/media?parent=127017"}],"wp:term":[{"taxonomy":"product_brand","embeddable":true,"href":"https:\/\/stylingagenten.com\/fi\/wp-json\/wp\/v2\/product_brand?post=127017"},{"taxonomy":"product_cat","embeddable":true,"href":"https:\/\/stylingagenten.com\/fi\/wp-json\/wp\/v2\/product_cat?post=127017"},{"taxonomy":"product_tag","embeddable":true,"href":"https:\/\/stylingagenten.com\/fi\/wp-json\/wp\/v2\/product_tag?post=127017"},{"taxonomy":"berocket_brand","embeddable":true,"href":"https:\/\/stylingagenten.com\/fi\/wp-json\/wp\/v2\/berocket_brand?post=127017"}],"curies":[{"name":"wp","href":"https:\/\/api.w.org\/{rel}","templated":true}]}}