{"id":126955,"date":"2025-05-18T22:08:50","date_gmt":"2025-05-18T22:08:50","guid":{"rendered":"https:\/\/staging2.stylingagenten.com\/fi\/produkt\/bjork-tamja-flyaway-tamer-20ml\/"},"modified":"2026-04-12T13:58:26","modified_gmt":"2026-04-12T13:58:26","slug":"bjork-tamja-flyaway-tamer-20ml","status":"publish","type":"product","link":"https:\/\/stylingagenten.com\/fi\/tuote\/bjork-tamja-flyaway-tamer-20ml\/","title":{"rendered":"Bj\u00f6rk T\u00c4MJA Flyaway Tamer 20ml"},"content":{"rendered":"<p>Bj\u00f6rk T\u00c4MJA Flyaway Tamer on viimeistelytikku, joka auttaa hallitsemaan lentelevi\u00e4 hiuksia samalla raviten ja vahvistaen hiuksia. Ei tee hiuksista j\u00e4ykki\u00e4 tai tahmeita. Unikalla koostumuksella, joka sis\u00e4lt\u00e4\u00e4 kookos\u00f6ljy\u00e4, sheavoita ja aminohappoja, se antaa ravinteita, kosteutta ja kiiltoa.<\/p>\n<p>Tuoksu: Raikas ja hedelm\u00e4inen tuoksu, jossa on vivahteita vesimelonista.<\/p>\n<p>20 ml<\/p>\n","protected":false},"excerpt":{"rendered":"<p>Bj\u00f6rk T\u00c4MJA Flyaway Tamer on viimeistelytikku, joka auttaa hallitsemaan lentelevi\u00e4 hiuksia samalla raviten ja vahvistaen hiuksia. Ei tee hiuksista j\u00e4ykki\u00e4 tai tahmeita. Unikalla koostumuksella, joka sis\u00e4lt\u00e4\u00e4 kookos\u00f6ljy\u00e4, sheavoita ja aminohappoja, se antaa ravinteita, kosteutta ja kiiltoa. Tuoksu: Raikas ja hedelm\u00e4inen tuoksu, jossa on vivahteita vesimelonista. 20 ml<\/p>\n","protected":false},"featured_media":126953,"comment_status":"open","ping_status":"closed","template":"","meta":{"_trash_the_other_posts":false},"product_brand":[],"product_cat":[546],"product_tag":[],"berocket_brand":[1418],"class_list":{"0":"post-126955","1":"product","2":"type-product","3":"status-publish","4":"has-post-thumbnail","6":"product_cat-harstyling","7":"pa_brand-bjork","8":"berocket_brand-bjork","10":"first","11":"instock","12":"sale","13":"taxable","14":"shipping-taxable","15":"purchasable","16":"product-type-simple"},"_links":{"self":[{"href":"https:\/\/stylingagenten.com\/fi\/wp-json\/wp\/v2\/product\/126955","targetHints":{"allow":["GET"]}}],"collection":[{"href":"https:\/\/stylingagenten.com\/fi\/wp-json\/wp\/v2\/product"}],"about":[{"href":"https:\/\/stylingagenten.com\/fi\/wp-json\/wp\/v2\/types\/product"}],"replies":[{"embeddable":true,"href":"https:\/\/stylingagenten.com\/fi\/wp-json\/wp\/v2\/comments?post=126955"}],"version-history":[{"count":0,"href":"https:\/\/stylingagenten.com\/fi\/wp-json\/wp\/v2\/product\/126955\/revisions"}],"wp:featuredmedia":[{"embeddable":true,"href":"https:\/\/stylingagenten.com\/fi\/wp-json\/wp\/v2\/media\/126953"}],"wp:attachment":[{"href":"https:\/\/stylingagenten.com\/fi\/wp-json\/wp\/v2\/media?parent=126955"}],"wp:term":[{"taxonomy":"product_brand","embeddable":true,"href":"https:\/\/stylingagenten.com\/fi\/wp-json\/wp\/v2\/product_brand?post=126955"},{"taxonomy":"product_cat","embeddable":true,"href":"https:\/\/stylingagenten.com\/fi\/wp-json\/wp\/v2\/product_cat?post=126955"},{"taxonomy":"product_tag","embeddable":true,"href":"https:\/\/stylingagenten.com\/fi\/wp-json\/wp\/v2\/product_tag?post=126955"},{"taxonomy":"berocket_brand","embeddable":true,"href":"https:\/\/stylingagenten.com\/fi\/wp-json\/wp\/v2\/berocket_brand?post=126955"}],"curies":[{"name":"wp","href":"https:\/\/api.w.org\/{rel}","templated":true}]}}