{"id":126952,"date":"2025-05-18T22:08:49","date_gmt":"2025-05-18T22:08:49","guid":{"rendered":"https:\/\/staging2.stylingagenten.com\/fi\/produkt\/bjork-forma-lockar-curl-defining-cream-150ml\/"},"modified":"2026-04-07T11:38:28","modified_gmt":"2026-04-07T11:38:28","slug":"bjork-forma-lockar-curl-defining-cream-150ml","status":"publish","type":"product","link":"https:\/\/stylingagenten.com\/fi\/tuote\/bjork-forma-lockar-curl-defining-cream-150ml\/","title":{"rendered":"Bj\u00f6rk FORMA LOCKAR Curl Defining Cream 150ml"},"content":{"rendered":"<p>Bj\u00f6rk FORMA LOCKAR Curl Defining Cream on kosteuttava ja l\u00e4mp\u00f6suojan antava kiharavoide, joka m\u00e4\u00e4rittelee luonnolliset kiharat ja aallot hiuksissa. Koostumus sis\u00e4lt\u00e4\u00e4 koivun uutetta, kookos\u00f6ljy\u00e4 ja auringonkukka\u00f6ljy\u00e4, jotka antavat kiharoille kimmoisuutta, m\u00e4\u00e4rittely\u00e4 ja taltuttavat vaikeasti hallittavat, karkeat hiukset. Ehk\u00e4isee p\u00f6rr\u00f6isyytt\u00e4.<\/p>\n<p>Tuoksu: Hedelm\u00e4inen ja raikas tuoksu, jossa on vivahteita persikasta ja sitruksesta.<\/p>\n<p>150 ml<\/p>\n","protected":false},"excerpt":{"rendered":"<p>Bj\u00f6rk FORMA LOCKAR Curl Defining Cream on kosteuttava ja l\u00e4mp\u00f6suojan antava kiharavoide, joka m\u00e4\u00e4rittelee luonnolliset kiharat ja aallot hiuksissa. Koostumus sis\u00e4lt\u00e4\u00e4 koivun uutetta, kookos\u00f6ljy\u00e4 ja auringonkukka\u00f6ljy\u00e4, jotka antavat kiharoille kimmoisuutta, m\u00e4\u00e4rittely\u00e4 ja taltuttavat vaikeasti hallittavat, karkeat hiukset. Ehk\u00e4isee p\u00f6rr\u00f6isyytt\u00e4. Tuoksu: Hedelm\u00e4inen ja raikas tuoksu, jossa on vivahteita persikasta ja sitruksesta. 150 ml<\/p>\n","protected":false},"featured_media":126951,"comment_status":"open","ping_status":"closed","template":"","meta":{"_trash_the_other_posts":false},"product_brand":[],"product_cat":[546],"product_tag":[],"berocket_brand":[1418],"class_list":{"0":"post-126952","1":"product","2":"type-product","3":"status-publish","4":"has-post-thumbnail","6":"product_cat-harstyling","7":"pa_brand-bjork","8":"berocket_brand-bjork","10":"first","11":"instock","12":"sale","13":"taxable","14":"shipping-taxable","15":"purchasable","16":"product-type-simple"},"_links":{"self":[{"href":"https:\/\/stylingagenten.com\/fi\/wp-json\/wp\/v2\/product\/126952","targetHints":{"allow":["GET"]}}],"collection":[{"href":"https:\/\/stylingagenten.com\/fi\/wp-json\/wp\/v2\/product"}],"about":[{"href":"https:\/\/stylingagenten.com\/fi\/wp-json\/wp\/v2\/types\/product"}],"replies":[{"embeddable":true,"href":"https:\/\/stylingagenten.com\/fi\/wp-json\/wp\/v2\/comments?post=126952"}],"version-history":[{"count":0,"href":"https:\/\/stylingagenten.com\/fi\/wp-json\/wp\/v2\/product\/126952\/revisions"}],"wp:featuredmedia":[{"embeddable":true,"href":"https:\/\/stylingagenten.com\/fi\/wp-json\/wp\/v2\/media\/126951"}],"wp:attachment":[{"href":"https:\/\/stylingagenten.com\/fi\/wp-json\/wp\/v2\/media?parent=126952"}],"wp:term":[{"taxonomy":"product_brand","embeddable":true,"href":"https:\/\/stylingagenten.com\/fi\/wp-json\/wp\/v2\/product_brand?post=126952"},{"taxonomy":"product_cat","embeddable":true,"href":"https:\/\/stylingagenten.com\/fi\/wp-json\/wp\/v2\/product_cat?post=126952"},{"taxonomy":"product_tag","embeddable":true,"href":"https:\/\/stylingagenten.com\/fi\/wp-json\/wp\/v2\/product_tag?post=126952"},{"taxonomy":"berocket_brand","embeddable":true,"href":"https:\/\/stylingagenten.com\/fi\/wp-json\/wp\/v2\/berocket_brand?post=126952"}],"curies":[{"name":"wp","href":"https:\/\/api.w.org\/{rel}","templated":true}]}}