{"id":126950,"date":"2025-05-18T22:08:48","date_gmt":"2025-05-18T22:08:48","guid":{"rendered":"https:\/\/staging2.stylingagenten.com\/fi\/produkt\/bjork-tamja-multi-use-leave-in-tamer-150ml\/"},"modified":"2026-04-06T20:18:28","modified_gmt":"2026-04-06T20:18:28","slug":"bjork-tamja-multi-use-leave-in-tamer-150ml","status":"publish","type":"product","link":"https:\/\/stylingagenten.com\/fi\/tuote\/bjork-tamja-multi-use-leave-in-tamer-150ml\/","title":{"rendered":"Bj\u00f6rk T\u00c4MJA Multi Use Leave In Tamer 150ml"},"content":{"rendered":"<p>Bj\u00f6rk T\u00c4MJA Multi Use Leave In Tamer on monik\u00e4ytt\u00f6inen j\u00e4tett\u00e4v\u00e4 hoitovoide, joka taittaa, suojaa ja tekee hiuksista silkkiset. Ravitseva ja kevytrakenteinen koostumus, joka sis\u00e4lt\u00e4\u00e4 pantenolia, auringonkukka- ja koivu-uutetta. Korjaa, hoitaa ja suojaa hiuksia l\u00e4mp\u00f6ty\u00f6kalujen aiheuttamilta vaurioilta. Sis\u00e4lt\u00e4\u00e4 UV-suojan. Luoda sile\u00e4t ja p\u00f6rr\u00f6tt\u00f6m\u00e4t hiukset kauniilla kiillolla, joka kest\u00e4\u00e4 koko p\u00e4iv\u00e4n.<\/p>\n<p>Tuoksu: Raikas ja hedelm\u00e4inen tuoksu, jossa on vivahteita vesimelonista.<\/p>\n<p>150 ml<\/p>\n","protected":false},"excerpt":{"rendered":"<p>Bj\u00f6rk T\u00c4MJA Multi Use Leave In Tamer on monik\u00e4ytt\u00f6inen j\u00e4tett\u00e4v\u00e4 hoitovoide, joka taittaa, suojaa ja tekee hiuksista silkkiset. Ravitseva ja kevytrakenteinen koostumus, joka sis\u00e4lt\u00e4\u00e4 pantenolia, auringonkukka- ja koivu-uutetta. Korjaa, hoitaa ja suojaa hiuksia l\u00e4mp\u00f6ty\u00f6kalujen aiheuttamilta vaurioilta. Sis\u00e4lt\u00e4\u00e4 UV-suojan. Luoda sile\u00e4t ja p\u00f6rr\u00f6tt\u00f6m\u00e4t hiukset kauniilla kiillolla, joka kest\u00e4\u00e4 koko p\u00e4iv\u00e4n. Tuoksu: Raikas ja hedelm\u00e4inen tuoksu, jossa [&hellip;]<\/p>\n","protected":false},"featured_media":126949,"comment_status":"open","ping_status":"closed","template":"","meta":{"_trash_the_other_posts":false},"product_brand":[],"product_cat":[615],"product_tag":[],"berocket_brand":[1418],"class_list":{"0":"post-126950","1":"product","2":"type-product","3":"status-publish","4":"has-post-thumbnail","6":"product_cat-hiusten-seerumi","7":"pa_brand-bjork","8":"berocket_brand-bjork","10":"first","11":"instock","12":"sale","13":"taxable","14":"shipping-taxable","15":"purchasable","16":"product-type-simple"},"_links":{"self":[{"href":"https:\/\/stylingagenten.com\/fi\/wp-json\/wp\/v2\/product\/126950","targetHints":{"allow":["GET"]}}],"collection":[{"href":"https:\/\/stylingagenten.com\/fi\/wp-json\/wp\/v2\/product"}],"about":[{"href":"https:\/\/stylingagenten.com\/fi\/wp-json\/wp\/v2\/types\/product"}],"replies":[{"embeddable":true,"href":"https:\/\/stylingagenten.com\/fi\/wp-json\/wp\/v2\/comments?post=126950"}],"version-history":[{"count":0,"href":"https:\/\/stylingagenten.com\/fi\/wp-json\/wp\/v2\/product\/126950\/revisions"}],"wp:featuredmedia":[{"embeddable":true,"href":"https:\/\/stylingagenten.com\/fi\/wp-json\/wp\/v2\/media\/126949"}],"wp:attachment":[{"href":"https:\/\/stylingagenten.com\/fi\/wp-json\/wp\/v2\/media?parent=126950"}],"wp:term":[{"taxonomy":"product_brand","embeddable":true,"href":"https:\/\/stylingagenten.com\/fi\/wp-json\/wp\/v2\/product_brand?post=126950"},{"taxonomy":"product_cat","embeddable":true,"href":"https:\/\/stylingagenten.com\/fi\/wp-json\/wp\/v2\/product_cat?post=126950"},{"taxonomy":"product_tag","embeddable":true,"href":"https:\/\/stylingagenten.com\/fi\/wp-json\/wp\/v2\/product_tag?post=126950"},{"taxonomy":"berocket_brand","embeddable":true,"href":"https:\/\/stylingagenten.com\/fi\/wp-json\/wp\/v2\/berocket_brand?post=126950"}],"curies":[{"name":"wp","href":"https:\/\/api.w.org\/{rel}","templated":true}]}}