{"id":126946,"date":"2025-05-18T22:08:46","date_gmt":"2025-05-18T22:08:46","guid":{"rendered":"https:\/\/staging2.stylingagenten.com\/fi\/produkt\/living-proof-no-frizz-smooth-styling-cream-236ml\/"},"modified":"2026-04-08T15:29:15","modified_gmt":"2026-04-08T15:29:15","slug":"living-proof-no-frizz-smooth-styling-cream-236ml","status":"publish","type":"product","link":"https:\/\/stylingagenten.com\/fi\/tuote\/living-proof-no-frizz-smooth-styling-cream-236ml\/","title":{"rendered":"Living Proof No Frizz Smooth Styling Cream 236ml"},"content":{"rendered":"<p>Living Proof No Frizz Smooth Styling Cream on v\u00e4ltt\u00e4m\u00e4t\u00f6n niille, joilla on keskipitk\u00e4t hiukset ja jotka haluavat hienostuneen ratkaisun p\u00f6rr\u00f6isyyden hallitsemiseksi. T\u00e4m\u00e4 muotoiluvoide on silikoniton ja tarjoaa kattavan hoidon hiuksillesi juurista latvaan. Lopputulos? Hiukset muuttuvat sileiksi, kiilt\u00e4viksi, uskomattoman pehmeiksi ja helposti k\u00e4sitelt\u00e4viksi.<\/p>\n<p>236 ml<\/p>\n","protected":false},"excerpt":{"rendered":"<p>Living Proof No Frizz Smooth Styling Cream on v\u00e4ltt\u00e4m\u00e4t\u00f6n niille, joilla on keskipitk\u00e4t hiukset ja jotka haluavat hienostuneen ratkaisun p\u00f6rr\u00f6isyyden hallitsemiseksi. T\u00e4m\u00e4 muotoiluvoide on silikoniton ja tarjoaa kattavan hoidon hiuksillesi juurista latvaan. Lopputulos? Hiukset muuttuvat sileiksi, kiilt\u00e4viksi, uskomattoman pehmeiksi ja helposti k\u00e4sitelt\u00e4viksi. 236 ml<\/p>\n","protected":false},"featured_media":126934,"comment_status":"open","ping_status":"closed","template":"","meta":{"_trash_the_other_posts":false},"product_brand":[],"product_cat":[546],"product_tag":[],"berocket_brand":[1392],"class_list":{"0":"post-126946","1":"product","2":"type-product","3":"status-publish","4":"has-post-thumbnail","6":"product_cat-harstyling","7":"pa_brand-living-proof","8":"berocket_brand-living-proof","10":"first","11":"outofstock","12":"sale","13":"taxable","14":"shipping-taxable","15":"purchasable","16":"product-type-simple"},"_links":{"self":[{"href":"https:\/\/stylingagenten.com\/fi\/wp-json\/wp\/v2\/product\/126946","targetHints":{"allow":["GET"]}}],"collection":[{"href":"https:\/\/stylingagenten.com\/fi\/wp-json\/wp\/v2\/product"}],"about":[{"href":"https:\/\/stylingagenten.com\/fi\/wp-json\/wp\/v2\/types\/product"}],"replies":[{"embeddable":true,"href":"https:\/\/stylingagenten.com\/fi\/wp-json\/wp\/v2\/comments?post=126946"}],"version-history":[{"count":0,"href":"https:\/\/stylingagenten.com\/fi\/wp-json\/wp\/v2\/product\/126946\/revisions"}],"wp:featuredmedia":[{"embeddable":true,"href":"https:\/\/stylingagenten.com\/fi\/wp-json\/wp\/v2\/media\/126934"}],"wp:attachment":[{"href":"https:\/\/stylingagenten.com\/fi\/wp-json\/wp\/v2\/media?parent=126946"}],"wp:term":[{"taxonomy":"product_brand","embeddable":true,"href":"https:\/\/stylingagenten.com\/fi\/wp-json\/wp\/v2\/product_brand?post=126946"},{"taxonomy":"product_cat","embeddable":true,"href":"https:\/\/stylingagenten.com\/fi\/wp-json\/wp\/v2\/product_cat?post=126946"},{"taxonomy":"product_tag","embeddable":true,"href":"https:\/\/stylingagenten.com\/fi\/wp-json\/wp\/v2\/product_tag?post=126946"},{"taxonomy":"berocket_brand","embeddable":true,"href":"https:\/\/stylingagenten.com\/fi\/wp-json\/wp\/v2\/berocket_brand?post=126946"}],"curies":[{"name":"wp","href":"https:\/\/api.w.org\/{rel}","templated":true}]}}