{"id":126933,"date":"2025-05-18T22:08:43","date_gmt":"2025-05-18T22:08:43","guid":{"rendered":"https:\/\/staging2.stylingagenten.com\/fi\/produkt\/milk_shake-lifestyling-styling-potion-175ml\/"},"modified":"2026-03-11T21:58:54","modified_gmt":"2026-03-11T21:58:54","slug":"milk_shake-lifestyling-styling-potion-175ml","status":"publish","type":"product","link":"https:\/\/stylingagenten.com\/fi\/tuote\/milk_shake-lifestyling-styling-potion-175ml\/","title":{"rendered":"Milk_Shake Lifestyling Styling Potion 175ml"},"content":{"rendered":"<p>Milk_Shake Lifestyling Styling Potion on muotoiluvoide, joka antaa volyymia ja silottaa hiuksia hiustyypist\u00e4 riippumatta. Monipuolinen voide tekee hiuksista kiilt\u00e4v\u00e4t ja luonnollisen t\u00e4ytel\u00e4iset.<\/p>\n<p>175ml<\/p>\n","protected":false},"excerpt":{"rendered":"<p>Milk_Shake Lifestyling Styling Potion on muotoiluvoide, joka antaa volyymia ja silottaa hiuksia hiustyypist\u00e4 riippumatta. Monipuolinen voide tekee hiuksista kiilt\u00e4v\u00e4t ja luonnollisen t\u00e4ytel\u00e4iset. 175ml<\/p>\n","protected":false},"featured_media":126929,"comment_status":"open","ping_status":"closed","template":"","meta":{"_trash_the_other_posts":false},"product_brand":[],"product_cat":[546],"product_tag":[],"berocket_brand":[1085],"class_list":{"0":"post-126933","1":"product","2":"type-product","3":"status-publish","4":"has-post-thumbnail","6":"product_cat-harstyling","7":"pa_brand-milk_shake","8":"berocket_brand-milk_shake","10":"first","11":"instock","12":"sale","13":"taxable","14":"shipping-taxable","15":"purchasable","16":"product-type-simple"},"_links":{"self":[{"href":"https:\/\/stylingagenten.com\/fi\/wp-json\/wp\/v2\/product\/126933","targetHints":{"allow":["GET"]}}],"collection":[{"href":"https:\/\/stylingagenten.com\/fi\/wp-json\/wp\/v2\/product"}],"about":[{"href":"https:\/\/stylingagenten.com\/fi\/wp-json\/wp\/v2\/types\/product"}],"replies":[{"embeddable":true,"href":"https:\/\/stylingagenten.com\/fi\/wp-json\/wp\/v2\/comments?post=126933"}],"version-history":[{"count":0,"href":"https:\/\/stylingagenten.com\/fi\/wp-json\/wp\/v2\/product\/126933\/revisions"}],"wp:featuredmedia":[{"embeddable":true,"href":"https:\/\/stylingagenten.com\/fi\/wp-json\/wp\/v2\/media\/126929"}],"wp:attachment":[{"href":"https:\/\/stylingagenten.com\/fi\/wp-json\/wp\/v2\/media?parent=126933"}],"wp:term":[{"taxonomy":"product_brand","embeddable":true,"href":"https:\/\/stylingagenten.com\/fi\/wp-json\/wp\/v2\/product_brand?post=126933"},{"taxonomy":"product_cat","embeddable":true,"href":"https:\/\/stylingagenten.com\/fi\/wp-json\/wp\/v2\/product_cat?post=126933"},{"taxonomy":"product_tag","embeddable":true,"href":"https:\/\/stylingagenten.com\/fi\/wp-json\/wp\/v2\/product_tag?post=126933"},{"taxonomy":"berocket_brand","embeddable":true,"href":"https:\/\/stylingagenten.com\/fi\/wp-json\/wp\/v2\/berocket_brand?post=126933"}],"curies":[{"name":"wp","href":"https:\/\/api.w.org\/{rel}","templated":true}]}}