{"id":126923,"date":"2025-05-18T22:08:39","date_gmt":"2025-05-18T22:08:39","guid":{"rendered":"https:\/\/staging2.stylingagenten.com\/fi\/produkt\/goldwell-stylesign-curls-lightweight-fluid-150ml\/"},"modified":"2026-03-30T07:18:50","modified_gmt":"2026-03-30T07:18:50","slug":"goldwell-stylesign-curls-lightweight-fluid-150ml","status":"publish","type":"product","link":"https:\/\/stylingagenten.com\/fi\/tuote\/goldwell-stylesign-curls-lightweight-fluid-150ml\/","title":{"rendered":"Goldwell StyleSign Curls Lightweight Fluid 150ml"},"content":{"rendered":"<p>Goldwell StyleSign Lightweight Fluid antaa v\u00e4litt\u00f6m\u00e4n m\u00e4\u00e4rittelyn pehmeille, luonnollisille kiharoille ja laineille, jotka voidaan aktivoida uudelleen.<\/p>\n<p>Kiinnitys: 2\/5<br \/>\n<br \/>Kiilto: 2\/3<\/p>\n<p>150ml<\/p>\n","protected":false},"excerpt":{"rendered":"<p>Goldwell StyleSign Lightweight Fluid antaa v\u00e4litt\u00f6m\u00e4n m\u00e4\u00e4rittelyn pehmeille, luonnollisille kiharoille ja laineille, jotka voidaan aktivoida uudelleen. Kiinnitys: 2\/5 Kiilto: 2\/3 150ml<\/p>\n","protected":false},"featured_media":126919,"comment_status":"open","ping_status":"closed","template":"","meta":{"_trash_the_other_posts":false},"product_brand":[],"product_cat":[546],"product_tag":[],"berocket_brand":[1328],"class_list":{"0":"post-126923","1":"product","2":"type-product","3":"status-publish","4":"has-post-thumbnail","6":"product_cat-harstyling","7":"pa_brand-goldwell","8":"berocket_brand-goldwell","10":"first","11":"instock","12":"sale","13":"taxable","14":"shipping-taxable","15":"purchasable","16":"product-type-simple"},"_links":{"self":[{"href":"https:\/\/stylingagenten.com\/fi\/wp-json\/wp\/v2\/product\/126923","targetHints":{"allow":["GET"]}}],"collection":[{"href":"https:\/\/stylingagenten.com\/fi\/wp-json\/wp\/v2\/product"}],"about":[{"href":"https:\/\/stylingagenten.com\/fi\/wp-json\/wp\/v2\/types\/product"}],"replies":[{"embeddable":true,"href":"https:\/\/stylingagenten.com\/fi\/wp-json\/wp\/v2\/comments?post=126923"}],"version-history":[{"count":0,"href":"https:\/\/stylingagenten.com\/fi\/wp-json\/wp\/v2\/product\/126923\/revisions"}],"wp:featuredmedia":[{"embeddable":true,"href":"https:\/\/stylingagenten.com\/fi\/wp-json\/wp\/v2\/media\/126919"}],"wp:attachment":[{"href":"https:\/\/stylingagenten.com\/fi\/wp-json\/wp\/v2\/media?parent=126923"}],"wp:term":[{"taxonomy":"product_brand","embeddable":true,"href":"https:\/\/stylingagenten.com\/fi\/wp-json\/wp\/v2\/product_brand?post=126923"},{"taxonomy":"product_cat","embeddable":true,"href":"https:\/\/stylingagenten.com\/fi\/wp-json\/wp\/v2\/product_cat?post=126923"},{"taxonomy":"product_tag","embeddable":true,"href":"https:\/\/stylingagenten.com\/fi\/wp-json\/wp\/v2\/product_tag?post=126923"},{"taxonomy":"berocket_brand","embeddable":true,"href":"https:\/\/stylingagenten.com\/fi\/wp-json\/wp\/v2\/berocket_brand?post=126923"}],"curies":[{"name":"wp","href":"https:\/\/api.w.org\/{rel}","templated":true}]}}