{"id":126920,"date":"2025-05-18T22:08:38","date_gmt":"2025-05-18T22:08:38","guid":{"rendered":"https:\/\/staging2.stylingagenten.com\/fi\/produkt\/goldwell-stylesign-heat-styling-everyday-blow-dry-spray-200ml\/"},"modified":"2026-04-13T20:38:35","modified_gmt":"2026-04-13T20:38:35","slug":"goldwell-stylesign-heat-styling-everyday-blow-dry-spray-200ml","status":"publish","type":"product","link":"https:\/\/stylingagenten.com\/fi\/tuote\/goldwell-stylesign-heat-styling-everyday-blow-dry-spray-200ml\/","title":{"rendered":"Goldwell StyleSign Heat Styling Everyday Blow-dry Spray 200ml"},"content":{"rendered":"<p>Goldwell StyleSign Everyday Blow-Dry Spray antaa v\u00e4litt\u00f6m\u00e4n kontrollin ja l\u00e4mp\u00f6suojan kuivaamisen aikana. Kiinnitys 3\/5, Kiilto 2\/3. T\u00e4ydellinen ohuelle tai keskipaksulle hiukselle.<\/p>\n<p>200ml<\/p>\n","protected":false},"excerpt":{"rendered":"<p>Goldwell StyleSign Everyday Blow-Dry Spray antaa v\u00e4litt\u00f6m\u00e4n kontrollin ja l\u00e4mp\u00f6suojan kuivaamisen aikana. Kiinnitys 3\/5, Kiilto 2\/3. T\u00e4ydellinen ohuelle tai keskipaksulle hiukselle. 200ml<\/p>\n","protected":false},"featured_media":126917,"comment_status":"open","ping_status":"closed","template":"","meta":{"_trash_the_other_posts":false},"product_brand":[],"product_cat":[546],"product_tag":[],"berocket_brand":[1328],"class_list":{"0":"post-126920","1":"product","2":"type-product","3":"status-publish","4":"has-post-thumbnail","6":"product_cat-harstyling","7":"pa_brand-goldwell","8":"berocket_brand-goldwell","10":"first","11":"instock","12":"sale","13":"taxable","14":"shipping-taxable","15":"purchasable","16":"product-type-simple"},"_links":{"self":[{"href":"https:\/\/stylingagenten.com\/fi\/wp-json\/wp\/v2\/product\/126920","targetHints":{"allow":["GET"]}}],"collection":[{"href":"https:\/\/stylingagenten.com\/fi\/wp-json\/wp\/v2\/product"}],"about":[{"href":"https:\/\/stylingagenten.com\/fi\/wp-json\/wp\/v2\/types\/product"}],"replies":[{"embeddable":true,"href":"https:\/\/stylingagenten.com\/fi\/wp-json\/wp\/v2\/comments?post=126920"}],"version-history":[{"count":0,"href":"https:\/\/stylingagenten.com\/fi\/wp-json\/wp\/v2\/product\/126920\/revisions"}],"wp:featuredmedia":[{"embeddable":true,"href":"https:\/\/stylingagenten.com\/fi\/wp-json\/wp\/v2\/media\/126917"}],"wp:attachment":[{"href":"https:\/\/stylingagenten.com\/fi\/wp-json\/wp\/v2\/media?parent=126920"}],"wp:term":[{"taxonomy":"product_brand","embeddable":true,"href":"https:\/\/stylingagenten.com\/fi\/wp-json\/wp\/v2\/product_brand?post=126920"},{"taxonomy":"product_cat","embeddable":true,"href":"https:\/\/stylingagenten.com\/fi\/wp-json\/wp\/v2\/product_cat?post=126920"},{"taxonomy":"product_tag","embeddable":true,"href":"https:\/\/stylingagenten.com\/fi\/wp-json\/wp\/v2\/product_tag?post=126920"},{"taxonomy":"berocket_brand","embeddable":true,"href":"https:\/\/stylingagenten.com\/fi\/wp-json\/wp\/v2\/berocket_brand?post=126920"}],"curies":[{"name":"wp","href":"https:\/\/api.w.org\/{rel}","templated":true}]}}