{"id":126916,"date":"2025-05-18T22:08:36","date_gmt":"2025-05-18T22:08:36","guid":{"rendered":"https:\/\/staging2.stylingagenten.com\/fi\/produkt\/milk_shake-lifestyling-liquid-styler-250ml\/"},"modified":"2026-03-11T21:56:08","modified_gmt":"2026-03-11T21:56:08","slug":"milk_shake-lifestyling-liquid-styler-250ml","status":"publish","type":"product","link":"https:\/\/stylingagenten.com\/fi\/tuote\/milk_shake-lifestyling-liquid-styler-250ml\/","title":{"rendered":"Milk_Shake Lifestyling Liquid Styler 250ml"},"content":{"rendered":"<p>Milk_Shake Lifestyling Liquid Styler on monipuolinen muotoiluneste, joka on ihanteellinen luomaan erottuvuutta ja pehme\u00e4\u00e4, joustavaa pitoa muistiefektill\u00e4. Sopii kaikille kampauksille, luonnollisesti kuivattavaksi ja kaikille hiustyypeille. J\u00e4tt\u00e4\u00e4 hiukset t\u00e4ytel\u00e4isiksi, pehmeiksi ja kiilt\u00e4viksi.<\/p>\n<p>250ml<\/p>\n","protected":false},"excerpt":{"rendered":"<p>Milk_Shake Lifestyling Liquid Styler on monipuolinen muotoiluneste, joka on ihanteellinen luomaan erottuvuutta ja pehme\u00e4\u00e4, joustavaa pitoa muistiefektill\u00e4. Sopii kaikille kampauksille, luonnollisesti kuivattavaksi ja kaikille hiustyypeille. J\u00e4tt\u00e4\u00e4 hiukset t\u00e4ytel\u00e4isiksi, pehmeiksi ja kiilt\u00e4viksi. 250ml<\/p>\n","protected":false},"featured_media":126915,"comment_status":"open","ping_status":"closed","template":"","meta":{"_trash_the_other_posts":false},"product_brand":[],"product_cat":[546],"product_tag":[],"berocket_brand":[1085],"class_list":{"0":"post-126916","1":"product","2":"type-product","3":"status-publish","4":"has-post-thumbnail","6":"product_cat-harstyling","7":"pa_brand-milk_shake","8":"berocket_brand-milk_shake","10":"first","11":"instock","12":"sale","13":"taxable","14":"shipping-taxable","15":"purchasable","16":"product-type-simple"},"_links":{"self":[{"href":"https:\/\/stylingagenten.com\/fi\/wp-json\/wp\/v2\/product\/126916","targetHints":{"allow":["GET"]}}],"collection":[{"href":"https:\/\/stylingagenten.com\/fi\/wp-json\/wp\/v2\/product"}],"about":[{"href":"https:\/\/stylingagenten.com\/fi\/wp-json\/wp\/v2\/types\/product"}],"replies":[{"embeddable":true,"href":"https:\/\/stylingagenten.com\/fi\/wp-json\/wp\/v2\/comments?post=126916"}],"version-history":[{"count":0,"href":"https:\/\/stylingagenten.com\/fi\/wp-json\/wp\/v2\/product\/126916\/revisions"}],"wp:featuredmedia":[{"embeddable":true,"href":"https:\/\/stylingagenten.com\/fi\/wp-json\/wp\/v2\/media\/126915"}],"wp:attachment":[{"href":"https:\/\/stylingagenten.com\/fi\/wp-json\/wp\/v2\/media?parent=126916"}],"wp:term":[{"taxonomy":"product_brand","embeddable":true,"href":"https:\/\/stylingagenten.com\/fi\/wp-json\/wp\/v2\/product_brand?post=126916"},{"taxonomy":"product_cat","embeddable":true,"href":"https:\/\/stylingagenten.com\/fi\/wp-json\/wp\/v2\/product_cat?post=126916"},{"taxonomy":"product_tag","embeddable":true,"href":"https:\/\/stylingagenten.com\/fi\/wp-json\/wp\/v2\/product_tag?post=126916"},{"taxonomy":"berocket_brand","embeddable":true,"href":"https:\/\/stylingagenten.com\/fi\/wp-json\/wp\/v2\/berocket_brand?post=126916"}],"curies":[{"name":"wp","href":"https:\/\/api.w.org\/{rel}","templated":true}]}}