{"id":126908,"date":"2025-05-18T22:08:33","date_gmt":"2025-05-18T22:08:33","guid":{"rendered":"https:\/\/staging2.stylingagenten.com\/fi\/produkt\/goldwell-stylesign-curls-bundling-gel-150ml\/"},"modified":"2026-04-01T14:01:14","modified_gmt":"2026-04-01T14:01:14","slug":"goldwell-stylesign-curls-bundling-gel-150ml","status":"publish","type":"product","link":"https:\/\/stylingagenten.com\/fi\/tuote\/goldwell-stylesign-curls-bundling-gel-150ml\/","title":{"rendered":"Goldwell StyleSign Curls Bundling Gel 150ml"},"content":{"rendered":"<p>Goldwell StyleSign Bundling Gel m\u00e4\u00e4rittelee, kosteuttaa ja tekee kiharoista kimmoisat heti ja jopa 72 tuntia. Est\u00e4\u00e4 p\u00f6rr\u00f6isyyden ja tamee kiharat ilman, ett\u00e4 hiukset tuntuvat kankeilta. Vegaaninen, CO2-kompensoitu ja dermatologisesti testattu. Kiinnitys 3\/5, Kiilto 2\/3.<\/p>\n<p>T\u00e4ydellinen ohuelle tai keskipaksulle hiukselle.<\/p>\n<p>150ml<\/p>\n","protected":false},"excerpt":{"rendered":"<p>Goldwell StyleSign Bundling Gel m\u00e4\u00e4rittelee, kosteuttaa ja tekee kiharoista kimmoisat heti ja jopa 72 tuntia. Est\u00e4\u00e4 p\u00f6rr\u00f6isyyden ja tamee kiharat ilman, ett\u00e4 hiukset tuntuvat kankeilta. Vegaaninen, CO2-kompensoitu ja dermatologisesti testattu. Kiinnitys 3\/5, Kiilto 2\/3. T\u00e4ydellinen ohuelle tai keskipaksulle hiukselle. 150ml<\/p>\n","protected":false},"featured_media":126905,"comment_status":"open","ping_status":"closed","template":"","meta":{"_trash_the_other_posts":false},"product_brand":[],"product_cat":[546],"product_tag":[],"berocket_brand":[1328],"class_list":{"0":"post-126908","1":"product","2":"type-product","3":"status-publish","4":"has-post-thumbnail","6":"product_cat-harstyling","7":"pa_brand-goldwell","8":"berocket_brand-goldwell","10":"first","11":"instock","12":"sale","13":"taxable","14":"shipping-taxable","15":"purchasable","16":"product-type-simple"},"_links":{"self":[{"href":"https:\/\/stylingagenten.com\/fi\/wp-json\/wp\/v2\/product\/126908","targetHints":{"allow":["GET"]}}],"collection":[{"href":"https:\/\/stylingagenten.com\/fi\/wp-json\/wp\/v2\/product"}],"about":[{"href":"https:\/\/stylingagenten.com\/fi\/wp-json\/wp\/v2\/types\/product"}],"replies":[{"embeddable":true,"href":"https:\/\/stylingagenten.com\/fi\/wp-json\/wp\/v2\/comments?post=126908"}],"version-history":[{"count":0,"href":"https:\/\/stylingagenten.com\/fi\/wp-json\/wp\/v2\/product\/126908\/revisions"}],"wp:featuredmedia":[{"embeddable":true,"href":"https:\/\/stylingagenten.com\/fi\/wp-json\/wp\/v2\/media\/126905"}],"wp:attachment":[{"href":"https:\/\/stylingagenten.com\/fi\/wp-json\/wp\/v2\/media?parent=126908"}],"wp:term":[{"taxonomy":"product_brand","embeddable":true,"href":"https:\/\/stylingagenten.com\/fi\/wp-json\/wp\/v2\/product_brand?post=126908"},{"taxonomy":"product_cat","embeddable":true,"href":"https:\/\/stylingagenten.com\/fi\/wp-json\/wp\/v2\/product_cat?post=126908"},{"taxonomy":"product_tag","embeddable":true,"href":"https:\/\/stylingagenten.com\/fi\/wp-json\/wp\/v2\/product_tag?post=126908"},{"taxonomy":"berocket_brand","embeddable":true,"href":"https:\/\/stylingagenten.com\/fi\/wp-json\/wp\/v2\/berocket_brand?post=126908"}],"curies":[{"name":"wp","href":"https:\/\/api.w.org\/{rel}","templated":true}]}}