{"id":126891,"date":"2025-05-18T22:08:26","date_gmt":"2025-05-18T22:08:26","guid":{"rendered":"https:\/\/staging2.stylingagenten.com\/fi\/produkt\/milk_shake-lifestyling-blow-dry-primer-200ml\/"},"modified":"2026-04-05T16:37:47","modified_gmt":"2026-04-05T16:37:47","slug":"milk_shake-lifestyling-blow-dry-primer-200ml","status":"publish","type":"product","link":"https:\/\/stylingagenten.com\/fi\/tuote\/milk_shake-lifestyling-blow-dry-primer-200ml\/","title":{"rendered":"Milk_Shake Lifestyling Blow-Dry Primer 200ml"},"content":{"rendered":"<p>Milk_Shake Lifestyling Blow-Dry Primer on esimuotoiluvoide, joka antaa hiuksille tekstuuria. Tuotteella on pehme\u00e4n vaahdon koostumus, joka on helppo levitt\u00e4\u00e4 hiuksiin. Suojaa l\u00e4mm\u00f6lt\u00e4, lyhent\u00e4\u00e4 kuivumisaikaa, auttaa kampausta kest\u00e4m\u00e4\u00e4n pidemp\u00e4\u00e4n ja est\u00e4\u00e4 v\u00e4rin haalistumisen.<\/p>\n<p>200ml<\/p>\n","protected":false},"excerpt":{"rendered":"<p>Milk_Shake Lifestyling Blow-Dry Primer on esimuotoiluvoide, joka antaa hiuksille tekstuuria. Tuotteella on pehme\u00e4n vaahdon koostumus, joka on helppo levitt\u00e4\u00e4 hiuksiin. Suojaa l\u00e4mm\u00f6lt\u00e4, lyhent\u00e4\u00e4 kuivumisaikaa, auttaa kampausta kest\u00e4m\u00e4\u00e4n pidemp\u00e4\u00e4n ja est\u00e4\u00e4 v\u00e4rin haalistumisen. 200ml<\/p>\n","protected":false},"featured_media":126889,"comment_status":"open","ping_status":"closed","template":"","meta":{"_trash_the_other_posts":false},"product_brand":[],"product_cat":[546],"product_tag":[],"berocket_brand":[1085],"class_list":{"0":"post-126891","1":"product","2":"type-product","3":"status-publish","4":"has-post-thumbnail","6":"product_cat-harstyling","7":"pa_brand-milk_shake","8":"berocket_brand-milk_shake","10":"first","11":"instock","12":"sale","13":"taxable","14":"shipping-taxable","15":"purchasable","16":"product-type-simple"},"_links":{"self":[{"href":"https:\/\/stylingagenten.com\/fi\/wp-json\/wp\/v2\/product\/126891","targetHints":{"allow":["GET"]}}],"collection":[{"href":"https:\/\/stylingagenten.com\/fi\/wp-json\/wp\/v2\/product"}],"about":[{"href":"https:\/\/stylingagenten.com\/fi\/wp-json\/wp\/v2\/types\/product"}],"replies":[{"embeddable":true,"href":"https:\/\/stylingagenten.com\/fi\/wp-json\/wp\/v2\/comments?post=126891"}],"version-history":[{"count":0,"href":"https:\/\/stylingagenten.com\/fi\/wp-json\/wp\/v2\/product\/126891\/revisions"}],"wp:featuredmedia":[{"embeddable":true,"href":"https:\/\/stylingagenten.com\/fi\/wp-json\/wp\/v2\/media\/126889"}],"wp:attachment":[{"href":"https:\/\/stylingagenten.com\/fi\/wp-json\/wp\/v2\/media?parent=126891"}],"wp:term":[{"taxonomy":"product_brand","embeddable":true,"href":"https:\/\/stylingagenten.com\/fi\/wp-json\/wp\/v2\/product_brand?post=126891"},{"taxonomy":"product_cat","embeddable":true,"href":"https:\/\/stylingagenten.com\/fi\/wp-json\/wp\/v2\/product_cat?post=126891"},{"taxonomy":"product_tag","embeddable":true,"href":"https:\/\/stylingagenten.com\/fi\/wp-json\/wp\/v2\/product_tag?post=126891"},{"taxonomy":"berocket_brand","embeddable":true,"href":"https:\/\/stylingagenten.com\/fi\/wp-json\/wp\/v2\/berocket_brand?post=126891"}],"curies":[{"name":"wp","href":"https:\/\/api.w.org\/{rel}","templated":true}]}}