{"id":126886,"date":"2025-05-18T22:08:24","date_gmt":"2025-05-18T22:08:24","guid":{"rendered":"https:\/\/staging2.stylingagenten.com\/fi\/produkt\/sachajuan-ocean-mist-texturizing-hair-cream-125ml\/"},"modified":"2026-04-02T17:58:36","modified_gmt":"2026-04-02T17:58:36","slug":"sachajuan-ocean-mist-texturizing-hair-cream-125ml","status":"publish","type":"product","link":"https:\/\/stylingagenten.com\/fi\/tuote\/sachajuan-ocean-mist-texturizing-hair-cream-125ml\/","title":{"rendered":"SACHAJUAN Ocean Mist Texturizing Hair Cream 125ml"},"content":{"rendered":"<p>SACHAJUAN Ocean Mist Texturizing Hair Cream on muotoiluvoide, joka on rikastettu hoitavilla ja remineralisoivilla levill\u00e4 ja Ocean Silk -teknologialla, mik\u00e4 luo hiuksille pehme\u00e4n rakenteen ja volyymi\u00e4. T\u00e4ydellinen luomaan ilme ja tunne, jonka hiuksesi saavat rantap\u00e4iv\u00e4n j\u00e4lkeen, samalla kun se antaa hiuksille voimaa ja joustavuutta.<br \/>\n<br \/>125 ml<\/p>\n","protected":false},"excerpt":{"rendered":"<p>SACHAJUAN Ocean Mist Texturizing Hair Cream on muotoiluvoide, joka on rikastettu hoitavilla ja remineralisoivilla levill\u00e4 ja Ocean Silk -teknologialla, mik\u00e4 luo hiuksille pehme\u00e4n rakenteen ja volyymi\u00e4. T\u00e4ydellinen luomaan ilme ja tunne, jonka hiuksesi saavat rantap\u00e4iv\u00e4n j\u00e4lkeen, samalla kun se antaa hiuksille voimaa ja joustavuutta. 125 ml<\/p>\n","protected":false},"featured_media":126885,"comment_status":"open","ping_status":"closed","template":"","meta":{"_trash_the_other_posts":false},"product_brand":[],"product_cat":[546],"product_tag":[],"berocket_brand":[1409],"class_list":{"0":"post-126886","1":"product","2":"type-product","3":"status-publish","4":"has-post-thumbnail","6":"product_cat-harstyling","7":"pa_brand-sachajuan","8":"berocket_brand-sachajuan","10":"first","11":"instock","12":"sale","13":"taxable","14":"shipping-taxable","15":"purchasable","16":"product-type-simple"},"_links":{"self":[{"href":"https:\/\/stylingagenten.com\/fi\/wp-json\/wp\/v2\/product\/126886","targetHints":{"allow":["GET"]}}],"collection":[{"href":"https:\/\/stylingagenten.com\/fi\/wp-json\/wp\/v2\/product"}],"about":[{"href":"https:\/\/stylingagenten.com\/fi\/wp-json\/wp\/v2\/types\/product"}],"replies":[{"embeddable":true,"href":"https:\/\/stylingagenten.com\/fi\/wp-json\/wp\/v2\/comments?post=126886"}],"version-history":[{"count":0,"href":"https:\/\/stylingagenten.com\/fi\/wp-json\/wp\/v2\/product\/126886\/revisions"}],"wp:featuredmedia":[{"embeddable":true,"href":"https:\/\/stylingagenten.com\/fi\/wp-json\/wp\/v2\/media\/126885"}],"wp:attachment":[{"href":"https:\/\/stylingagenten.com\/fi\/wp-json\/wp\/v2\/media?parent=126886"}],"wp:term":[{"taxonomy":"product_brand","embeddable":true,"href":"https:\/\/stylingagenten.com\/fi\/wp-json\/wp\/v2\/product_brand?post=126886"},{"taxonomy":"product_cat","embeddable":true,"href":"https:\/\/stylingagenten.com\/fi\/wp-json\/wp\/v2\/product_cat?post=126886"},{"taxonomy":"product_tag","embeddable":true,"href":"https:\/\/stylingagenten.com\/fi\/wp-json\/wp\/v2\/product_tag?post=126886"},{"taxonomy":"berocket_brand","embeddable":true,"href":"https:\/\/stylingagenten.com\/fi\/wp-json\/wp\/v2\/berocket_brand?post=126886"}],"curies":[{"name":"wp","href":"https:\/\/api.w.org\/{rel}","templated":true}]}}