{"id":126884,"date":"2025-05-18T22:08:23","date_gmt":"2025-05-18T22:08:23","guid":{"rendered":"https:\/\/staging2.stylingagenten.com\/fi\/produkt\/balmain-moisturizing-styling-cream-150ml\/"},"modified":"2026-03-11T21:59:14","modified_gmt":"2026-03-11T21:59:14","slug":"balmain-moisturizing-styling-cream-150ml","status":"publish","type":"product","link":"https:\/\/stylingagenten.com\/fi\/tuote\/balmain-moisturizing-styling-cream-150ml\/","title":{"rendered":"Balmain Moisturizing Styling Cream 150ml"},"content":{"rendered":"<p>Balmain Moisturizing Styling Cream on pehme\u00e4 ja kevyt voide, joka suojaa hiuksia vaurioilta ja tarjoaa t\u00e4ydellisen pohjan ennen muotoiluv\u00e4lineen (l\u00e4mp\u00f6ty\u00f6kalun) k\u00e4ytt\u00f6\u00e4. T\u00e4ynn\u00e4 proteiinia ja arganeliksiiri\u00e4. Tekee hiuksista sile\u00e4mm\u00e4t ja hyvin hoidetut.<\/p>\n<p>Tekee hiuksista helppoja kammata, pehmeit\u00e4 ja kiilt\u00e4vi\u00e4. Koostumus on suunniteltu esik\u00e4sittelyksi ennen muotoilua kihartimen, suoristusraudan tai hiustenkuivaajan kanssa. Hoitava voide kesytt\u00e4\u00e4 p\u00f6rr\u00f6isyyden ja suojaa hiuksia lis\u00e4vaurioilta. Kevyesti parfymoitu br\u00e4ndin tunnustuoksulla, joka antaa hiuksiin ihanan tuoksun.<\/p>\n<p>150 ml<\/p>\n","protected":false},"excerpt":{"rendered":"<p>Balmain Moisturizing Styling Cream on pehme\u00e4 ja kevyt voide, joka suojaa hiuksia vaurioilta ja tarjoaa t\u00e4ydellisen pohjan ennen muotoiluv\u00e4lineen (l\u00e4mp\u00f6ty\u00f6kalun) k\u00e4ytt\u00f6\u00e4. T\u00e4ynn\u00e4 proteiinia ja arganeliksiiri\u00e4. Tekee hiuksista sile\u00e4mm\u00e4t ja hyvin hoidetut. Tekee hiuksista helppoja kammata, pehmeit\u00e4 ja kiilt\u00e4vi\u00e4. Koostumus on suunniteltu esik\u00e4sittelyksi ennen muotoilua kihartimen, suoristusraudan tai hiustenkuivaajan kanssa. Hoitava voide kesytt\u00e4\u00e4 p\u00f6rr\u00f6isyyden ja suojaa [&hellip;]<\/p>\n","protected":false},"featured_media":126880,"comment_status":"open","ping_status":"closed","template":"","meta":{"_trash_the_other_posts":false},"product_brand":[],"product_cat":[546],"product_tag":[],"berocket_brand":[1144],"class_list":{"0":"post-126884","1":"product","2":"type-product","3":"status-publish","4":"has-post-thumbnail","6":"product_cat-harstyling","7":"pa_brand-balmain","8":"berocket_brand-balmain","10":"first","11":"instock","12":"sale","13":"taxable","14":"shipping-taxable","15":"purchasable","16":"product-type-simple"},"_links":{"self":[{"href":"https:\/\/stylingagenten.com\/fi\/wp-json\/wp\/v2\/product\/126884","targetHints":{"allow":["GET"]}}],"collection":[{"href":"https:\/\/stylingagenten.com\/fi\/wp-json\/wp\/v2\/product"}],"about":[{"href":"https:\/\/stylingagenten.com\/fi\/wp-json\/wp\/v2\/types\/product"}],"replies":[{"embeddable":true,"href":"https:\/\/stylingagenten.com\/fi\/wp-json\/wp\/v2\/comments?post=126884"}],"version-history":[{"count":0,"href":"https:\/\/stylingagenten.com\/fi\/wp-json\/wp\/v2\/product\/126884\/revisions"}],"wp:featuredmedia":[{"embeddable":true,"href":"https:\/\/stylingagenten.com\/fi\/wp-json\/wp\/v2\/media\/126880"}],"wp:attachment":[{"href":"https:\/\/stylingagenten.com\/fi\/wp-json\/wp\/v2\/media?parent=126884"}],"wp:term":[{"taxonomy":"product_brand","embeddable":true,"href":"https:\/\/stylingagenten.com\/fi\/wp-json\/wp\/v2\/product_brand?post=126884"},{"taxonomy":"product_cat","embeddable":true,"href":"https:\/\/stylingagenten.com\/fi\/wp-json\/wp\/v2\/product_cat?post=126884"},{"taxonomy":"product_tag","embeddable":true,"href":"https:\/\/stylingagenten.com\/fi\/wp-json\/wp\/v2\/product_tag?post=126884"},{"taxonomy":"berocket_brand","embeddable":true,"href":"https:\/\/stylingagenten.com\/fi\/wp-json\/wp\/v2\/berocket_brand?post=126884"}],"curies":[{"name":"wp","href":"https:\/\/api.w.org\/{rel}","templated":true}]}}