{"id":126876,"date":"2025-05-18T22:08:18","date_gmt":"2025-05-18T22:08:18","guid":{"rendered":"https:\/\/staging2.stylingagenten.com\/fi\/produkt\/loreal-professionnel-serie-expert-pro-longer-10-in-1-cream-150ml\/"},"modified":"2026-04-14T10:38:27","modified_gmt":"2026-04-14T10:38:27","slug":"loreal-professionnel-serie-expert-pro-longer-10-in-1-cream-150ml","status":"publish","type":"product","link":"https:\/\/stylingagenten.com\/fi\/tuote\/loreal-professionnel-serie-expert-pro-longer-10-in-1-cream-150ml\/","title":{"rendered":"L&#8217;Oreal Professionnel Serie Expert Pro Longer 10-in-1 Cream 150ml"},"content":{"rendered":"<p>L&#8217;Or\u00e9al Professionnel Serie Expert Pro Longer 10-in-1 Cream on pituuden uudistava voide pituuksille ja latvoille, jossa on patentoitu Filler-A100-teknologia ja aminohappoja. Sopii pitkille hiuksille, jotka k\u00e4rsiv\u00e4t ohuista latvoista. Voide suojaa p\u00f6rr\u00f6lt\u00e4 ja auttaa heti uudistamaan hiuskuitua, samalla suojaten hiuksia kuumalta jopa 230\u00b0C asti*. Ammattilaisformula vahvistaa hiuskuitua v\u00e4hemm\u00e4ll\u00e4 vaurioitumisella juuresta latvaan. *Instrumentaalinen testi.<\/p>\n<p>150ml<\/p>\n","protected":false},"excerpt":{"rendered":"<p>L&#8217;Or\u00e9al Professionnel Serie Expert Pro Longer 10-in-1 Cream on pituuden uudistava voide pituuksille ja latvoille, jossa on patentoitu Filler-A100-teknologia ja aminohappoja. Sopii pitkille hiuksille, jotka k\u00e4rsiv\u00e4t ohuista latvoista. Voide suojaa p\u00f6rr\u00f6lt\u00e4 ja auttaa heti uudistamaan hiuskuitua, samalla suojaten hiuksia kuumalta jopa 230\u00b0C asti*. Ammattilaisformula vahvistaa hiuskuitua v\u00e4hemm\u00e4ll\u00e4 vaurioitumisella juuresta latvaan. *Instrumentaalinen testi. 150ml<\/p>\n","protected":false},"featured_media":126869,"comment_status":"open","ping_status":"closed","template":"","meta":{"_trash_the_other_posts":false},"product_brand":[],"product_cat":[546],"product_tag":[],"berocket_brand":[2000],"class_list":{"0":"post-126876","1":"product","2":"type-product","3":"status-publish","4":"has-post-thumbnail","6":"product_cat-harstyling","7":"pa_brand-loreal-paris","8":"berocket_brand-loreal-paris","10":"first","11":"instock","12":"sale","13":"taxable","14":"shipping-taxable","15":"purchasable","16":"product-type-simple"},"_links":{"self":[{"href":"https:\/\/stylingagenten.com\/fi\/wp-json\/wp\/v2\/product\/126876","targetHints":{"allow":["GET"]}}],"collection":[{"href":"https:\/\/stylingagenten.com\/fi\/wp-json\/wp\/v2\/product"}],"about":[{"href":"https:\/\/stylingagenten.com\/fi\/wp-json\/wp\/v2\/types\/product"}],"replies":[{"embeddable":true,"href":"https:\/\/stylingagenten.com\/fi\/wp-json\/wp\/v2\/comments?post=126876"}],"version-history":[{"count":1,"href":"https:\/\/stylingagenten.com\/fi\/wp-json\/wp\/v2\/product\/126876\/revisions"}],"predecessor-version":[{"id":443159,"href":"https:\/\/stylingagenten.com\/fi\/wp-json\/wp\/v2\/product\/126876\/revisions\/443159"}],"wp:featuredmedia":[{"embeddable":true,"href":"https:\/\/stylingagenten.com\/fi\/wp-json\/wp\/v2\/media\/126869"}],"wp:attachment":[{"href":"https:\/\/stylingagenten.com\/fi\/wp-json\/wp\/v2\/media?parent=126876"}],"wp:term":[{"taxonomy":"product_brand","embeddable":true,"href":"https:\/\/stylingagenten.com\/fi\/wp-json\/wp\/v2\/product_brand?post=126876"},{"taxonomy":"product_cat","embeddable":true,"href":"https:\/\/stylingagenten.com\/fi\/wp-json\/wp\/v2\/product_cat?post=126876"},{"taxonomy":"product_tag","embeddable":true,"href":"https:\/\/stylingagenten.com\/fi\/wp-json\/wp\/v2\/product_tag?post=126876"},{"taxonomy":"berocket_brand","embeddable":true,"href":"https:\/\/stylingagenten.com\/fi\/wp-json\/wp\/v2\/berocket_brand?post=126876"}],"curies":[{"name":"wp","href":"https:\/\/api.w.org\/{rel}","templated":true}]}}