{"id":126864,"date":"2025-05-18T22:08:14","date_gmt":"2025-05-18T22:08:14","guid":{"rendered":"https:\/\/staging2.stylingagenten.com\/fi\/produkt\/ref-detangling-spray-175ml\/"},"modified":"2026-03-11T21:51:23","modified_gmt":"2026-03-11T21:51:23","slug":"ref-detangling-spray-175ml","status":"publish","type":"product","link":"https:\/\/stylingagenten.com\/fi\/tuote\/ref-detangling-spray-175ml\/","title":{"rendered":"REF Detangling Spray 175ml"},"content":{"rendered":"<p>REF Detangling Spray on kevyt monitoiminen suihke, joka sis\u00e4lt\u00e4\u00e4 erityisesti valittuja kasviuutteita suojaamaan, vahvistamaan ja selvitt\u00e4m\u00e4\u00e4n kaikkia hiustyyppej\u00e4. Tuotteen ominaisuudet helpottavat hiusten harjaamista vahingoittamatta niiden laatua. Sopii kaikille hiustyypeille, erityisesti kuiville ja vaurioituneille hiuksille.<\/p>\n<p>175ml<\/p>\n","protected":false},"excerpt":{"rendered":"<p>REF Detangling Spray on kevyt monitoiminen suihke, joka sis\u00e4lt\u00e4\u00e4 erityisesti valittuja kasviuutteita suojaamaan, vahvistamaan ja selvitt\u00e4m\u00e4\u00e4n kaikkia hiustyyppej\u00e4. Tuotteen ominaisuudet helpottavat hiusten harjaamista vahingoittamatta niiden laatua. Sopii kaikille hiustyypeille, erityisesti kuiville ja vaurioituneille hiuksille. 175ml<\/p>\n","protected":false},"featured_media":126862,"comment_status":"open","ping_status":"closed","template":"","meta":{"_trash_the_other_posts":false},"product_brand":[],"product_cat":[615],"product_tag":[],"berocket_brand":[1209],"class_list":{"0":"post-126864","1":"product","2":"type-product","3":"status-publish","4":"has-post-thumbnail","6":"product_cat-hiusten-seerumi","7":"pa_brand-ref","8":"berocket_brand-ref","10":"first","11":"instock","12":"sale","13":"taxable","14":"shipping-taxable","15":"purchasable","16":"product-type-simple"},"_links":{"self":[{"href":"https:\/\/stylingagenten.com\/fi\/wp-json\/wp\/v2\/product\/126864","targetHints":{"allow":["GET"]}}],"collection":[{"href":"https:\/\/stylingagenten.com\/fi\/wp-json\/wp\/v2\/product"}],"about":[{"href":"https:\/\/stylingagenten.com\/fi\/wp-json\/wp\/v2\/types\/product"}],"replies":[{"embeddable":true,"href":"https:\/\/stylingagenten.com\/fi\/wp-json\/wp\/v2\/comments?post=126864"}],"version-history":[{"count":0,"href":"https:\/\/stylingagenten.com\/fi\/wp-json\/wp\/v2\/product\/126864\/revisions"}],"wp:featuredmedia":[{"embeddable":true,"href":"https:\/\/stylingagenten.com\/fi\/wp-json\/wp\/v2\/media\/126862"}],"wp:attachment":[{"href":"https:\/\/stylingagenten.com\/fi\/wp-json\/wp\/v2\/media?parent=126864"}],"wp:term":[{"taxonomy":"product_brand","embeddable":true,"href":"https:\/\/stylingagenten.com\/fi\/wp-json\/wp\/v2\/product_brand?post=126864"},{"taxonomy":"product_cat","embeddable":true,"href":"https:\/\/stylingagenten.com\/fi\/wp-json\/wp\/v2\/product_cat?post=126864"},{"taxonomy":"product_tag","embeddable":true,"href":"https:\/\/stylingagenten.com\/fi\/wp-json\/wp\/v2\/product_tag?post=126864"},{"taxonomy":"berocket_brand","embeddable":true,"href":"https:\/\/stylingagenten.com\/fi\/wp-json\/wp\/v2\/berocket_brand?post=126864"}],"curies":[{"name":"wp","href":"https:\/\/api.w.org\/{rel}","templated":true}]}}