{"id":126861,"date":"2025-05-18T22:08:11","date_gmt":"2025-05-18T22:08:11","guid":{"rendered":"https:\/\/staging2.stylingagenten.com\/fi\/produkt\/olaplex-volumizing-blow-dry-mist-150ml\/"},"modified":"2026-04-08T15:31:23","modified_gmt":"2026-04-08T15:31:23","slug":"olaplex-volumizing-blow-dry-mist-150ml","status":"publish","type":"product","link":"https:\/\/stylingagenten.com\/fi\/tuote\/olaplex-volumizing-blow-dry-mist-150ml\/","title":{"rendered":"Olaplex Volumizing Blow Dry Mist 150ml"},"content":{"rendered":"<p>Olaplex Volumizing Blow Dry Mist on korjaava f\u00f6\u00f6nisuihke, joka luo pehmeit\u00e4, runsaita ja n\u00e4kyv\u00e4sti terveempi\u00e4 f\u00f6\u00f6nikampauksia pitk\u00e4kestoisella volyymilla ja kimmoisuudella. Painoton koostumus suojaa hiuksia muotoilun aiheuttamilta vaurioilta ja l\u00e4mm\u00f6lt\u00e4 jopa 450\u00baF\/232\u00baC asti, j\u00e4tt\u00e4en f\u00f6\u00f6natut tyylit sileiksi ja hiukset vahvan tuntuisiksi. Ei hauraita tyvi\u00e4 tai tahmeita j\u00e4\u00e4mi\u00e4.<\/p>\n<p>150ml<\/p>\n","protected":false},"excerpt":{"rendered":"<p>Olaplex Volumizing Blow Dry Mist on korjaava f\u00f6\u00f6nisuihke, joka luo pehmeit\u00e4, runsaita ja n\u00e4kyv\u00e4sti terveempi\u00e4 f\u00f6\u00f6nikampauksia pitk\u00e4kestoisella volyymilla ja kimmoisuudella. Painoton koostumus suojaa hiuksia muotoilun aiheuttamilta vaurioilta ja l\u00e4mm\u00f6lt\u00e4 jopa 450\u00baF\/232\u00baC asti, j\u00e4tt\u00e4en f\u00f6\u00f6natut tyylit sileiksi ja hiukset vahvan tuntuisiksi. Ei hauraita tyvi\u00e4 tai tahmeita j\u00e4\u00e4mi\u00e4. 150ml<\/p>\n","protected":false},"featured_media":126856,"comment_status":"open","ping_status":"closed","template":"","meta":{"_trash_the_other_posts":false},"product_brand":[],"product_cat":[546],"product_tag":[],"berocket_brand":[1023],"class_list":{"0":"post-126861","1":"product","2":"type-product","3":"status-publish","4":"has-post-thumbnail","6":"product_cat-harstyling","7":"pa_brand-olaplex","8":"berocket_brand-olaplex","10":"first","11":"instock","12":"sale","13":"taxable","14":"shipping-taxable","15":"purchasable","16":"product-type-simple"},"_links":{"self":[{"href":"https:\/\/stylingagenten.com\/fi\/wp-json\/wp\/v2\/product\/126861","targetHints":{"allow":["GET"]}}],"collection":[{"href":"https:\/\/stylingagenten.com\/fi\/wp-json\/wp\/v2\/product"}],"about":[{"href":"https:\/\/stylingagenten.com\/fi\/wp-json\/wp\/v2\/types\/product"}],"replies":[{"embeddable":true,"href":"https:\/\/stylingagenten.com\/fi\/wp-json\/wp\/v2\/comments?post=126861"}],"version-history":[{"count":0,"href":"https:\/\/stylingagenten.com\/fi\/wp-json\/wp\/v2\/product\/126861\/revisions"}],"wp:featuredmedia":[{"embeddable":true,"href":"https:\/\/stylingagenten.com\/fi\/wp-json\/wp\/v2\/media\/126856"}],"wp:attachment":[{"href":"https:\/\/stylingagenten.com\/fi\/wp-json\/wp\/v2\/media?parent=126861"}],"wp:term":[{"taxonomy":"product_brand","embeddable":true,"href":"https:\/\/stylingagenten.com\/fi\/wp-json\/wp\/v2\/product_brand?post=126861"},{"taxonomy":"product_cat","embeddable":true,"href":"https:\/\/stylingagenten.com\/fi\/wp-json\/wp\/v2\/product_cat?post=126861"},{"taxonomy":"product_tag","embeddable":true,"href":"https:\/\/stylingagenten.com\/fi\/wp-json\/wp\/v2\/product_tag?post=126861"},{"taxonomy":"berocket_brand","embeddable":true,"href":"https:\/\/stylingagenten.com\/fi\/wp-json\/wp\/v2\/berocket_brand?post=126861"}],"curies":[{"name":"wp","href":"https:\/\/api.w.org\/{rel}","templated":true}]}}