{"id":126849,"date":"2025-05-18T22:08:04","date_gmt":"2025-05-18T22:08:04","guid":{"rendered":"https:\/\/staging2.stylingagenten.com\/fi\/produkt\/wella-professionals-invigo-volume-boost-uplifting-care-spray-150ml\/"},"modified":"2026-03-13T14:42:15","modified_gmt":"2026-03-13T14:42:15","slug":"wella-professionals-invigo-volume-boost-uplifting-care-spray-150ml","status":"publish","type":"product","link":"https:\/\/stylingagenten.com\/fi\/tuote\/wella-professionals-invigo-volume-boost-uplifting-care-spray-150ml\/","title":{"rendered":"Wella Professionals Invigo Volume Boost Uplifting Care Spray 150ml"},"content":{"rendered":"<p>Wella Professionals Invigo Volume Boost Uplifting Care Spray on leave-in-suihke normaalille ja hennolle hiukselle, joka tarvitsee kiiltoa, t\u00e4ytel\u00e4isyytt\u00e4 ja volyymia. T\u00e4m\u00e4 ammattimainen suihke on rikastettu Volume Boost-Blend\u2122 -yhdistelm\u00e4ll\u00e4 ja sis\u00e4lt\u00e4\u00e4 jousimaisia polymeerej\u00e4, jotka ymp\u00e4r\u00f6iv\u00e4t hiuskuidut ja auttavat luomaan runsaita kampauksia f\u00f6\u00f6nauksen aikana. Kevyt koostumus tekee hiuksista helposti hallittavat ja kiilt\u00e4v\u00e4t ilman, ett\u00e4 se latistaa edes hennompia hiuksia. T\u00e4ydellinen rutiini hennon hiuksen volyymin lis\u00e4\u00e4miseen.<\/p>\n<p>150ml<\/p>\n","protected":false},"excerpt":{"rendered":"<p>Wella Professionals Invigo Volume Boost Uplifting Care Spray on leave-in-suihke normaalille ja hennolle hiukselle, joka tarvitsee kiiltoa, t\u00e4ytel\u00e4isyytt\u00e4 ja volyymia. T\u00e4m\u00e4 ammattimainen suihke on rikastettu Volume Boost-Blend\u2122 -yhdistelm\u00e4ll\u00e4 ja sis\u00e4lt\u00e4\u00e4 jousimaisia polymeerej\u00e4, jotka ymp\u00e4r\u00f6iv\u00e4t hiuskuidut ja auttavat luomaan runsaita kampauksia f\u00f6\u00f6nauksen aikana. Kevyt koostumus tekee hiuksista helposti hallittavat ja kiilt\u00e4v\u00e4t ilman, ett\u00e4 se latistaa edes [&hellip;]<\/p>\n","protected":false},"featured_media":126839,"comment_status":"open","ping_status":"closed","template":"","meta":{"_trash_the_other_posts":false},"product_brand":[],"product_cat":[546],"product_tag":[],"berocket_brand":[1030],"class_list":{"0":"post-126849","1":"product","2":"type-product","3":"status-publish","4":"has-post-thumbnail","6":"product_cat-harstyling","7":"pa_brand-wella","8":"berocket_brand-wella","10":"first","11":"instock","12":"sale","13":"taxable","14":"shipping-taxable","15":"purchasable","16":"product-type-simple"},"_links":{"self":[{"href":"https:\/\/stylingagenten.com\/fi\/wp-json\/wp\/v2\/product\/126849","targetHints":{"allow":["GET"]}}],"collection":[{"href":"https:\/\/stylingagenten.com\/fi\/wp-json\/wp\/v2\/product"}],"about":[{"href":"https:\/\/stylingagenten.com\/fi\/wp-json\/wp\/v2\/types\/product"}],"replies":[{"embeddable":true,"href":"https:\/\/stylingagenten.com\/fi\/wp-json\/wp\/v2\/comments?post=126849"}],"version-history":[{"count":0,"href":"https:\/\/stylingagenten.com\/fi\/wp-json\/wp\/v2\/product\/126849\/revisions"}],"wp:featuredmedia":[{"embeddable":true,"href":"https:\/\/stylingagenten.com\/fi\/wp-json\/wp\/v2\/media\/126839"}],"wp:attachment":[{"href":"https:\/\/stylingagenten.com\/fi\/wp-json\/wp\/v2\/media?parent=126849"}],"wp:term":[{"taxonomy":"product_brand","embeddable":true,"href":"https:\/\/stylingagenten.com\/fi\/wp-json\/wp\/v2\/product_brand?post=126849"},{"taxonomy":"product_cat","embeddable":true,"href":"https:\/\/stylingagenten.com\/fi\/wp-json\/wp\/v2\/product_cat?post=126849"},{"taxonomy":"product_tag","embeddable":true,"href":"https:\/\/stylingagenten.com\/fi\/wp-json\/wp\/v2\/product_tag?post=126849"},{"taxonomy":"berocket_brand","embeddable":true,"href":"https:\/\/stylingagenten.com\/fi\/wp-json\/wp\/v2\/berocket_brand?post=126849"}],"curies":[{"name":"wp","href":"https:\/\/api.w.org\/{rel}","templated":true}]}}