{"id":126848,"date":"2025-05-18T22:08:04","date_gmt":"2025-05-18T22:08:04","guid":{"rendered":"https:\/\/staging2.stylingagenten.com\/fi\/produkt\/wella-professionals-invigo-nutri-enrich-wonder-balm-150ml\/"},"modified":"2026-03-25T08:20:04","modified_gmt":"2026-03-25T08:20:04","slug":"wella-professionals-invigo-nutri-enrich-wonder-balm-150ml","status":"publish","type":"product","link":"https:\/\/stylingagenten.com\/fi\/tuote\/wella-professionals-invigo-nutri-enrich-wonder-balm-150ml\/","title":{"rendered":"Wella Professionals Invigo Nutri Enrich Wonder Balm 150ml"},"content":{"rendered":"<p>Wella Professionals Invigo Nutri Enrich Wonder Balm on ammattimainen syv\u00e4hoitava hiusbalsami kuivalle ja vaurioituneelle hiukselle. Eritt\u00e4in t\u00e4ytel\u00e4inen leave-in-koostumus sulautuu hiukseen ja tunkeutuu kuituihin tarjoten syv\u00e4hoitavaa sileytt\u00e4. T\u00e4m\u00e4 ravitseva hiusbalsami sis\u00e4lt\u00e4\u00e4 Nutri-Enrich-Blend\u2122 -yhdistelm\u00e4n, \u00f6ljyhappoa ja pantenolia, jotka kosteuttavat ja ravitsevat hiusta. Nutri Enrich Wonder Balm on my\u00f6s t\u00e4ynn\u00e4 gojimarjaa \u2013 ainesosaa, joka tunnetaan eritt\u00e4in korkeasta vitamiini-, mineraali- ja peptidipitoisuudestaan. T\u00e4ydellinen ratkaisu kuivan tai stressaantuneen hiuksen v\u00e4litt\u00f6m\u00e4\u00e4n hoitoon.<\/p>\n<p>150ml<\/p>\n","protected":false},"excerpt":{"rendered":"<p>Wella Professionals Invigo Nutri Enrich Wonder Balm on ammattimainen syv\u00e4hoitava hiusbalsami kuivalle ja vaurioituneelle hiukselle. Eritt\u00e4in t\u00e4ytel\u00e4inen leave-in-koostumus sulautuu hiukseen ja tunkeutuu kuituihin tarjoten syv\u00e4hoitavaa sileytt\u00e4. T\u00e4m\u00e4 ravitseva hiusbalsami sis\u00e4lt\u00e4\u00e4 Nutri-Enrich-Blend\u2122 -yhdistelm\u00e4n, \u00f6ljyhappoa ja pantenolia, jotka kosteuttavat ja ravitsevat hiusta. Nutri Enrich Wonder Balm on my\u00f6s t\u00e4ynn\u00e4 gojimarjaa \u2013 ainesosaa, joka tunnetaan eritt\u00e4in korkeasta vitamiini-, [&hellip;]<\/p>\n","protected":false},"featured_media":126838,"comment_status":"open","ping_status":"closed","template":"","meta":{"_trash_the_other_posts":false},"product_brand":[],"product_cat":[615],"product_tag":[],"berocket_brand":[1030],"class_list":{"0":"post-126848","1":"product","2":"type-product","3":"status-publish","4":"has-post-thumbnail","6":"product_cat-hiusten-seerumi","7":"pa_brand-wella","8":"berocket_brand-wella","10":"first","11":"instock","12":"sale","13":"taxable","14":"shipping-taxable","15":"purchasable","16":"product-type-simple"},"_links":{"self":[{"href":"https:\/\/stylingagenten.com\/fi\/wp-json\/wp\/v2\/product\/126848","targetHints":{"allow":["GET"]}}],"collection":[{"href":"https:\/\/stylingagenten.com\/fi\/wp-json\/wp\/v2\/product"}],"about":[{"href":"https:\/\/stylingagenten.com\/fi\/wp-json\/wp\/v2\/types\/product"}],"replies":[{"embeddable":true,"href":"https:\/\/stylingagenten.com\/fi\/wp-json\/wp\/v2\/comments?post=126848"}],"version-history":[{"count":0,"href":"https:\/\/stylingagenten.com\/fi\/wp-json\/wp\/v2\/product\/126848\/revisions"}],"wp:featuredmedia":[{"embeddable":true,"href":"https:\/\/stylingagenten.com\/fi\/wp-json\/wp\/v2\/media\/126838"}],"wp:attachment":[{"href":"https:\/\/stylingagenten.com\/fi\/wp-json\/wp\/v2\/media?parent=126848"}],"wp:term":[{"taxonomy":"product_brand","embeddable":true,"href":"https:\/\/stylingagenten.com\/fi\/wp-json\/wp\/v2\/product_brand?post=126848"},{"taxonomy":"product_cat","embeddable":true,"href":"https:\/\/stylingagenten.com\/fi\/wp-json\/wp\/v2\/product_cat?post=126848"},{"taxonomy":"product_tag","embeddable":true,"href":"https:\/\/stylingagenten.com\/fi\/wp-json\/wp\/v2\/product_tag?post=126848"},{"taxonomy":"berocket_brand","embeddable":true,"href":"https:\/\/stylingagenten.com\/fi\/wp-json\/wp\/v2\/berocket_brand?post=126848"}],"curies":[{"name":"wp","href":"https:\/\/api.w.org\/{rel}","templated":true}]}}