{"id":126837,"date":"2025-05-18T22:08:00","date_gmt":"2025-05-18T22:08:00","guid":{"rendered":"https:\/\/staging2.stylingagenten.com\/fi\/produkt\/american-crew-matte-clay-spray-150ml\/"},"modified":"2026-04-10T14:58:27","modified_gmt":"2026-04-10T14:58:27","slug":"american-crew-matte-clay-spray-150ml","status":"publish","type":"product","link":"https:\/\/stylingagenten.com\/fi\/tuote\/american-crew-matte-clay-spray-150ml\/","title":{"rendered":"American Crew Matte Clay Spray 150ml"},"content":{"rendered":"<p>American Crew Matte Clay Spray on \u00f6ljy\u00e4 imev\u00e4 tekstuurisuihke, joka antaa joustavan, keskivahvan pidon koko p\u00e4iv\u00e4n ajaksi. T\u00e4m\u00e4 kevyt, kosteudenkest\u00e4v\u00e4 suihke lis\u00e4\u00e4 hiuksiin rakennetta ja volyymia ilman, ett\u00e4 se latistaa niit\u00e4.<\/p>\n<p>150ml<\/p>\n","protected":false},"excerpt":{"rendered":"<p>American Crew Matte Clay Spray on \u00f6ljy\u00e4 imev\u00e4 tekstuurisuihke, joka antaa joustavan, keskivahvan pidon koko p\u00e4iv\u00e4n ajaksi. T\u00e4m\u00e4 kevyt, kosteudenkest\u00e4v\u00e4 suihke lis\u00e4\u00e4 hiuksiin rakennetta ja volyymia ilman, ett\u00e4 se latistaa niit\u00e4. 150ml<\/p>\n","protected":false},"featured_media":126835,"comment_status":"open","ping_status":"closed","template":"","meta":{"_trash_the_other_posts":false},"product_brand":[],"product_cat":[546],"product_tag":[],"berocket_brand":[1071],"class_list":{"0":"post-126837","1":"product","2":"type-product","3":"status-publish","4":"has-post-thumbnail","6":"product_cat-harstyling","7":"pa_brand-american-crew","8":"berocket_brand-american-crew","10":"first","11":"instock","12":"sale","13":"taxable","14":"shipping-taxable","15":"purchasable","16":"product-type-simple"},"_links":{"self":[{"href":"https:\/\/stylingagenten.com\/fi\/wp-json\/wp\/v2\/product\/126837","targetHints":{"allow":["GET"]}}],"collection":[{"href":"https:\/\/stylingagenten.com\/fi\/wp-json\/wp\/v2\/product"}],"about":[{"href":"https:\/\/stylingagenten.com\/fi\/wp-json\/wp\/v2\/types\/product"}],"replies":[{"embeddable":true,"href":"https:\/\/stylingagenten.com\/fi\/wp-json\/wp\/v2\/comments?post=126837"}],"version-history":[{"count":0,"href":"https:\/\/stylingagenten.com\/fi\/wp-json\/wp\/v2\/product\/126837\/revisions"}],"wp:featuredmedia":[{"embeddable":true,"href":"https:\/\/stylingagenten.com\/fi\/wp-json\/wp\/v2\/media\/126835"}],"wp:attachment":[{"href":"https:\/\/stylingagenten.com\/fi\/wp-json\/wp\/v2\/media?parent=126837"}],"wp:term":[{"taxonomy":"product_brand","embeddable":true,"href":"https:\/\/stylingagenten.com\/fi\/wp-json\/wp\/v2\/product_brand?post=126837"},{"taxonomy":"product_cat","embeddable":true,"href":"https:\/\/stylingagenten.com\/fi\/wp-json\/wp\/v2\/product_cat?post=126837"},{"taxonomy":"product_tag","embeddable":true,"href":"https:\/\/stylingagenten.com\/fi\/wp-json\/wp\/v2\/product_tag?post=126837"},{"taxonomy":"berocket_brand","embeddable":true,"href":"https:\/\/stylingagenten.com\/fi\/wp-json\/wp\/v2\/berocket_brand?post=126837"}],"curies":[{"name":"wp","href":"https:\/\/api.w.org\/{rel}","templated":true}]}}