{"id":126790,"date":"2025-05-18T22:07:30","date_gmt":"2025-05-18T22:07:30","guid":{"rendered":"https:\/\/staging2.stylingagenten.com\/fi\/produkt\/paul-mitchell-flexible-style-super-clean-spray-300ml\/"},"modified":"2026-03-29T16:08:43","modified_gmt":"2026-03-29T16:08:43","slug":"paul-mitchell-flexible-style-super-clean-spray-300ml","status":"publish","type":"product","link":"https:\/\/stylingagenten.com\/fi\/tuote\/paul-mitchell-flexible-style-super-clean-spray-300ml\/","title":{"rendered":"Paul Mitchell Flexible Style Super Clean Spray 300ml"},"content":{"rendered":"<p>Keskikova pintasuihke. Antaa volyymia ja kiiltoa.<br \/>Microsm&aring; kevyet pisarat, jotka kuivuvat nopeasti.<br \/>Sis\u00e4lt\u00e4\u00e4 UV-suojan.<\/p>\n","protected":false},"excerpt":{"rendered":"<p>Keskikova pintasuihke. Antaa volyymia ja kiiltoa.Microsm&aring; kevyet pisarat, jotka kuivuvat nopeasti.Sis\u00e4lt\u00e4\u00e4 UV-suojan.<\/p>\n","protected":false},"featured_media":126789,"comment_status":"open","ping_status":"closed","template":"","meta":{"_trash_the_other_posts":false},"product_brand":[],"product_cat":[576],"product_tag":[],"berocket_brand":[1053],"class_list":{"0":"post-126790","1":"product","2":"type-product","3":"status-publish","4":"has-post-thumbnail","6":"product_cat-hiuslakka","7":"pa_brand-paul-mitchell","8":"berocket_brand-paul-mitchell","10":"first","11":"instock","12":"sale","13":"taxable","14":"shipping-taxable","15":"purchasable","16":"product-type-simple"},"_links":{"self":[{"href":"https:\/\/stylingagenten.com\/fi\/wp-json\/wp\/v2\/product\/126790","targetHints":{"allow":["GET"]}}],"collection":[{"href":"https:\/\/stylingagenten.com\/fi\/wp-json\/wp\/v2\/product"}],"about":[{"href":"https:\/\/stylingagenten.com\/fi\/wp-json\/wp\/v2\/types\/product"}],"replies":[{"embeddable":true,"href":"https:\/\/stylingagenten.com\/fi\/wp-json\/wp\/v2\/comments?post=126790"}],"version-history":[{"count":0,"href":"https:\/\/stylingagenten.com\/fi\/wp-json\/wp\/v2\/product\/126790\/revisions"}],"wp:featuredmedia":[{"embeddable":true,"href":"https:\/\/stylingagenten.com\/fi\/wp-json\/wp\/v2\/media\/126789"}],"wp:attachment":[{"href":"https:\/\/stylingagenten.com\/fi\/wp-json\/wp\/v2\/media?parent=126790"}],"wp:term":[{"taxonomy":"product_brand","embeddable":true,"href":"https:\/\/stylingagenten.com\/fi\/wp-json\/wp\/v2\/product_brand?post=126790"},{"taxonomy":"product_cat","embeddable":true,"href":"https:\/\/stylingagenten.com\/fi\/wp-json\/wp\/v2\/product_cat?post=126790"},{"taxonomy":"product_tag","embeddable":true,"href":"https:\/\/stylingagenten.com\/fi\/wp-json\/wp\/v2\/product_tag?post=126790"},{"taxonomy":"berocket_brand","embeddable":true,"href":"https:\/\/stylingagenten.com\/fi\/wp-json\/wp\/v2\/berocket_brand?post=126790"}],"curies":[{"name":"wp","href":"https:\/\/api.w.org\/{rel}","templated":true}]}}