{"id":126772,"date":"2025-05-18T22:07:12","date_gmt":"2025-05-18T22:07:12","guid":{"rendered":"https:\/\/staging2.stylingagenten.com\/fi\/produkt\/wella-eimi-super-set-extra-strong-finish-spray-500ml\/"},"modified":"2026-04-15T07:11:07","modified_gmt":"2026-04-15T07:11:07","slug":"wella-eimi-super-set-extra-strong-finish-spray-500ml","status":"publish","type":"product","link":"https:\/\/stylingagenten.com\/fi\/tuote\/wella-eimi-super-set-extra-strong-finish-spray-500ml\/","title":{"rendered":"Wella EIMI Super Set Extra Strong Finish Spray 500ml"},"content":{"rendered":"<p>Wella EIMI Super Set Extra Strong Finish Spray. Ota valmiista mestariteoksesta hallintaasi kest\u00e4v\u00e4ll\u00e4 kiinnityksell\u00e4.<br \/>Pid\u00e4 taso 4.<\/p>\n<p>K\u00e4ytt\u00f6: Ravista hyvin, pid\u00e4 kiinni; K\u00e4sivarren et\u00e4isyydell\u00e4 ja k\u00e4\u00e4ri trendikk\u00e4\u00e4t tyylisi eritt\u00e4in vahvaan kiinnitykseen.<\/p>\n","protected":false},"excerpt":{"rendered":"<p>Wella EIMI Super Set Extra Strong Finish Spray. Ota valmiista mestariteoksesta hallintaasi kest\u00e4v\u00e4ll\u00e4 kiinnityksell\u00e4.Pid\u00e4 taso 4. K\u00e4ytt\u00f6: Ravista hyvin, pid\u00e4 kiinni; K\u00e4sivarren et\u00e4isyydell\u00e4 ja k\u00e4\u00e4ri trendikk\u00e4\u00e4t tyylisi eritt\u00e4in vahvaan kiinnitykseen.<\/p>\n","protected":false},"featured_media":126770,"comment_status":"open","ping_status":"closed","template":"","meta":{"_trash_the_other_posts":false},"product_brand":[],"product_cat":[576],"product_tag":[],"berocket_brand":[1030],"class_list":{"0":"post-126772","1":"product","2":"type-product","3":"status-publish","4":"has-post-thumbnail","6":"product_cat-hiuslakka","7":"pa_brand-wella","8":"berocket_brand-wella","10":"first","11":"instock","12":"sale","13":"taxable","14":"shipping-taxable","15":"purchasable","16":"product-type-simple"},"_links":{"self":[{"href":"https:\/\/stylingagenten.com\/fi\/wp-json\/wp\/v2\/product\/126772","targetHints":{"allow":["GET"]}}],"collection":[{"href":"https:\/\/stylingagenten.com\/fi\/wp-json\/wp\/v2\/product"}],"about":[{"href":"https:\/\/stylingagenten.com\/fi\/wp-json\/wp\/v2\/types\/product"}],"replies":[{"embeddable":true,"href":"https:\/\/stylingagenten.com\/fi\/wp-json\/wp\/v2\/comments?post=126772"}],"version-history":[{"count":0,"href":"https:\/\/stylingagenten.com\/fi\/wp-json\/wp\/v2\/product\/126772\/revisions"}],"wp:featuredmedia":[{"embeddable":true,"href":"https:\/\/stylingagenten.com\/fi\/wp-json\/wp\/v2\/media\/126770"}],"wp:attachment":[{"href":"https:\/\/stylingagenten.com\/fi\/wp-json\/wp\/v2\/media?parent=126772"}],"wp:term":[{"taxonomy":"product_brand","embeddable":true,"href":"https:\/\/stylingagenten.com\/fi\/wp-json\/wp\/v2\/product_brand?post=126772"},{"taxonomy":"product_cat","embeddable":true,"href":"https:\/\/stylingagenten.com\/fi\/wp-json\/wp\/v2\/product_cat?post=126772"},{"taxonomy":"product_tag","embeddable":true,"href":"https:\/\/stylingagenten.com\/fi\/wp-json\/wp\/v2\/product_tag?post=126772"},{"taxonomy":"berocket_brand","embeddable":true,"href":"https:\/\/stylingagenten.com\/fi\/wp-json\/wp\/v2\/berocket_brand?post=126772"}],"curies":[{"name":"wp","href":"https:\/\/api.w.org\/{rel}","templated":true}]}}