{"id":126745,"date":"2025-05-18T22:06:33","date_gmt":"2025-05-18T22:06:33","guid":{"rendered":"https:\/\/staging2.stylingagenten.com\/fi\/produkt\/wella-eimi-pro-flexible-finish-250ml\/"},"modified":"2026-03-17T16:17:28","modified_gmt":"2026-03-17T16:17:28","slug":"wella-eimi-pro-flexible-finish-250ml","status":"publish","type":"product","link":"https:\/\/stylingagenten.com\/fi\/tuote\/wella-eimi-pro-flexible-finish-250ml\/","title":{"rendered":"Wella EIMI Pro Flexible Finish 250ml"},"content":{"rendered":"<p>Wella EIMI Professionals Flexible Finish Working Spray on suosittu &#8221;m\u00e4rk\u00e4-kuiva&#8221;-hiuslakka, jonka avulla voit muotoilla ja virkist\u00e4\u00e4 hiustyyli\u00e4si ja joka varmistaa tuloksen kest\u00e4vyyden.<\/p>\n<p>Hiuslakka voi olla k\u00e4ytet\u00e4\u00e4n yksin\u00e4\u00e4n, ja se on erityisen hyv\u00e4 muotoilun viimeisen\u00e4 vaiheena. Huomaat, ett\u00e4 hiuksistasi tulee erityisesti l\u00e4mpimi\u00e4 ja joustavia; ett\u00e4 voit muotoilla ja suoristaa hiustyyli\u00e4, ja muotoilu on kiinte\u00e4, kun spray kuivuu uudelleen.<\/p>\n<p>Flexible Finish Working Spray:n kest\u00e4vyyskerroin on 2\/4.<\/p>\n<p>S&aring; N\u00e4in k\u00e4yt\u00e4t sit\u00e4:<br \/>&#8211; Suihkuta kuiviin hiuksiin alueet, joille haluat muotoilla ja luoda pitoa.<br \/>&#8211; Muotoile ja suorista hiukset ennen kuin spray kuivuu.<\/p>\n","protected":false},"excerpt":{"rendered":"<p>Wella EIMI Professionals Flexible Finish Working Spray on suosittu &#8221;m\u00e4rk\u00e4-kuiva&#8221;-hiuslakka, jonka avulla voit muotoilla ja virkist\u00e4\u00e4 hiustyyli\u00e4si ja joka varmistaa tuloksen kest\u00e4vyyden. Hiuslakka voi olla k\u00e4ytet\u00e4\u00e4n yksin\u00e4\u00e4n, ja se on erityisen hyv\u00e4 muotoilun viimeisen\u00e4 vaiheena. Huomaat, ett\u00e4 hiuksistasi tulee erityisesti l\u00e4mpimi\u00e4 ja joustavia; ett\u00e4 voit muotoilla ja suoristaa hiustyyli\u00e4, ja muotoilu on kiinte\u00e4, kun spray [&hellip;]<\/p>\n","protected":false},"featured_media":126743,"comment_status":"open","ping_status":"closed","template":"","meta":{"_trash_the_other_posts":false},"product_brand":[],"product_cat":[576],"product_tag":[],"berocket_brand":[1030],"class_list":{"0":"post-126745","1":"product","2":"type-product","3":"status-publish","4":"has-post-thumbnail","6":"product_cat-hiuslakka","7":"pa_brand-wella","8":"berocket_brand-wella","10":"first","11":"outofstock","12":"sale","13":"taxable","14":"shipping-taxable","15":"purchasable","16":"product-type-simple"},"_links":{"self":[{"href":"https:\/\/stylingagenten.com\/fi\/wp-json\/wp\/v2\/product\/126745","targetHints":{"allow":["GET"]}}],"collection":[{"href":"https:\/\/stylingagenten.com\/fi\/wp-json\/wp\/v2\/product"}],"about":[{"href":"https:\/\/stylingagenten.com\/fi\/wp-json\/wp\/v2\/types\/product"}],"replies":[{"embeddable":true,"href":"https:\/\/stylingagenten.com\/fi\/wp-json\/wp\/v2\/comments?post=126745"}],"version-history":[{"count":0,"href":"https:\/\/stylingagenten.com\/fi\/wp-json\/wp\/v2\/product\/126745\/revisions"}],"wp:featuredmedia":[{"embeddable":true,"href":"https:\/\/stylingagenten.com\/fi\/wp-json\/wp\/v2\/media\/126743"}],"wp:attachment":[{"href":"https:\/\/stylingagenten.com\/fi\/wp-json\/wp\/v2\/media?parent=126745"}],"wp:term":[{"taxonomy":"product_brand","embeddable":true,"href":"https:\/\/stylingagenten.com\/fi\/wp-json\/wp\/v2\/product_brand?post=126745"},{"taxonomy":"product_cat","embeddable":true,"href":"https:\/\/stylingagenten.com\/fi\/wp-json\/wp\/v2\/product_cat?post=126745"},{"taxonomy":"product_tag","embeddable":true,"href":"https:\/\/stylingagenten.com\/fi\/wp-json\/wp\/v2\/product_tag?post=126745"},{"taxonomy":"berocket_brand","embeddable":true,"href":"https:\/\/stylingagenten.com\/fi\/wp-json\/wp\/v2\/berocket_brand?post=126745"}],"curies":[{"name":"wp","href":"https:\/\/api.w.org\/{rel}","templated":true}]}}