{"id":126685,"date":"2025-05-18T22:05:54","date_gmt":"2025-05-18T22:05:54","guid":{"rendered":"https:\/\/staging2.stylingagenten.com\/fi\/produkt\/ellwo-hairspray-soft-hold-300ml\/"},"modified":"2026-04-03T15:16:50","modified_gmt":"2026-04-03T15:16:50","slug":"ellwo-hairspray-soft-hold-300ml","status":"publish","type":"product","link":"https:\/\/stylingagenten.com\/fi\/tuote\/ellwo-hairspray-soft-hold-300ml\/","title":{"rendered":"Ellwo Hairspray Soft Hold 300ml"},"content":{"rendered":"<p>Ellwo Hairspray Soft Hold on v\u00e4ri\u00e4 s\u00e4ilytt\u00e4v\u00e4 ja UV-s\u00e4teily\u00e4 suojaava hiuslakka, jossa on joustava pito, joka antaa hiuksille pehme\u00e4n, painottoman ja joustavan tuen. Suihke on helppo kammata pois ja sopii t\u00e4ydellisesti k\u00e4ytett\u00e4v\u00e4ksi muotoilun ja hiustyylisi muotoilun aikana.<br \/>Antaa hiuksille luonnollisen kiillon. Rikastettu E-vitamiinilla ja argan\u00f6ljyll\u00e4. Sis\u00e4lt\u00e4\u00e4 l\u00e4mp\u00f6suojan jopa 210 &deg; C.<\/p>\n<p>Sulfaatti- ja parabeeniton<br \/>vegaaninen<br \/>v\u00e4rien s\u00e4ilytys<br \/>UV-suoja<\/p>\n","protected":false},"excerpt":{"rendered":"<p>Ellwo Hairspray Soft Hold on v\u00e4ri\u00e4 s\u00e4ilytt\u00e4v\u00e4 ja UV-s\u00e4teily\u00e4 suojaava hiuslakka, jossa on joustava pito, joka antaa hiuksille pehme\u00e4n, painottoman ja joustavan tuen. Suihke on helppo kammata pois ja sopii t\u00e4ydellisesti k\u00e4ytett\u00e4v\u00e4ksi muotoilun ja hiustyylisi muotoilun aikana.Antaa hiuksille luonnollisen kiillon. Rikastettu E-vitamiinilla ja argan\u00f6ljyll\u00e4. Sis\u00e4lt\u00e4\u00e4 l\u00e4mp\u00f6suojan jopa 210 &deg; C. Sulfaatti- ja parabeenitonvegaaninenv\u00e4rien s\u00e4ilytysUV-suoja<\/p>\n","protected":false},"featured_media":126681,"comment_status":"open","ping_status":"closed","template":"","meta":{"_trash_the_other_posts":false},"product_brand":[],"product_cat":[576],"product_tag":[],"berocket_brand":[1305],"class_list":{"0":"post-126685","1":"product","2":"type-product","3":"status-publish","4":"has-post-thumbnail","6":"product_cat-hiuslakka","7":"pa_brand-ellwo-professional","8":"berocket_brand-ellwo-professional","10":"first","11":"instock","12":"sale","13":"taxable","14":"shipping-taxable","15":"purchasable","16":"product-type-simple"},"_links":{"self":[{"href":"https:\/\/stylingagenten.com\/fi\/wp-json\/wp\/v2\/product\/126685","targetHints":{"allow":["GET"]}}],"collection":[{"href":"https:\/\/stylingagenten.com\/fi\/wp-json\/wp\/v2\/product"}],"about":[{"href":"https:\/\/stylingagenten.com\/fi\/wp-json\/wp\/v2\/types\/product"}],"replies":[{"embeddable":true,"href":"https:\/\/stylingagenten.com\/fi\/wp-json\/wp\/v2\/comments?post=126685"}],"version-history":[{"count":0,"href":"https:\/\/stylingagenten.com\/fi\/wp-json\/wp\/v2\/product\/126685\/revisions"}],"wp:featuredmedia":[{"embeddable":true,"href":"https:\/\/stylingagenten.com\/fi\/wp-json\/wp\/v2\/media\/126681"}],"wp:attachment":[{"href":"https:\/\/stylingagenten.com\/fi\/wp-json\/wp\/v2\/media?parent=126685"}],"wp:term":[{"taxonomy":"product_brand","embeddable":true,"href":"https:\/\/stylingagenten.com\/fi\/wp-json\/wp\/v2\/product_brand?post=126685"},{"taxonomy":"product_cat","embeddable":true,"href":"https:\/\/stylingagenten.com\/fi\/wp-json\/wp\/v2\/product_cat?post=126685"},{"taxonomy":"product_tag","embeddable":true,"href":"https:\/\/stylingagenten.com\/fi\/wp-json\/wp\/v2\/product_tag?post=126685"},{"taxonomy":"berocket_brand","embeddable":true,"href":"https:\/\/stylingagenten.com\/fi\/wp-json\/wp\/v2\/berocket_brand?post=126685"}],"curies":[{"name":"wp","href":"https:\/\/api.w.org\/{rel}","templated":true}]}}