{"id":126639,"date":"2025-05-18T22:05:46","date_gmt":"2025-05-18T22:05:46","guid":{"rendered":"https:\/\/staging2.stylingagenten.com\/fi\/produkt\/revlon-style-masters-3-pure-styler-hairspray-325ml\/"},"modified":"2026-03-30T07:31:01","modified_gmt":"2026-03-30T07:31:01","slug":"revlon-style-masters-3-pure-styler-hairspray-325ml","status":"publish","type":"product","link":"https:\/\/stylingagenten.com\/fi\/tuote\/revlon-style-masters-3-pure-styler-hairspray-325ml\/","title":{"rendered":"Revlon Style Masters 3 &#8211; Pure Styler Hairspray 325ml"},"content":{"rendered":"<p>Hiuslakka lis\u00e4pitona. T\u00e4ydellinen luovempiin kampauksiin. Ei sis\u00e4ll\u00e4 aerosolia tai muita otsonia vahingoittavia aineita. Antaa hiuksille luonnollisen viimeistelyn.<\/p>\n<p>Statga: 3\/3<\/p>\n<p>325 ml<\/p>\n","protected":false},"excerpt":{"rendered":"<p>Hiuslakka lis\u00e4pitona. T\u00e4ydellinen luovempiin kampauksiin. Ei sis\u00e4ll\u00e4 aerosolia tai muita otsonia vahingoittavia aineita. Antaa hiuksille luonnollisen viimeistelyn. Statga: 3\/3 325 ml<\/p>\n","protected":false},"featured_media":126620,"comment_status":"open","ping_status":"closed","template":"","meta":{"_trash_the_other_posts":false},"product_brand":[],"product_cat":[576],"product_tag":[],"berocket_brand":[1040],"class_list":{"0":"post-126639","1":"product","2":"type-product","3":"status-publish","4":"has-post-thumbnail","6":"product_cat-hiuslakka","7":"pa_brand-revlon","8":"berocket_brand-revlon","10":"first","11":"instock","12":"sale","13":"taxable","14":"shipping-taxable","15":"purchasable","16":"product-type-simple"},"_links":{"self":[{"href":"https:\/\/stylingagenten.com\/fi\/wp-json\/wp\/v2\/product\/126639","targetHints":{"allow":["GET"]}}],"collection":[{"href":"https:\/\/stylingagenten.com\/fi\/wp-json\/wp\/v2\/product"}],"about":[{"href":"https:\/\/stylingagenten.com\/fi\/wp-json\/wp\/v2\/types\/product"}],"replies":[{"embeddable":true,"href":"https:\/\/stylingagenten.com\/fi\/wp-json\/wp\/v2\/comments?post=126639"}],"version-history":[{"count":0,"href":"https:\/\/stylingagenten.com\/fi\/wp-json\/wp\/v2\/product\/126639\/revisions"}],"wp:featuredmedia":[{"embeddable":true,"href":"https:\/\/stylingagenten.com\/fi\/wp-json\/wp\/v2\/media\/126620"}],"wp:attachment":[{"href":"https:\/\/stylingagenten.com\/fi\/wp-json\/wp\/v2\/media?parent=126639"}],"wp:term":[{"taxonomy":"product_brand","embeddable":true,"href":"https:\/\/stylingagenten.com\/fi\/wp-json\/wp\/v2\/product_brand?post=126639"},{"taxonomy":"product_cat","embeddable":true,"href":"https:\/\/stylingagenten.com\/fi\/wp-json\/wp\/v2\/product_cat?post=126639"},{"taxonomy":"product_tag","embeddable":true,"href":"https:\/\/stylingagenten.com\/fi\/wp-json\/wp\/v2\/product_tag?post=126639"},{"taxonomy":"berocket_brand","embeddable":true,"href":"https:\/\/stylingagenten.com\/fi\/wp-json\/wp\/v2\/berocket_brand?post=126639"}],"curies":[{"name":"wp","href":"https:\/\/api.w.org\/{rel}","templated":true}]}}