{"id":126635,"date":"2025-05-18T22:05:46","date_gmt":"2025-05-18T22:05:46","guid":{"rendered":"https:\/\/staging2.stylingagenten.com\/fi\/produkt\/american-crew-alternator-flexible-styling-finishing-spray-100ml\/"},"modified":"2026-04-15T05:59:31","modified_gmt":"2026-04-15T05:59:31","slug":"american-crew-alternator-flexible-styling-finishing-spray-100ml","status":"publish","type":"product","link":"https:\/\/stylingagenten.com\/fi\/tuote\/american-crew-alternator-flexible-styling-finishing-spray-100ml\/","title":{"rendered":"American Crew Alternator Flexible Styling &amp; Finishing Spray 100ml"},"content":{"rendered":"<p>Joustava muotoilulaite, jonka avulla voit hallita hiustyyli\u00e4si koko p\u00e4iv\u00e4n. Hakea aamulla, kiinnit\u00e4 hiukset milloin tahansa p\u00e4iv\u00e4n aikana.<\/p>\n","protected":false},"excerpt":{"rendered":"<p>Joustava muotoilulaite, jonka avulla voit hallita hiustyyli\u00e4si koko p\u00e4iv\u00e4n. Hakea aamulla, kiinnit\u00e4 hiukset milloin tahansa p\u00e4iv\u00e4n aikana.<\/p>\n","protected":false},"featured_media":126634,"comment_status":"open","ping_status":"closed","template":"","meta":{"_trash_the_other_posts":false},"product_brand":[],"product_cat":[576,1003],"product_tag":[],"berocket_brand":[1071],"class_list":{"0":"post-126635","1":"product","2":"type-product","3":"status-publish","4":"has-post-thumbnail","6":"product_cat-hiuslakka","7":"product_cat-myydyimmat","8":"pa_brand-american-crew","9":"berocket_brand-american-crew","11":"first","12":"instock","13":"sale","14":"taxable","15":"shipping-taxable","16":"purchasable","17":"product-type-simple"},"_links":{"self":[{"href":"https:\/\/stylingagenten.com\/fi\/wp-json\/wp\/v2\/product\/126635","targetHints":{"allow":["GET"]}}],"collection":[{"href":"https:\/\/stylingagenten.com\/fi\/wp-json\/wp\/v2\/product"}],"about":[{"href":"https:\/\/stylingagenten.com\/fi\/wp-json\/wp\/v2\/types\/product"}],"replies":[{"embeddable":true,"href":"https:\/\/stylingagenten.com\/fi\/wp-json\/wp\/v2\/comments?post=126635"}],"version-history":[{"count":0,"href":"https:\/\/stylingagenten.com\/fi\/wp-json\/wp\/v2\/product\/126635\/revisions"}],"wp:featuredmedia":[{"embeddable":true,"href":"https:\/\/stylingagenten.com\/fi\/wp-json\/wp\/v2\/media\/126634"}],"wp:attachment":[{"href":"https:\/\/stylingagenten.com\/fi\/wp-json\/wp\/v2\/media?parent=126635"}],"wp:term":[{"taxonomy":"product_brand","embeddable":true,"href":"https:\/\/stylingagenten.com\/fi\/wp-json\/wp\/v2\/product_brand?post=126635"},{"taxonomy":"product_cat","embeddable":true,"href":"https:\/\/stylingagenten.com\/fi\/wp-json\/wp\/v2\/product_cat?post=126635"},{"taxonomy":"product_tag","embeddable":true,"href":"https:\/\/stylingagenten.com\/fi\/wp-json\/wp\/v2\/product_tag?post=126635"},{"taxonomy":"berocket_brand","embeddable":true,"href":"https:\/\/stylingagenten.com\/fi\/wp-json\/wp\/v2\/berocket_brand?post=126635"}],"curies":[{"name":"wp","href":"https:\/\/api.w.org\/{rel}","templated":true}]}}