{"id":126624,"date":"2025-05-18T22:05:45","date_gmt":"2025-05-18T22:05:45","guid":{"rendered":"https:\/\/staging2.stylingagenten.com\/fi\/produkt\/american-crew-men-grooming-spray-250ml\/"},"modified":"2026-04-15T05:59:43","modified_gmt":"2026-04-15T05:59:43","slug":"american-crew-men-grooming-spray-250ml","status":"publish","type":"product","link":"https:\/\/stylingagenten.com\/fi\/tuote\/american-crew-men-grooming-spray-250ml\/","title":{"rendered":"American Crew Men Grooming Spray 250ml"},"content":{"rendered":"<p>American Crew Men Grooming Spray 250 ml &#8211; Viimeistelysuihke joustavalla kahvalla.<br \/>Grooming Spray on uskomattoman joustava tuote. K\u00e4yt\u00e4 sit\u00e4 kosteisiin hiuksiin ennen muotoilua tai kun hiukset ovat kuivat, jotta hiustyyli pysyy yll\u00e4. paikka. Erinomainen harmaille tai ohuille hiuksille, jotka muuttuvat helposti staattisiksi. Se on my\u00f6s rakennettava tuote, mik\u00e4 tarkoittaa, ett\u00e4 mit\u00e4 enemm\u00e4n levit\u00e4t, sit\u00e4 suuremman kiinteyden saavutat. Grooming Spray pest\u00e4\u00e4n helposti pois j\u00e4tt\u00e4m\u00e4tt\u00e4 tahmeita j\u00e4\u00e4mi\u00e4 hiuksiin.<br \/>&nbsp;<br \/>K\u00e4ytt\u00f6: Suihkuta kosteisiin tai kuiviin hiuksiin. Kampaa tai harjaa hiukset paikka luoda pehme\u00e4 ja luonnollinen kehys.<br \/>&nbsp;<br \/>Ominaisuudet: Pehment\u00e4\u00e4 ja s\u00e4ilytt\u00e4\u00e4 kosteuden. Antaa kiiltoa ja tekee hiuksista hallittavat ja v\u00e4hemm\u00e4n lent\u00e4\u00e4. Auttaa suojaamaan hiuksia auringon vaurioilta. Lis\u00e4\u00e4 kiiltoa ja kiinteytt\u00e4. Voidaan k\u00e4ytt\u00e4\u00e4 erikseen muotoiluun tai viimeistelyty\u00f6kaluna, jota seuraa hiusgeeli. normaali tai korkea laki.<\/p>\n<p>&nbsp;<\/p>\n","protected":false},"excerpt":{"rendered":"<p>American Crew Men Grooming Spray 250 ml &#8211; Viimeistelysuihke joustavalla kahvalla.Grooming Spray on uskomattoman joustava tuote. K\u00e4yt\u00e4 sit\u00e4 kosteisiin hiuksiin ennen muotoilua tai kun hiukset ovat kuivat, jotta hiustyyli pysyy yll\u00e4. paikka. Erinomainen harmaille tai ohuille hiuksille, jotka muuttuvat helposti staattisiksi. Se on my\u00f6s rakennettava tuote, mik\u00e4 tarkoittaa, ett\u00e4 mit\u00e4 enemm\u00e4n levit\u00e4t, sit\u00e4 suuremman kiinteyden [&hellip;]<\/p>\n","protected":false},"featured_media":126618,"comment_status":"open","ping_status":"closed","template":"","meta":{"_trash_the_other_posts":false},"product_brand":[],"product_cat":[576,1003],"product_tag":[],"berocket_brand":[1071],"class_list":{"0":"post-126624","1":"product","2":"type-product","3":"status-publish","4":"has-post-thumbnail","6":"product_cat-hiuslakka","7":"product_cat-myydyimmat","8":"pa_brand-american-crew","9":"berocket_brand-american-crew","11":"first","12":"outofstock","13":"sale","14":"taxable","15":"shipping-taxable","16":"purchasable","17":"product-type-simple"},"_links":{"self":[{"href":"https:\/\/stylingagenten.com\/fi\/wp-json\/wp\/v2\/product\/126624","targetHints":{"allow":["GET"]}}],"collection":[{"href":"https:\/\/stylingagenten.com\/fi\/wp-json\/wp\/v2\/product"}],"about":[{"href":"https:\/\/stylingagenten.com\/fi\/wp-json\/wp\/v2\/types\/product"}],"replies":[{"embeddable":true,"href":"https:\/\/stylingagenten.com\/fi\/wp-json\/wp\/v2\/comments?post=126624"}],"version-history":[{"count":0,"href":"https:\/\/stylingagenten.com\/fi\/wp-json\/wp\/v2\/product\/126624\/revisions"}],"wp:featuredmedia":[{"embeddable":true,"href":"https:\/\/stylingagenten.com\/fi\/wp-json\/wp\/v2\/media\/126618"}],"wp:attachment":[{"href":"https:\/\/stylingagenten.com\/fi\/wp-json\/wp\/v2\/media?parent=126624"}],"wp:term":[{"taxonomy":"product_brand","embeddable":true,"href":"https:\/\/stylingagenten.com\/fi\/wp-json\/wp\/v2\/product_brand?post=126624"},{"taxonomy":"product_cat","embeddable":true,"href":"https:\/\/stylingagenten.com\/fi\/wp-json\/wp\/v2\/product_cat?post=126624"},{"taxonomy":"product_tag","embeddable":true,"href":"https:\/\/stylingagenten.com\/fi\/wp-json\/wp\/v2\/product_tag?post=126624"},{"taxonomy":"berocket_brand","embeddable":true,"href":"https:\/\/stylingagenten.com\/fi\/wp-json\/wp\/v2\/berocket_brand?post=126624"}],"curies":[{"name":"wp","href":"https:\/\/api.w.org\/{rel}","templated":true}]}}