{"id":126573,"date":"2025-05-18T22:05:36","date_gmt":"2025-05-18T22:05:36","guid":{"rendered":"https:\/\/staging2.stylingagenten.com\/fi\/produkt\/revlon-style-masters-creator-memory-spray-150ml\/"},"modified":"2026-04-12T20:18:36","modified_gmt":"2026-04-12T20:18:36","slug":"revlon-style-masters-creator-memory-spray-150ml","status":"publish","type":"product","link":"https:\/\/stylingagenten.com\/fi\/tuote\/revlon-style-masters-creator-memory-spray-150ml\/","title":{"rendered":"Revlon Style Masters Creator Memory Spray 150ml"},"content":{"rendered":"<p>Style Masters Memory Spray 1 on Revlonin hiuslakka, joka on kehitetty muistiefektill\u00e4, jotta voit muotoilla hiuksesi uudelleen p\u00e4iv\u00e4n aikana. Hiuslakka lis\u00e4\u00e4 volyymia ja rakennetta joustavalla pitolla. Revlon Style Masters Memory Spray 1:ll\u00e4 on kevyt koostumus, joka antaa luonnollisen lopputuloksen eik\u00e4 j\u00e4t\u00e4 n\u00e4kyvi\u00e4 j\u00e4lki\u00e4 hiuksiin.<\/p>\n","protected":false},"excerpt":{"rendered":"<p>Style Masters Memory Spray 1 on Revlonin hiuslakka, joka on kehitetty muistiefektill\u00e4, jotta voit muotoilla hiuksesi uudelleen p\u00e4iv\u00e4n aikana. Hiuslakka lis\u00e4\u00e4 volyymia ja rakennetta joustavalla pitolla. Revlon Style Masters Memory Spray 1:ll\u00e4 on kevyt koostumus, joka antaa luonnollisen lopputuloksen eik\u00e4 j\u00e4t\u00e4 n\u00e4kyvi\u00e4 j\u00e4lki\u00e4 hiuksiin.<\/p>\n","protected":false},"featured_media":126560,"comment_status":"open","ping_status":"closed","template":"","meta":{"_trash_the_other_posts":false},"product_brand":[],"product_cat":[576],"product_tag":[],"berocket_brand":[1040],"class_list":{"0":"post-126573","1":"product","2":"type-product","3":"status-publish","4":"has-post-thumbnail","6":"product_cat-hiuslakka","7":"pa_brand-revlon","8":"berocket_brand-revlon","10":"first","11":"outofstock","12":"sale","13":"taxable","14":"shipping-taxable","15":"purchasable","16":"product-type-simple"},"_links":{"self":[{"href":"https:\/\/stylingagenten.com\/fi\/wp-json\/wp\/v2\/product\/126573","targetHints":{"allow":["GET"]}}],"collection":[{"href":"https:\/\/stylingagenten.com\/fi\/wp-json\/wp\/v2\/product"}],"about":[{"href":"https:\/\/stylingagenten.com\/fi\/wp-json\/wp\/v2\/types\/product"}],"replies":[{"embeddable":true,"href":"https:\/\/stylingagenten.com\/fi\/wp-json\/wp\/v2\/comments?post=126573"}],"version-history":[{"count":0,"href":"https:\/\/stylingagenten.com\/fi\/wp-json\/wp\/v2\/product\/126573\/revisions"}],"wp:featuredmedia":[{"embeddable":true,"href":"https:\/\/stylingagenten.com\/fi\/wp-json\/wp\/v2\/media\/126560"}],"wp:attachment":[{"href":"https:\/\/stylingagenten.com\/fi\/wp-json\/wp\/v2\/media?parent=126573"}],"wp:term":[{"taxonomy":"product_brand","embeddable":true,"href":"https:\/\/stylingagenten.com\/fi\/wp-json\/wp\/v2\/product_brand?post=126573"},{"taxonomy":"product_cat","embeddable":true,"href":"https:\/\/stylingagenten.com\/fi\/wp-json\/wp\/v2\/product_cat?post=126573"},{"taxonomy":"product_tag","embeddable":true,"href":"https:\/\/stylingagenten.com\/fi\/wp-json\/wp\/v2\/product_tag?post=126573"},{"taxonomy":"berocket_brand","embeddable":true,"href":"https:\/\/stylingagenten.com\/fi\/wp-json\/wp\/v2\/berocket_brand?post=126573"}],"curies":[{"name":"wp","href":"https:\/\/api.w.org\/{rel}","templated":true}]}}