{"id":126557,"date":"2025-05-18T22:05:35","date_gmt":"2025-05-18T22:05:35","guid":{"rendered":"https:\/\/staging2.stylingagenten.com\/fi\/produkt\/balmain-texturizing-volume-spray-200ml\/"},"modified":"2025-11-19T12:23:46","modified_gmt":"2025-11-19T12:23:46","slug":"balmain-texturizing-volume-spray-200ml","status":"publish","type":"product","link":"https:\/\/stylingagenten.com\/fi\/tuote\/balmain-texturizing-volume-spray-200ml\/","title":{"rendered":"Balmain Texturizing Volume Spray 200ml"},"content":{"rendered":"<p>Texture Volume Spray on monipuolinen suihke, joka tarjoaa v\u00e4litt\u00f6m\u00e4n juuren kohoamisen vahvalla pitolla \u00e4\u00e4rimm\u00e4isen volyymin saavuttamiseksi. Tuote lis\u00e4\u00e4 hiuksiin pitk\u00e4kestoista volyymia, tarkkuutta ja rakennetta muutamassa minuutissa. Se antaa hiuksille uutta el\u00e4m\u00e4\u00e4 ja tulokset n\u00e4kyv\u00e4t v\u00e4litt\u00f6m\u00e4sti. Salainen ase lis\u00e4\u00e4 \u00e4\u00e4nenvoimakkuutta!<\/p>\n","protected":false},"excerpt":{"rendered":"<p>Texture Volume Spray on monipuolinen suihke, joka tarjoaa v\u00e4litt\u00f6m\u00e4n juuren kohoamisen vahvalla pitolla \u00e4\u00e4rimm\u00e4isen volyymin saavuttamiseksi. Tuote lis\u00e4\u00e4 hiuksiin pitk\u00e4kestoista volyymia, tarkkuutta ja rakennetta muutamassa minuutissa. Se antaa hiuksille uutta el\u00e4m\u00e4\u00e4 ja tulokset n\u00e4kyv\u00e4t v\u00e4litt\u00f6m\u00e4sti. Salainen ase lis\u00e4\u00e4 \u00e4\u00e4nenvoimakkuutta!<\/p>\n","protected":false},"featured_media":126554,"comment_status":"open","ping_status":"closed","template":"","meta":{"_trash_the_other_posts":false},"product_brand":[],"product_cat":[576],"product_tag":[2463],"berocket_brand":[1144],"class_list":{"0":"post-126557","1":"product","2":"type-product","3":"status-publish","4":"has-post-thumbnail","6":"product_cat-hiuslakka","7":"product_tag-balmain-texturizing-volume-spray","8":"pa_brand-balmain","9":"pa_variantti-200ml","10":"berocket_brand-balmain","12":"first","13":"instock","14":"sale","15":"taxable","16":"shipping-taxable","17":"purchasable","18":"product-type-simple"},"_links":{"self":[{"href":"https:\/\/stylingagenten.com\/fi\/wp-json\/wp\/v2\/product\/126557","targetHints":{"allow":["GET"]}}],"collection":[{"href":"https:\/\/stylingagenten.com\/fi\/wp-json\/wp\/v2\/product"}],"about":[{"href":"https:\/\/stylingagenten.com\/fi\/wp-json\/wp\/v2\/types\/product"}],"replies":[{"embeddable":true,"href":"https:\/\/stylingagenten.com\/fi\/wp-json\/wp\/v2\/comments?post=126557"}],"version-history":[{"count":0,"href":"https:\/\/stylingagenten.com\/fi\/wp-json\/wp\/v2\/product\/126557\/revisions"}],"wp:featuredmedia":[{"embeddable":true,"href":"https:\/\/stylingagenten.com\/fi\/wp-json\/wp\/v2\/media\/126554"}],"wp:attachment":[{"href":"https:\/\/stylingagenten.com\/fi\/wp-json\/wp\/v2\/media?parent=126557"}],"wp:term":[{"taxonomy":"product_brand","embeddable":true,"href":"https:\/\/stylingagenten.com\/fi\/wp-json\/wp\/v2\/product_brand?post=126557"},{"taxonomy":"product_cat","embeddable":true,"href":"https:\/\/stylingagenten.com\/fi\/wp-json\/wp\/v2\/product_cat?post=126557"},{"taxonomy":"product_tag","embeddable":true,"href":"https:\/\/stylingagenten.com\/fi\/wp-json\/wp\/v2\/product_tag?post=126557"},{"taxonomy":"berocket_brand","embeddable":true,"href":"https:\/\/stylingagenten.com\/fi\/wp-json\/wp\/v2\/berocket_brand?post=126557"}],"curies":[{"name":"wp","href":"https:\/\/api.w.org\/{rel}","templated":true}]}}