{"id":126550,"date":"2025-05-18T22:05:33","date_gmt":"2025-05-18T22:05:33","guid":{"rendered":"https:\/\/staging2.stylingagenten.com\/fi\/produkt\/schwarzkopf-osis-freeze-300ml\/"},"modified":"2026-04-07T15:25:37","modified_gmt":"2026-04-07T15:25:37","slug":"schwarzkopf-osis-freeze-300ml","status":"publish","type":"product","link":"https:\/\/stylingagenten.com\/fi\/tuote\/schwarzkopf-osis-freeze-300ml\/","title":{"rendered":"Schwarzkopf Osis Freeze 300ml"},"content":{"rendered":"<p>Schwarzkopf Osis Freeze 300 ml<br \/>OSiS Freeze on vegaaninen hiuslakka, jossa on vahva<br \/>pito, joka sopii t\u00e4ydellisesti kest\u00e4vien hiustyylien luomiseen<br \/>ja suojaa muotoiluty\u00f6kalujen aiheuttamilta l\u00e4mp\u00f6vaurioilta 230\u00b0C asti.<\/p>\n","protected":false},"excerpt":{"rendered":"<p>Schwarzkopf Osis Freeze 300 mlOSiS Freeze on vegaaninen hiuslakka, jossa on vahvapito, joka sopii t\u00e4ydellisesti kest\u00e4vien hiustyylien luomiseenja suojaa muotoiluty\u00f6kalujen aiheuttamilta l\u00e4mp\u00f6vaurioilta 230\u00b0C asti.<\/p>\n","protected":false},"featured_media":126549,"comment_status":"open","ping_status":"closed","template":"","meta":{"_trash_the_other_posts":false},"product_brand":[],"product_cat":[576],"product_tag":[3980],"berocket_brand":[1060],"class_list":{"0":"post-126550","1":"product","2":"type-product","3":"status-publish","4":"has-post-thumbnail","6":"product_cat-hiuslakka","7":"product_tag-schwarzkopf-osis-freeze","8":"pa_brand-schwarzkopf","9":"pa_variantti-300ml","10":"berocket_brand-schwarzkopf","12":"first","13":"instock","14":"sale","15":"taxable","16":"shipping-taxable","17":"purchasable","18":"product-type-simple"},"_links":{"self":[{"href":"https:\/\/stylingagenten.com\/fi\/wp-json\/wp\/v2\/product\/126550","targetHints":{"allow":["GET"]}}],"collection":[{"href":"https:\/\/stylingagenten.com\/fi\/wp-json\/wp\/v2\/product"}],"about":[{"href":"https:\/\/stylingagenten.com\/fi\/wp-json\/wp\/v2\/types\/product"}],"replies":[{"embeddable":true,"href":"https:\/\/stylingagenten.com\/fi\/wp-json\/wp\/v2\/comments?post=126550"}],"version-history":[{"count":0,"href":"https:\/\/stylingagenten.com\/fi\/wp-json\/wp\/v2\/product\/126550\/revisions"}],"wp:featuredmedia":[{"embeddable":true,"href":"https:\/\/stylingagenten.com\/fi\/wp-json\/wp\/v2\/media\/126549"}],"wp:attachment":[{"href":"https:\/\/stylingagenten.com\/fi\/wp-json\/wp\/v2\/media?parent=126550"}],"wp:term":[{"taxonomy":"product_brand","embeddable":true,"href":"https:\/\/stylingagenten.com\/fi\/wp-json\/wp\/v2\/product_brand?post=126550"},{"taxonomy":"product_cat","embeddable":true,"href":"https:\/\/stylingagenten.com\/fi\/wp-json\/wp\/v2\/product_cat?post=126550"},{"taxonomy":"product_tag","embeddable":true,"href":"https:\/\/stylingagenten.com\/fi\/wp-json\/wp\/v2\/product_tag?post=126550"},{"taxonomy":"berocket_brand","embeddable":true,"href":"https:\/\/stylingagenten.com\/fi\/wp-json\/wp\/v2\/berocket_brand?post=126550"}],"curies":[{"name":"wp","href":"https:\/\/api.w.org\/{rel}","templated":true}]}}