{"id":126541,"date":"2025-05-18T22:05:31","date_gmt":"2025-05-18T22:05:31","guid":{"rendered":"https:\/\/staging2.stylingagenten.com\/fi\/produkt\/schwarzkopf-osis-hairbody-200ml\/"},"modified":"2026-03-25T08:02:45","modified_gmt":"2026-03-25T08:02:45","slug":"schwarzkopf-osis-hairbody-200ml","status":"publish","type":"product","link":"https:\/\/stylingagenten.com\/fi\/tuote\/schwarzkopf-osis-hairbody-200ml\/","title":{"rendered":"Schwarzkopf Osis Hairbody 200ml"},"content":{"rendered":"<p>Schwarzkopf Osis Hairbody 200 ml<br \/>Anna vaurioituneille hiuksille luonnollista volyymia ja liikett\u00e4 t\u00e4ll\u00e4 kevyell\u00e4, vegaanisella volyymia lis\u00e4\u00e4v\u00e4ll\u00e4 suihkeella. OSiS Hairbody luo ilmavaa volyymia olematta j\u00e4ykk\u00e4 ja tahmea. Se j\u00e4tt\u00e4\u00e4 luonnollisen kauniin ja terveen tunteen hiuksiin. Suojaa kuumuudelta 230\u00b0C asti k\u00e4ytett\u00e4ess\u00e4 kuumia muotoiluty\u00f6kaluja.<\/p>\n","protected":false},"excerpt":{"rendered":"<p>Schwarzkopf Osis Hairbody 200 mlAnna vaurioituneille hiuksille luonnollista volyymia ja liikett\u00e4 t\u00e4ll\u00e4 kevyell\u00e4, vegaanisella volyymia lis\u00e4\u00e4v\u00e4ll\u00e4 suihkeella. OSiS Hairbody luo ilmavaa volyymia olematta j\u00e4ykk\u00e4 ja tahmea. Se j\u00e4tt\u00e4\u00e4 luonnollisen kauniin ja terveen tunteen hiuksiin. Suojaa kuumuudelta 230\u00b0C asti k\u00e4ytett\u00e4ess\u00e4 kuumia muotoiluty\u00f6kaluja.<\/p>\n","protected":false},"featured_media":126539,"comment_status":"open","ping_status":"closed","template":"","meta":{"_trash_the_other_posts":false},"product_brand":[],"product_cat":[546],"product_tag":[],"berocket_brand":[1060],"class_list":{"0":"post-126541","1":"product","2":"type-product","3":"status-publish","4":"has-post-thumbnail","6":"product_cat-harstyling","7":"pa_brand-schwarzkopf","8":"berocket_brand-schwarzkopf","10":"first","11":"instock","12":"sale","13":"taxable","14":"shipping-taxable","15":"purchasable","16":"product-type-simple"},"_links":{"self":[{"href":"https:\/\/stylingagenten.com\/fi\/wp-json\/wp\/v2\/product\/126541","targetHints":{"allow":["GET"]}}],"collection":[{"href":"https:\/\/stylingagenten.com\/fi\/wp-json\/wp\/v2\/product"}],"about":[{"href":"https:\/\/stylingagenten.com\/fi\/wp-json\/wp\/v2\/types\/product"}],"replies":[{"embeddable":true,"href":"https:\/\/stylingagenten.com\/fi\/wp-json\/wp\/v2\/comments?post=126541"}],"version-history":[{"count":0,"href":"https:\/\/stylingagenten.com\/fi\/wp-json\/wp\/v2\/product\/126541\/revisions"}],"wp:featuredmedia":[{"embeddable":true,"href":"https:\/\/stylingagenten.com\/fi\/wp-json\/wp\/v2\/media\/126539"}],"wp:attachment":[{"href":"https:\/\/stylingagenten.com\/fi\/wp-json\/wp\/v2\/media?parent=126541"}],"wp:term":[{"taxonomy":"product_brand","embeddable":true,"href":"https:\/\/stylingagenten.com\/fi\/wp-json\/wp\/v2\/product_brand?post=126541"},{"taxonomy":"product_cat","embeddable":true,"href":"https:\/\/stylingagenten.com\/fi\/wp-json\/wp\/v2\/product_cat?post=126541"},{"taxonomy":"product_tag","embeddable":true,"href":"https:\/\/stylingagenten.com\/fi\/wp-json\/wp\/v2\/product_tag?post=126541"},{"taxonomy":"berocket_brand","embeddable":true,"href":"https:\/\/stylingagenten.com\/fi\/wp-json\/wp\/v2\/berocket_brand?post=126541"}],"curies":[{"name":"wp","href":"https:\/\/api.w.org\/{rel}","templated":true}]}}