{"id":126537,"date":"2025-05-18T22:05:31","date_gmt":"2025-05-18T22:05:31","guid":{"rendered":"https:\/\/staging2.stylingagenten.com\/fi\/produkt\/schwarzkopf-osis-freeze-pump-200ml\/"},"modified":"2026-03-17T10:27:44","modified_gmt":"2026-03-17T10:27:44","slug":"schwarzkopf-osis-freeze-pump-200ml","status":"publish","type":"product","link":"https:\/\/stylingagenten.com\/fi\/tuote\/schwarzkopf-osis-freeze-pump-200ml\/","title":{"rendered":"Schwarzkopf Osis Freeze Pump 200ml"},"content":{"rendered":"<p>Schwarzkopf Osis Freeze Pump 200 ml<br \/>Lis\u00e4\u00e4 volyymia OSiS Freeze Pumpilla, joka on hienojakoinen ja nopeasti kuivuva vegaaninen hiussumu ilman aerosolia. Se tarjoaa kest\u00e4v\u00e4n pidon, pit\u00e4\u00e4 kiharat paikoillaan ja suojaa l\u00e4mp\u00f6vaurioilta 230\u00b0C asti.<\/p>\n","protected":false},"excerpt":{"rendered":"<p>Schwarzkopf Osis Freeze Pump 200 mlLis\u00e4\u00e4 volyymia OSiS Freeze Pumpilla, joka on hienojakoinen ja nopeasti kuivuva vegaaninen hiussumu ilman aerosolia. Se tarjoaa kest\u00e4v\u00e4n pidon, pit\u00e4\u00e4 kiharat paikoillaan ja suojaa l\u00e4mp\u00f6vaurioilta 230\u00b0C asti.<\/p>\n","protected":false},"featured_media":126535,"comment_status":"open","ping_status":"closed","template":"","meta":{"_trash_the_other_posts":false},"product_brand":[],"product_cat":[576],"product_tag":[],"berocket_brand":[1060],"class_list":{"0":"post-126537","1":"product","2":"type-product","3":"status-publish","4":"has-post-thumbnail","6":"product_cat-hiuslakka","7":"pa_brand-schwarzkopf","8":"berocket_brand-schwarzkopf","10":"first","11":"instock","12":"sale","13":"taxable","14":"shipping-taxable","15":"purchasable","16":"product-type-simple"},"_links":{"self":[{"href":"https:\/\/stylingagenten.com\/fi\/wp-json\/wp\/v2\/product\/126537","targetHints":{"allow":["GET"]}}],"collection":[{"href":"https:\/\/stylingagenten.com\/fi\/wp-json\/wp\/v2\/product"}],"about":[{"href":"https:\/\/stylingagenten.com\/fi\/wp-json\/wp\/v2\/types\/product"}],"replies":[{"embeddable":true,"href":"https:\/\/stylingagenten.com\/fi\/wp-json\/wp\/v2\/comments?post=126537"}],"version-history":[{"count":0,"href":"https:\/\/stylingagenten.com\/fi\/wp-json\/wp\/v2\/product\/126537\/revisions"}],"wp:featuredmedia":[{"embeddable":true,"href":"https:\/\/stylingagenten.com\/fi\/wp-json\/wp\/v2\/media\/126535"}],"wp:attachment":[{"href":"https:\/\/stylingagenten.com\/fi\/wp-json\/wp\/v2\/media?parent=126537"}],"wp:term":[{"taxonomy":"product_brand","embeddable":true,"href":"https:\/\/stylingagenten.com\/fi\/wp-json\/wp\/v2\/product_brand?post=126537"},{"taxonomy":"product_cat","embeddable":true,"href":"https:\/\/stylingagenten.com\/fi\/wp-json\/wp\/v2\/product_cat?post=126537"},{"taxonomy":"product_tag","embeddable":true,"href":"https:\/\/stylingagenten.com\/fi\/wp-json\/wp\/v2\/product_tag?post=126537"},{"taxonomy":"berocket_brand","embeddable":true,"href":"https:\/\/stylingagenten.com\/fi\/wp-json\/wp\/v2\/berocket_brand?post=126537"}],"curies":[{"name":"wp","href":"https:\/\/api.w.org\/{rel}","templated":true}]}}