{"id":126536,"date":"2025-05-18T22:05:30","date_gmt":"2025-05-18T22:05:30","guid":{"rendered":"https:\/\/staging2.stylingagenten.com\/fi\/produkt\/schwarzkopf-osis-session-500ml\/"},"modified":"2026-04-13T07:27:29","modified_gmt":"2026-04-13T07:27:29","slug":"schwarzkopf-osis-session-500ml","status":"publish","type":"product","link":"https:\/\/stylingagenten.com\/fi\/tuote\/schwarzkopf-osis-session-500ml\/","title":{"rendered":"Schwarzkopf Osis Session 500ml"},"content":{"rendered":"<p>Schwarzkopf Osis Session 500ml<br \/>OSiS Session on vegaaninen hiuslakka, jossa on eritt\u00e4in vahva pito ja joka suojaa hiuksia kosteudelta, tuulelta ja l\u00e4mp\u00f6vaurioilta 230\u00b0C asti ja mahdollistaa kest\u00e4vien kampausten tekemisen tinkim\u00e4tt\u00e4. Helppo harjata pois j\u00e4tt\u00e4m\u00e4tt\u00e4 tuotej\u00e4\u00e4mi\u00e4.<\/p>\n","protected":false},"excerpt":{"rendered":"<p>Schwarzkopf Osis Session 500mlOSiS Session on vegaaninen hiuslakka, jossa on eritt\u00e4in vahva pito ja joka suojaa hiuksia kosteudelta, tuulelta ja l\u00e4mp\u00f6vaurioilta 230\u00b0C asti ja mahdollistaa kest\u00e4vien kampausten tekemisen tinkim\u00e4tt\u00e4. Helppo harjata pois j\u00e4tt\u00e4m\u00e4tt\u00e4 tuotej\u00e4\u00e4mi\u00e4.<\/p>\n","protected":false},"featured_media":126528,"comment_status":"open","ping_status":"closed","template":"","meta":{"_trash_the_other_posts":false},"product_brand":[],"product_cat":[576,1003],"product_tag":[3981],"berocket_brand":[1060],"class_list":{"0":"post-126536","1":"product","2":"type-product","3":"status-publish","4":"has-post-thumbnail","6":"product_cat-hiuslakka","7":"product_cat-myydyimmat","8":"product_tag-schwarzkopf-osis-session","9":"pa_brand-schwarzkopf","10":"pa_variantti-500ml","11":"berocket_brand-schwarzkopf","13":"first","14":"instock","15":"sale","16":"taxable","17":"shipping-taxable","18":"purchasable","19":"product-type-simple"},"_links":{"self":[{"href":"https:\/\/stylingagenten.com\/fi\/wp-json\/wp\/v2\/product\/126536","targetHints":{"allow":["GET"]}}],"collection":[{"href":"https:\/\/stylingagenten.com\/fi\/wp-json\/wp\/v2\/product"}],"about":[{"href":"https:\/\/stylingagenten.com\/fi\/wp-json\/wp\/v2\/types\/product"}],"replies":[{"embeddable":true,"href":"https:\/\/stylingagenten.com\/fi\/wp-json\/wp\/v2\/comments?post=126536"}],"version-history":[{"count":0,"href":"https:\/\/stylingagenten.com\/fi\/wp-json\/wp\/v2\/product\/126536\/revisions"}],"wp:featuredmedia":[{"embeddable":true,"href":"https:\/\/stylingagenten.com\/fi\/wp-json\/wp\/v2\/media\/126528"}],"wp:attachment":[{"href":"https:\/\/stylingagenten.com\/fi\/wp-json\/wp\/v2\/media?parent=126536"}],"wp:term":[{"taxonomy":"product_brand","embeddable":true,"href":"https:\/\/stylingagenten.com\/fi\/wp-json\/wp\/v2\/product_brand?post=126536"},{"taxonomy":"product_cat","embeddable":true,"href":"https:\/\/stylingagenten.com\/fi\/wp-json\/wp\/v2\/product_cat?post=126536"},{"taxonomy":"product_tag","embeddable":true,"href":"https:\/\/stylingagenten.com\/fi\/wp-json\/wp\/v2\/product_tag?post=126536"},{"taxonomy":"berocket_brand","embeddable":true,"href":"https:\/\/stylingagenten.com\/fi\/wp-json\/wp\/v2\/berocket_brand?post=126536"}],"curies":[{"name":"wp","href":"https:\/\/api.w.org\/{rel}","templated":true}]}}