{"id":126533,"date":"2025-05-18T22:05:30","date_gmt":"2025-05-18T22:05:30","guid":{"rendered":"https:\/\/staging2.stylingagenten.com\/fi\/produkt\/schwarzkopf-osis-session-300ml\/"},"modified":"2026-03-29T17:58:45","modified_gmt":"2026-03-29T17:58:45","slug":"schwarzkopf-osis-session-300ml","status":"publish","type":"product","link":"https:\/\/stylingagenten.com\/fi\/tuote\/schwarzkopf-osis-session-300ml\/","title":{"rendered":"Schwarzkopf Osis Session 300ml"},"content":{"rendered":"<p>Schwarzkopf Osis Session 300 ml<br \/>OSiS Session on vegaaninen hiuslakka, jossa on eritt\u00e4in vahva pito ja joka suojaa hiuksia kosteudelta, tuulelta ja l\u00e4mp\u00f6vaurioilta 230\u00b0C asti ja mahdollistaa kest\u00e4vien kampausten tekemisen tinkim\u00e4tt\u00e4. Helppo harjata pois j\u00e4tt\u00e4m\u00e4tt\u00e4 tuotej\u00e4\u00e4mi\u00e4.<\/p>\n","protected":false},"excerpt":{"rendered":"<p>Schwarzkopf Osis Session 300 mlOSiS Session on vegaaninen hiuslakka, jossa on eritt\u00e4in vahva pito ja joka suojaa hiuksia kosteudelta, tuulelta ja l\u00e4mp\u00f6vaurioilta 230\u00b0C asti ja mahdollistaa kest\u00e4vien kampausten tekemisen tinkim\u00e4tt\u00e4. Helppo harjata pois j\u00e4tt\u00e4m\u00e4tt\u00e4 tuotej\u00e4\u00e4mi\u00e4.<\/p>\n","protected":false},"featured_media":126527,"comment_status":"open","ping_status":"closed","template":"","meta":{"_trash_the_other_posts":false},"product_brand":[],"product_cat":[576,1003],"product_tag":[3981],"berocket_brand":[1060],"class_list":{"0":"post-126533","1":"product","2":"type-product","3":"status-publish","4":"has-post-thumbnail","6":"product_cat-hiuslakka","7":"product_cat-myydyimmat","8":"product_tag-schwarzkopf-osis-session","9":"pa_brand-schwarzkopf","10":"pa_variantti-300ml","11":"berocket_brand-schwarzkopf","13":"first","14":"instock","15":"sale","16":"taxable","17":"shipping-taxable","18":"purchasable","19":"product-type-simple"},"_links":{"self":[{"href":"https:\/\/stylingagenten.com\/fi\/wp-json\/wp\/v2\/product\/126533","targetHints":{"allow":["GET"]}}],"collection":[{"href":"https:\/\/stylingagenten.com\/fi\/wp-json\/wp\/v2\/product"}],"about":[{"href":"https:\/\/stylingagenten.com\/fi\/wp-json\/wp\/v2\/types\/product"}],"replies":[{"embeddable":true,"href":"https:\/\/stylingagenten.com\/fi\/wp-json\/wp\/v2\/comments?post=126533"}],"version-history":[{"count":0,"href":"https:\/\/stylingagenten.com\/fi\/wp-json\/wp\/v2\/product\/126533\/revisions"}],"wp:featuredmedia":[{"embeddable":true,"href":"https:\/\/stylingagenten.com\/fi\/wp-json\/wp\/v2\/media\/126527"}],"wp:attachment":[{"href":"https:\/\/stylingagenten.com\/fi\/wp-json\/wp\/v2\/media?parent=126533"}],"wp:term":[{"taxonomy":"product_brand","embeddable":true,"href":"https:\/\/stylingagenten.com\/fi\/wp-json\/wp\/v2\/product_brand?post=126533"},{"taxonomy":"product_cat","embeddable":true,"href":"https:\/\/stylingagenten.com\/fi\/wp-json\/wp\/v2\/product_cat?post=126533"},{"taxonomy":"product_tag","embeddable":true,"href":"https:\/\/stylingagenten.com\/fi\/wp-json\/wp\/v2\/product_tag?post=126533"},{"taxonomy":"berocket_brand","embeddable":true,"href":"https:\/\/stylingagenten.com\/fi\/wp-json\/wp\/v2\/berocket_brand?post=126533"}],"curies":[{"name":"wp","href":"https:\/\/api.w.org\/{rel}","templated":true}]}}