{"id":126524,"date":"2025-05-18T22:05:29","date_gmt":"2025-05-18T22:05:29","guid":{"rendered":"https:\/\/staging2.stylingagenten.com\/fi\/produkt\/fudge-texture-spray-250ml\/"},"modified":"2026-03-11T21:44:08","modified_gmt":"2026-03-11T21:44:08","slug":"fudge-texture-spray-250ml","status":"publish","type":"product","link":"https:\/\/stylingagenten.com\/fi\/tuote\/fudge-texture-spray-250ml\/","title":{"rendered":"Fudge Texture Spray 250ml"},"content":{"rendered":"<p>T\u00e4m\u00e4 ultrahieno hiuslakka on ihanteellinen massiivisen volyymin luomiseen ja luonnollisen, p\u00f6rr\u00f6isen tyylin luomiseen. Tekee hiuksista ihanan tuoksuvia, joustavaa joustavuutta ja kosteutta rasittamatta hiuksia. Pit\u00e4\u00e4 kampauksen paikoillaan useita tunteja.<\/p>\n","protected":false},"excerpt":{"rendered":"<p>T\u00e4m\u00e4 ultrahieno hiuslakka on ihanteellinen massiivisen volyymin luomiseen ja luonnollisen, p\u00f6rr\u00f6isen tyylin luomiseen. Tekee hiuksista ihanan tuoksuvia, joustavaa joustavuutta ja kosteutta rasittamatta hiuksia. Pit\u00e4\u00e4 kampauksen paikoillaan useita tunteja.<\/p>\n","protected":false},"featured_media":126515,"comment_status":"open","ping_status":"closed","template":"","meta":{"_trash_the_other_posts":false},"product_brand":[],"product_cat":[576],"product_tag":[],"berocket_brand":[1319],"class_list":{"0":"post-126524","1":"product","2":"type-product","3":"status-publish","4":"has-post-thumbnail","6":"product_cat-hiuslakka","7":"pa_brand-fudge","8":"berocket_brand-fudge","10":"first","11":"instock","12":"sale","13":"taxable","14":"shipping-taxable","15":"purchasable","16":"product-type-simple"},"_links":{"self":[{"href":"https:\/\/stylingagenten.com\/fi\/wp-json\/wp\/v2\/product\/126524","targetHints":{"allow":["GET"]}}],"collection":[{"href":"https:\/\/stylingagenten.com\/fi\/wp-json\/wp\/v2\/product"}],"about":[{"href":"https:\/\/stylingagenten.com\/fi\/wp-json\/wp\/v2\/types\/product"}],"replies":[{"embeddable":true,"href":"https:\/\/stylingagenten.com\/fi\/wp-json\/wp\/v2\/comments?post=126524"}],"version-history":[{"count":0,"href":"https:\/\/stylingagenten.com\/fi\/wp-json\/wp\/v2\/product\/126524\/revisions"}],"wp:featuredmedia":[{"embeddable":true,"href":"https:\/\/stylingagenten.com\/fi\/wp-json\/wp\/v2\/media\/126515"}],"wp:attachment":[{"href":"https:\/\/stylingagenten.com\/fi\/wp-json\/wp\/v2\/media?parent=126524"}],"wp:term":[{"taxonomy":"product_brand","embeddable":true,"href":"https:\/\/stylingagenten.com\/fi\/wp-json\/wp\/v2\/product_brand?post=126524"},{"taxonomy":"product_cat","embeddable":true,"href":"https:\/\/stylingagenten.com\/fi\/wp-json\/wp\/v2\/product_cat?post=126524"},{"taxonomy":"product_tag","embeddable":true,"href":"https:\/\/stylingagenten.com\/fi\/wp-json\/wp\/v2\/product_tag?post=126524"},{"taxonomy":"berocket_brand","embeddable":true,"href":"https:\/\/stylingagenten.com\/fi\/wp-json\/wp\/v2\/berocket_brand?post=126524"}],"curies":[{"name":"wp","href":"https:\/\/api.w.org\/{rel}","templated":true}]}}